{"id":6037,"date":"2025-02-26T18:05:34","date_gmt":"2025-02-26T17:05:34","guid":{"rendered":"https:\/\/maabmakeup.es\/?post_type=product&#038;p=6037"},"modified":"2025-08-08T17:16:31","modified_gmt":"2025-08-08T15:16:31","slug":"hypo-spray-bronceador-e-iluminador-hipoalergenico-sun-bronze","status":"publish","type":"product","link":"https:\/\/maabmakeup.com\/inicio-2\/tienda\/maquillaje\/hypo-spray-bronceador-e-iluminador-hipoalergenico-sun-bronze\/","title":{"rendered":"HYPO Spray bronceador e iluminador hipoalerg\u00e9nico Sun Bronze"},"content":{"rendered":"<p>El spray bronceador corporal proporciona un efecto de hidrataci\u00f3n y bronceado en la piel, sea cual sea la estaci\u00f3n del a\u00f1o. Tiene un tono bronceado natural sin matices anaranjados.<br \/>\nLa f\u00f3rmula vegana, gracias a los pigmentos perlados que contiene la composici\u00f3n, ilumina perfectamente la piel y le da un aspecto impecable.<\/p>\n<p>El spray permite una aplicaci\u00f3n pr\u00e1ctica y f\u00e1cil, sin rayas ni manchas, y su textura extremadamente ligera y no grasa se absorbe r\u00e1pidamente y deja una sensaci\u00f3n de confort. El cosm\u00e9tico no contiene fragancias artificiales para el bronceado.<\/p>\n<p>La f\u00f3rmula contiene extracto de granada, que tiene propiedades antioxidantes y refuerza la barrera protectora de la piel, protegi\u00e9ndola de los efectos nocivos de los factores externos.<\/p>\n<p>El producto es apto para veganos con una formulaci\u00f3n desarrollada en l\u00ednea con la tendencia Clean Beauty.<\/p>\n<p>Certificado por PETA.<\/p>\n<p>Contiene un 98% de ingredientes de origen natural.<\/p>\n<p>No contiene micropl\u00e1sticos.<\/p>\n<p>Probado bajo la supervisi\u00f3n de un dermat\u00f3logo.<\/p>\n<p>Modo de empleo: pulverizar sobre el escote y los hombros, a continuaci\u00f3n extender el producto con movimientos circulares.<\/p>\n","protected":false},"excerpt":{"rendered":"<p>El spray bronceador corporal proporciona un efecto de hidrataci\u00f3n y bronceado en la piel, sea cual sea la estaci\u00f3n del<\/p>\n","protected":false},"featured_media":6038,"comment_status":"open","ping_status":"closed","template":"","meta":[],"product_brand":[218],"product_cat":[179],"product_tag":[],"class_list":{"0":"post-6037","1":"product","2":"type-product","3":"status-publish","4":"has-post-thumbnail","6":"product_brand-bell","7":"product_cat-maquillaje","9":"first","10":"instock","11":"purchasable","12":"product-type-simple"},"_links":{"self":[{"href":"https:\/\/maabmakeup.com\/inicio-2\/wp-json\/wp\/v2\/product\/6037","targetHints":{"allow":["GET"]}}],"collection":[{"href":"https:\/\/maabmakeup.com\/inicio-2\/wp-json\/wp\/v2\/product"}],"about":[{"href":"https:\/\/maabmakeup.com\/inicio-2\/wp-json\/wp\/v2\/types\/product"}],"replies":[{"embeddable":true,"href":"https:\/\/maabmakeup.com\/inicio-2\/wp-json\/wp\/v2\/comments?post=6037"}],"wp:featuredmedia":[{"embeddable":true,"href":"https:\/\/maabmakeup.com\/inicio-2\/wp-json\/wp\/v2\/media\/6038"}],"wp:attachment":[{"href":"https:\/\/maabmakeup.com\/inicio-2\/wp-json\/wp\/v2\/media?parent=6037"}],"wp:term":[{"taxonomy":"product_brand","embeddable":true,"href":"https:\/\/maabmakeup.com\/inicio-2\/wp-json\/wp\/v2\/product_brand?post=6037"},{"taxonomy":"product_cat","embeddable":true,"href":"https:\/\/maabmakeup.com\/inicio-2\/wp-json\/wp\/v2\/product_cat?post=6037"},{"taxonomy":"product_tag","embeddable":true,"href":"https:\/\/maabmakeup.com\/inicio-2\/wp-json\/wp\/v2\/product_tag?post=6037"}],"curies":[{"name":"wp","href":"https:\/\/api.w.org\/{rel}","templated":true}]}}