{"id":6043,"date":"2025-02-26T18:47:49","date_gmt":"2025-02-26T17:47:49","guid":{"rendered":"https:\/\/maabmakeup.es\/?post_type=product&#038;p=6043"},"modified":"2025-10-23T10:00:38","modified_gmt":"2025-10-23T08:00:38","slug":"agua-micelar-calmante-para-rostro-y-ojos","status":"publish","type":"product","link":"https:\/\/maabmakeup.com\/inicio-2\/tienda\/facial\/agua-micelar-calmante-para-rostro-y-ojos\/","title":{"rendered":"Agua micelar Calmante para rostro y ojos"},"content":{"rendered":"<p>Agua micelar calmante para rostro y ojos, apta para todo tipo de pieles y para pieles sensibles.<\/p>\n<p>Con una suave formulaci\u00f3n, elimina eficazmente el maquillaje, limpia la piel de impurezas y polvo nocivo de la poluci\u00f3n del medio ambiente.<br \/>\nCon una sola aplicaci\u00f3n se limpia un 85% de las impurezas de la piel.<\/p>\n<p>Su formulaci\u00f3n es tan suave que no requiere aclarado.<\/p>\n<p>Sin fragancias ni colorantes, es adecuada para pesta\u00f1as debilitadas.<\/p>\n<p>Contiene un 95% de ingredientes de origen natural.<br \/>\nEnriquecida con un complejo de trehalosa-polisac\u00e1rido y provitamina B5.<\/p>\n<p>Refresca y prepara la piel para tratamientos cosm\u00e9ticos posteriores.<\/p>\n<p>MODO DE EMPLEO: Aplicar una peque\u00f1a cantidad de agua micelar en un disco de algod\u00f3n. Limpiar suavemente rostro, ojos cerrados y labios. Repetir si es necesario. Utilizar ma\u00f1ana y tarde. Mantener a temperatura ambiente.<\/p>\n<p>\u00a1Vegan!<\/p>\n","protected":false},"excerpt":{"rendered":"<p>Agua micelar calmante para rostro y ojos, apta para todo tipo de pieles y para pieles sensibles. Con una suave<\/p>\n","protected":false},"featured_media":6044,"comment_status":"open","ping_status":"closed","template":"","meta":[],"product_brand":[217],"product_cat":[184],"product_tag":[],"class_list":{"0":"post-6043","1":"product","2":"type-product","3":"status-publish","4":"has-post-thumbnail","6":"product_brand-ziaja","7":"product_cat-facial","9":"first","10":"instock","11":"purchasable","12":"product-type-simple"},"_links":{"self":[{"href":"https:\/\/maabmakeup.com\/inicio-2\/wp-json\/wp\/v2\/product\/6043","targetHints":{"allow":["GET"]}}],"collection":[{"href":"https:\/\/maabmakeup.com\/inicio-2\/wp-json\/wp\/v2\/product"}],"about":[{"href":"https:\/\/maabmakeup.com\/inicio-2\/wp-json\/wp\/v2\/types\/product"}],"replies":[{"embeddable":true,"href":"https:\/\/maabmakeup.com\/inicio-2\/wp-json\/wp\/v2\/comments?post=6043"}],"wp:featuredmedia":[{"embeddable":true,"href":"https:\/\/maabmakeup.com\/inicio-2\/wp-json\/wp\/v2\/media\/6044"}],"wp:attachment":[{"href":"https:\/\/maabmakeup.com\/inicio-2\/wp-json\/wp\/v2\/media?parent=6043"}],"wp:term":[{"taxonomy":"product_brand","embeddable":true,"href":"https:\/\/maabmakeup.com\/inicio-2\/wp-json\/wp\/v2\/product_brand?post=6043"},{"taxonomy":"product_cat","embeddable":true,"href":"https:\/\/maabmakeup.com\/inicio-2\/wp-json\/wp\/v2\/product_cat?post=6043"},{"taxonomy":"product_tag","embeddable":true,"href":"https:\/\/maabmakeup.com\/inicio-2\/wp-json\/wp\/v2\/product_tag?post=6043"}],"curies":[{"name":"wp","href":"https:\/\/api.w.org\/{rel}","templated":true}]}}