{"id":6057,"date":"2025-02-26T19:16:12","date_gmt":"2025-02-26T18:16:12","guid":{"rendered":"https:\/\/maabmakeup.es\/?post_type=product&#038;p=6057"},"modified":"2025-08-08T17:23:42","modified_gmt":"2025-08-08T15:23:42","slug":"marshmallow-exfoliante-corporal-de-azucar","status":"publish","type":"product","link":"https:\/\/maabmakeup.com\/inicio-2\/tienda\/facial\/marshmallow-exfoliante-corporal-de-azucar\/","title":{"rendered":"MARSHMALLOW Exfoliante corporal de az\u00facar"},"content":{"rendered":"<p>MARSHMALLOW Exfoliante cExfoliante corporal de az\u00facar con incre\u00edble aroma malvavisco, de la l\u00ednea Delicious Skin Care.<\/p>\n<p>Suaviza la piel gracias a los cristales de az\u00facar natural. Reduce la sequedad y la aspereza de la piel.<br \/>\nDeja la piel suave, ligeramente aceitosa pero no untuosa, y no es necesario usar b\u00e1lsamo corporal o manteca corporal hidratante posteriormente.<\/p>\n<p>Contiene manteca de karit\u00e9.<\/p>\n<p>*Producto apto a partir de 6 a\u00f1os.<\/p>\n<p>Modo de empleo: Aplicar sobre la piel h\u00fameda y masajear con movimientos circulares. Enjuagar completamente. Puede ser usado diariamente.orporal de az\u00facar<\/p>\n","protected":false},"excerpt":{"rendered":"<p>MARSHMALLOW Exfoliante cExfoliante corporal de az\u00facar con incre\u00edble aroma malvavisco, de la l\u00ednea Delicious Skin Care. Suaviza la piel gracias<\/p>\n","protected":false},"featured_media":6058,"comment_status":"open","ping_status":"closed","template":"","meta":[],"product_brand":[217],"product_cat":[184],"product_tag":[],"class_list":{"0":"post-6057","1":"product","2":"type-product","3":"status-publish","4":"has-post-thumbnail","6":"product_brand-ziaja","7":"product_cat-facial","9":"first","10":"outofstock","11":"purchasable","12":"product-type-simple"},"_links":{"self":[{"href":"https:\/\/maabmakeup.com\/inicio-2\/wp-json\/wp\/v2\/product\/6057","targetHints":{"allow":["GET"]}}],"collection":[{"href":"https:\/\/maabmakeup.com\/inicio-2\/wp-json\/wp\/v2\/product"}],"about":[{"href":"https:\/\/maabmakeup.com\/inicio-2\/wp-json\/wp\/v2\/types\/product"}],"replies":[{"embeddable":true,"href":"https:\/\/maabmakeup.com\/inicio-2\/wp-json\/wp\/v2\/comments?post=6057"}],"wp:featuredmedia":[{"embeddable":true,"href":"https:\/\/maabmakeup.com\/inicio-2\/wp-json\/wp\/v2\/media\/6058"}],"wp:attachment":[{"href":"https:\/\/maabmakeup.com\/inicio-2\/wp-json\/wp\/v2\/media?parent=6057"}],"wp:term":[{"taxonomy":"product_brand","embeddable":true,"href":"https:\/\/maabmakeup.com\/inicio-2\/wp-json\/wp\/v2\/product_brand?post=6057"},{"taxonomy":"product_cat","embeddable":true,"href":"https:\/\/maabmakeup.com\/inicio-2\/wp-json\/wp\/v2\/product_cat?post=6057"},{"taxonomy":"product_tag","embeddable":true,"href":"https:\/\/maabmakeup.com\/inicio-2\/wp-json\/wp\/v2\/product_tag?post=6057"}],"curies":[{"name":"wp","href":"https:\/\/api.w.org\/{rel}","templated":true}]}}