{"id":6073,"date":"2025-02-27T09:48:08","date_gmt":"2025-02-27T08:48:08","guid":{"rendered":"https:\/\/maabmakeup.es\/?post_type=product&#038;p=6073"},"modified":"2025-08-08T17:21:08","modified_gmt":"2025-08-08T15:21:08","slug":"hypo-base-de-maquillaje-hipoalergenica-matprotect-con-spf25-02","status":"publish","type":"product","link":"https:\/\/maabmakeup.com\/inicio-2\/tienda\/maquillaje\/hypo-base-de-maquillaje-hipoalergenica-matprotect-con-spf25-02\/","title":{"rendered":"HYPO Base de maquillaje hipoalerg\u00e9nica Mat&amp;Protect con SPF25 02"},"content":{"rendered":"<p>Si buscas una piel mate y protegida de los efectos negativos de la radiaci\u00f3n UV, y al mismo tiempo aprecias los ingredientes naturales, \u00a1entonces la nueva base MAT&amp;PROTECT SPF25 es la opci\u00f3n perfecta!<\/p>\n<p>Contiene extractos de algas y minerales marinos que tienen propiedades acondicionadoras a la vez que protegen tu piel de los factores externos nocivos. La pigmentaci\u00f3n perfectamente equilibrada del producto te ayudar\u00e1 a igualar la tez, y la adici\u00f3n de m\u00e1s capas te permitir\u00e1 ajustar gradualmente el nivel de cobertura sin crear un efecto m\u00e1scara.<\/p>\n<p>Su f\u00f3rmula ligera y cremosa proporciona a la piel un aspecto suave y fresco. El producto deja un efecto mate natural durante horas, sin resaltar la textura de la piel.<\/p>\n<p>Disponible en 8 tonos: 01 VANILLA, 02 IVORY, 03 ALMOND, 04 PEACH, 05 BEIGE, 06 CARAMEL, 07 SUNNY, 08 ESPRESSO.<\/p>\n<p>Producto apto para veganos, con una formulaci\u00f3n desarrollada en l\u00ednea con la tendencia Clean Beauty.<\/p>\n<p>Certificado por PETA.<\/p>\n","protected":false},"excerpt":{"rendered":"<p>Si buscas una piel mate y protegida de los efectos negativos de la radiaci\u00f3n UV, y al mismo tiempo aprecias<\/p>\n","protected":false},"featured_media":6074,"comment_status":"open","ping_status":"closed","template":"","meta":[],"product_brand":[218],"product_cat":[179],"product_tag":[],"class_list":{"0":"post-6073","1":"product","2":"type-product","3":"status-publish","4":"has-post-thumbnail","6":"product_brand-bell","7":"product_cat-maquillaje","9":"first","10":"instock","11":"purchasable","12":"product-type-simple"},"_links":{"self":[{"href":"https:\/\/maabmakeup.com\/inicio-2\/wp-json\/wp\/v2\/product\/6073","targetHints":{"allow":["GET"]}}],"collection":[{"href":"https:\/\/maabmakeup.com\/inicio-2\/wp-json\/wp\/v2\/product"}],"about":[{"href":"https:\/\/maabmakeup.com\/inicio-2\/wp-json\/wp\/v2\/types\/product"}],"replies":[{"embeddable":true,"href":"https:\/\/maabmakeup.com\/inicio-2\/wp-json\/wp\/v2\/comments?post=6073"}],"wp:featuredmedia":[{"embeddable":true,"href":"https:\/\/maabmakeup.com\/inicio-2\/wp-json\/wp\/v2\/media\/6074"}],"wp:attachment":[{"href":"https:\/\/maabmakeup.com\/inicio-2\/wp-json\/wp\/v2\/media?parent=6073"}],"wp:term":[{"taxonomy":"product_brand","embeddable":true,"href":"https:\/\/maabmakeup.com\/inicio-2\/wp-json\/wp\/v2\/product_brand?post=6073"},{"taxonomy":"product_cat","embeddable":true,"href":"https:\/\/maabmakeup.com\/inicio-2\/wp-json\/wp\/v2\/product_cat?post=6073"},{"taxonomy":"product_tag","embeddable":true,"href":"https:\/\/maabmakeup.com\/inicio-2\/wp-json\/wp\/v2\/product_tag?post=6073"}],"curies":[{"name":"wp","href":"https:\/\/api.w.org\/{rel}","templated":true}]}}