{"id":6093,"date":"2025-02-27T10:17:17","date_gmt":"2025-02-27T09:17:17","guid":{"rendered":"https:\/\/maabmakeup.es\/?post_type=product&#038;p=6093"},"modified":"2025-08-08T17:33:18","modified_gmt":"2025-08-08T15:33:18","slug":"bb-cream-para-piel-seca-sensible-deshidratada-o-normal-spf-15-tono-claro","status":"publish","type":"product","link":"https:\/\/maabmakeup.com\/inicio-2\/tienda\/maquillaje\/bb-cream-para-piel-seca-sensible-deshidratada-o-normal-spf-15-tono-claro\/","title":{"rendered":"BB cream para piel seca, sensible, deshidratada o normal SPF 15 &#8211; Tono Claro"},"content":{"rendered":"<p>La l\u00ednea para piel normal, seca y\/o sensible, hidrata, regenera, unifica y alisa la piel, adem\u00e1s de calmar las irritaciones gracias a sus ingredientes activos: el \u00e1cido hialur\u00f3nico, la provitamina B5, la vitamina E y la Caesalpinia Spinosa (tara, leguminosa de porte arb\u00f3reo que aporta hidrataci\u00f3n inmediata), los filtros UVA y UVB y los pigmentos minerales estabilizantes.<\/p>\n<p>TONO CLARO<\/p>\n","protected":false},"excerpt":{"rendered":"<p>La l\u00ednea para piel normal, seca y\/o sensible, hidrata, regenera, unifica y alisa la piel, adem\u00e1s de calmar las irritaciones<\/p>\n","protected":false},"featured_media":6094,"comment_status":"open","ping_status":"closed","template":"","meta":[],"product_brand":[217],"product_cat":[179],"product_tag":[],"class_list":{"0":"post-6093","1":"product","2":"type-product","3":"status-publish","4":"has-post-thumbnail","6":"product_brand-ziaja","7":"product_cat-maquillaje","9":"first","10":"instock","11":"purchasable","12":"product-type-simple"},"_links":{"self":[{"href":"https:\/\/maabmakeup.com\/inicio-2\/wp-json\/wp\/v2\/product\/6093","targetHints":{"allow":["GET"]}}],"collection":[{"href":"https:\/\/maabmakeup.com\/inicio-2\/wp-json\/wp\/v2\/product"}],"about":[{"href":"https:\/\/maabmakeup.com\/inicio-2\/wp-json\/wp\/v2\/types\/product"}],"replies":[{"embeddable":true,"href":"https:\/\/maabmakeup.com\/inicio-2\/wp-json\/wp\/v2\/comments?post=6093"}],"wp:featuredmedia":[{"embeddable":true,"href":"https:\/\/maabmakeup.com\/inicio-2\/wp-json\/wp\/v2\/media\/6094"}],"wp:attachment":[{"href":"https:\/\/maabmakeup.com\/inicio-2\/wp-json\/wp\/v2\/media?parent=6093"}],"wp:term":[{"taxonomy":"product_brand","embeddable":true,"href":"https:\/\/maabmakeup.com\/inicio-2\/wp-json\/wp\/v2\/product_brand?post=6093"},{"taxonomy":"product_cat","embeddable":true,"href":"https:\/\/maabmakeup.com\/inicio-2\/wp-json\/wp\/v2\/product_cat?post=6093"},{"taxonomy":"product_tag","embeddable":true,"href":"https:\/\/maabmakeup.com\/inicio-2\/wp-json\/wp\/v2\/product_tag?post=6093"}],"curies":[{"name":"wp","href":"https:\/\/api.w.org\/{rel}","templated":true}]}}