{"id":6095,"date":"2025-02-27T10:19:59","date_gmt":"2025-02-27T09:19:59","guid":{"rendered":"https:\/\/maabmakeup.es\/?post_type=product&#038;p=6095"},"modified":"2025-08-08T17:33:07","modified_gmt":"2025-08-08T15:33:07","slug":"bb-cream-para-piel-grasa-y-mixta-spf-15-tono-natural","status":"publish","type":"product","link":"https:\/\/maabmakeup.com\/inicio-2\/tienda\/maquillaje\/bb-cream-para-piel-grasa-y-mixta-spf-15-tono-natural\/","title":{"rendered":"BB cream para piel grasa y mixta SPF 15 &#8211; Tono Natural"},"content":{"rendered":"<p>La l\u00ednea para pieles mixtas y\/o grasas, hidrata, regenera, deja la piel uniforme y alisa a la vez que calma las irritaciones gracias a sus ingredientes activos: el \u00e1cido olean\u00f3lico, la vitamina B3, el \u00e1cido hialur\u00f3nico, la provitamina B5, la vitamina E y C, filtros UVA y UVB y los pigmentos minerales estabilizantes.<\/p>\n<p>TONO NATURAL<\/p>\n","protected":false},"excerpt":{"rendered":"<p>La l\u00ednea para pieles mixtas y\/o grasas, hidrata, regenera, deja la piel uniforme y alisa a la vez que calma<\/p>\n","protected":false},"featured_media":6096,"comment_status":"open","ping_status":"closed","template":"","meta":[],"product_brand":[217],"product_cat":[179],"product_tag":[],"class_list":{"0":"post-6095","1":"product","2":"type-product","3":"status-publish","4":"has-post-thumbnail","6":"product_brand-ziaja","7":"product_cat-maquillaje","9":"first","10":"outofstock","11":"purchasable","12":"product-type-simple"},"_links":{"self":[{"href":"https:\/\/maabmakeup.com\/inicio-2\/wp-json\/wp\/v2\/product\/6095","targetHints":{"allow":["GET"]}}],"collection":[{"href":"https:\/\/maabmakeup.com\/inicio-2\/wp-json\/wp\/v2\/product"}],"about":[{"href":"https:\/\/maabmakeup.com\/inicio-2\/wp-json\/wp\/v2\/types\/product"}],"replies":[{"embeddable":true,"href":"https:\/\/maabmakeup.com\/inicio-2\/wp-json\/wp\/v2\/comments?post=6095"}],"wp:featuredmedia":[{"embeddable":true,"href":"https:\/\/maabmakeup.com\/inicio-2\/wp-json\/wp\/v2\/media\/6096"}],"wp:attachment":[{"href":"https:\/\/maabmakeup.com\/inicio-2\/wp-json\/wp\/v2\/media?parent=6095"}],"wp:term":[{"taxonomy":"product_brand","embeddable":true,"href":"https:\/\/maabmakeup.com\/inicio-2\/wp-json\/wp\/v2\/product_brand?post=6095"},{"taxonomy":"product_cat","embeddable":true,"href":"https:\/\/maabmakeup.com\/inicio-2\/wp-json\/wp\/v2\/product_cat?post=6095"},{"taxonomy":"product_tag","embeddable":true,"href":"https:\/\/maabmakeup.com\/inicio-2\/wp-json\/wp\/v2\/product_tag?post=6095"}],"curies":[{"name":"wp","href":"https:\/\/api.w.org\/{rel}","templated":true}]}}