{"id":6100,"date":"2025-02-27T10:32:35","date_gmt":"2025-02-27T09:32:35","guid":{"rendered":"https:\/\/maabmakeup.es\/?post_type=product&#038;p=6100"},"modified":"2025-10-23T09:50:10","modified_gmt":"2025-10-23T07:50:10","slug":"mascarillas-acidos-mascarilla-y-exfoliante-facial-con-acido-hialuronico","status":"publish","type":"product","link":"https:\/\/maabmakeup.com\/inicio-2\/tienda\/maquillaje\/mascarillas-acidos-mascarilla-y-exfoliante-facial-con-acido-hialuronico\/","title":{"rendered":"MASCARILLAS \u00c1CIDOS Mascarilla y exfoliante facial con \u00e1cido hialur\u00f3nico"},"content":{"rendered":"<p>Mascarilla y exfoliante facial con \u00e1cido hialur\u00f3nico.<\/p>\n<p>Hidrata activamente y acelera la regeneraci\u00f3n. Contiene \u00e1cido hialur\u00f3nico (AH) y celulosa fina exfoliante, \u00e1cidos grasos, ceramidas y fitoesfingosina.<\/p>\n<p>Los ingredientes nutricionales de la f\u00f3rmula potencian el efecto activo de la mascarilla.<br \/>\nCombina las propiedades de un exfoliante suave y una mascarilla hidratante.<\/p>\n<p>De textura espesa y cremosa y una delicada fragancia es apta para uso diario.<\/p>\n<p>Est\u00e1 recomendada para pieles secas, deshidratadas, maduras y con arrugas.<br \/>\nA partir de 25 a\u00f1os.<\/p>\n<p>Contiene: \u00e1cido hialur\u00f3nico (AH) en una concentraci\u00f3n del 1%, celulosa fina exfoliante<\/p>\n<p>Acci\u00f3n:<br \/>\n&#8211; los ingredientes nutricionales de la f\u00f3rmula potencian el efecto activo de la mascarilla<br \/>\n&#8211; combina las propiedades de un exfoliante suave y mascarilla<br \/>\n&#8211; hidrata activamente<br \/>\n&#8211; acelera la regeneraci\u00f3n de la piel<\/p>\n<p>Modo de empleo:<br \/>\nAplicar la mascarilla sobre el rostro limpio, evitando la zona de los ojos y la boca. Dejar actuar unos 5 minutos.<br \/>\nMasajear suavemente la piel y enjuagar el producto con abundante agua. Puede utilizarse a diario.<\/p>\n<p>INCI: Aqua (Water), Octyldodecanol, Glycerin, Cetearyl Ethylhexanoate, Glyceryl Stearate, PEG-100 Stearate, Canola Oil, C18-50 Isoalkane, Stearyl Alcohol, Hydrogenated Coco-Glycerides, Kaolin, Myristyl Myristate, Sodium Hyaluronate, Ceramide NP (3), Ceramide AP (6II), Ceramide EOP (1), Phytosphingosine, Cholesterol, Sodium Lauroyl Lactylate, Carbomer, Xanthan Gum, Hydrated Silica, Hydroxyethyl Acrylate\/Sodium Acryloyldimethyl Taurate Copolymer, Cetyl Hydroxyethylcellulose, Cellulose, Disodium EDTA, Phenoxyethanol, Hydroxyacetophenone, Parfum (Fragrance).<\/p>\n","protected":false},"excerpt":{"rendered":"<p>Mascarilla y exfoliante facial con \u00e1cido hialur\u00f3nico. Hidrata activamente y acelera la regeneraci\u00f3n. Contiene \u00e1cido hialur\u00f3nico (AH) y celulosa fina<\/p>\n","protected":false},"featured_media":6101,"comment_status":"open","ping_status":"closed","template":"","meta":[],"product_brand":[217],"product_cat":[179],"product_tag":[],"class_list":{"0":"post-6100","1":"product","2":"type-product","3":"status-publish","4":"has-post-thumbnail","6":"product_brand-ziaja","7":"product_cat-maquillaje","9":"first","10":"instock","11":"purchasable","12":"product-type-simple"},"_links":{"self":[{"href":"https:\/\/maabmakeup.com\/inicio-2\/wp-json\/wp\/v2\/product\/6100","targetHints":{"allow":["GET"]}}],"collection":[{"href":"https:\/\/maabmakeup.com\/inicio-2\/wp-json\/wp\/v2\/product"}],"about":[{"href":"https:\/\/maabmakeup.com\/inicio-2\/wp-json\/wp\/v2\/types\/product"}],"replies":[{"embeddable":true,"href":"https:\/\/maabmakeup.com\/inicio-2\/wp-json\/wp\/v2\/comments?post=6100"}],"wp:featuredmedia":[{"embeddable":true,"href":"https:\/\/maabmakeup.com\/inicio-2\/wp-json\/wp\/v2\/media\/6101"}],"wp:attachment":[{"href":"https:\/\/maabmakeup.com\/inicio-2\/wp-json\/wp\/v2\/media?parent=6100"}],"wp:term":[{"taxonomy":"product_brand","embeddable":true,"href":"https:\/\/maabmakeup.com\/inicio-2\/wp-json\/wp\/v2\/product_brand?post=6100"},{"taxonomy":"product_cat","embeddable":true,"href":"https:\/\/maabmakeup.com\/inicio-2\/wp-json\/wp\/v2\/product_cat?post=6100"},{"taxonomy":"product_tag","embeddable":true,"href":"https:\/\/maabmakeup.com\/inicio-2\/wp-json\/wp\/v2\/product_tag?post=6100"}],"curies":[{"name":"wp","href":"https:\/\/api.w.org\/{rel}","templated":true}]}}