{"id":6104,"date":"2025-02-27T10:44:38","date_gmt":"2025-02-27T09:44:38","guid":{"rendered":"https:\/\/maabmakeup.es\/?post_type=product&#038;p=6104"},"modified":"2025-12-18T16:53:31","modified_gmt":"2025-12-18T15:53:31","slug":"hypo-mascara-de-pestanas-hipoalergenica-open-eyes","status":"publish","type":"product","link":"https:\/\/maabmakeup.com\/inicio-2\/tienda\/maquillaje\/hypo-mascara-de-pestanas-hipoalergenica-open-eyes\/","title":{"rendered":"HYPO M\u00e1scara de pesta\u00f1as hipoalerg\u00e9nica Open Eyes"},"content":{"rendered":"<p>M\u00e1scara que alarga y espesa intensamente las pesta\u00f1as sin apelmazarlas. Su gupill\u00f3n de silicona preciso y su f\u00f3rmula cremosa permiten resaltar los ojos sensualmente.<\/p>\n<p>De larga duraci\u00f3n, la m\u00e1scara no se desmorona durante el d\u00eda.<\/p>\n<p>Composici\u00f3n desarrollada siguiendo la tendencia Clean Beauty. Producto vegano con un 80% de ingredientes de origen natural.<\/p>\n<p>Truco del maquillador: aplicar la m\u00e1scara haciendo movimientos en zigzag a lo largo de las pesta\u00f1as para obtener un efecto espesante. Para conseguir longitud, aplicar desde la ra\u00edz hasta la punta de las pesta\u00f1as.<\/p>\n<p>ADVERTENCIA: Producto para uso externo \u00fanicamente. Cerrar herm\u00e9ticamente despu\u00e9s de su uso. Si el producto cambia su apariencia, olor o consistencia, suspenda su uso. Si se produce irritaci\u00f3n, suspenda su uso y consulte a un m\u00e9dico.<\/p>\n","protected":false},"excerpt":{"rendered":"<p>M\u00e1scara que alarga y espesa intensamente las pesta\u00f1as sin apelmazarlas. Su gupill\u00f3n de silicona preciso y su f\u00f3rmula cremosa permiten<\/p>\n","protected":false},"featured_media":6105,"comment_status":"open","ping_status":"closed","template":"","meta":[],"product_brand":[218],"product_cat":[179],"product_tag":[],"class_list":{"0":"post-6104","1":"product","2":"type-product","3":"status-publish","4":"has-post-thumbnail","6":"product_brand-bell","7":"product_cat-maquillaje","9":"first","10":"outofstock","11":"purchasable","12":"product-type-simple"},"_links":{"self":[{"href":"https:\/\/maabmakeup.com\/inicio-2\/wp-json\/wp\/v2\/product\/6104","targetHints":{"allow":["GET"]}}],"collection":[{"href":"https:\/\/maabmakeup.com\/inicio-2\/wp-json\/wp\/v2\/product"}],"about":[{"href":"https:\/\/maabmakeup.com\/inicio-2\/wp-json\/wp\/v2\/types\/product"}],"replies":[{"embeddable":true,"href":"https:\/\/maabmakeup.com\/inicio-2\/wp-json\/wp\/v2\/comments?post=6104"}],"wp:featuredmedia":[{"embeddable":true,"href":"https:\/\/maabmakeup.com\/inicio-2\/wp-json\/wp\/v2\/media\/6105"}],"wp:attachment":[{"href":"https:\/\/maabmakeup.com\/inicio-2\/wp-json\/wp\/v2\/media?parent=6104"}],"wp:term":[{"taxonomy":"product_brand","embeddable":true,"href":"https:\/\/maabmakeup.com\/inicio-2\/wp-json\/wp\/v2\/product_brand?post=6104"},{"taxonomy":"product_cat","embeddable":true,"href":"https:\/\/maabmakeup.com\/inicio-2\/wp-json\/wp\/v2\/product_cat?post=6104"},{"taxonomy":"product_tag","embeddable":true,"href":"https:\/\/maabmakeup.com\/inicio-2\/wp-json\/wp\/v2\/product_tag?post=6104"}],"curies":[{"name":"wp","href":"https:\/\/api.w.org\/{rel}","templated":true}]}}