{"id":6107,"date":"2025-02-27T10:48:55","date_gmt":"2025-02-27T09:48:55","guid":{"rendered":"https:\/\/maabmakeup.es\/?post_type=product&#038;p=6107"},"modified":"2025-08-08T17:31:31","modified_gmt":"2025-08-08T15:31:31","slug":"hypo-mascara-de-pestanas-hipoalergenica-upperlower-lash-precise","status":"publish","type":"product","link":"https:\/\/maabmakeup.com\/inicio-2\/tienda\/maquillaje\/hypo-mascara-de-pestanas-hipoalergenica-upperlower-lash-precise\/","title":{"rendered":"HYPO M\u00e1scara de pesta\u00f1as hipoalerg\u00e9nica Upper&amp;Lower Lash Precise"},"content":{"rendered":"<p>La m\u00e1scara para pesta\u00f1as inferiores y superiores hipoalerg\u00e9nica, espesa intensamente, alarga y voluminiza visualmente.<\/p>\n<p>De larga duraci\u00f3n, no se desmorona durante el d\u00eda.<\/p>\n<p>El gupill\u00f3n de precisi\u00f3n separa bien las pesta\u00f1as y es perfecto para las pesta\u00f1as inferiores.<\/p>\n<p>Apta para personas con ojos sensibles y que usan lentes de contacto. El producto est\u00e1 testado bajo supervisi\u00f3n de dermat\u00f3logo y oftalm\u00f3logo.<\/p>\n<p>ADVERTENCIA: Producto solo para uso externo. Cerrar herm\u00e9ticamente despu\u00e9s de su uso. Si el producto cambia de apariencia, olor o consistencia, suspenda su uso. Si se produce irritaci\u00f3n, suspenda su uso y consulte con un m\u00e9dico.<\/p>\n","protected":false},"excerpt":{"rendered":"<p>La m\u00e1scara para pesta\u00f1as inferiores y superiores hipoalerg\u00e9nica, espesa intensamente, alarga y voluminiza visualmente. De larga duraci\u00f3n, no se desmorona<\/p>\n","protected":false},"featured_media":6108,"comment_status":"open","ping_status":"closed","template":"","meta":[],"product_brand":[218],"product_cat":[179],"product_tag":[],"class_list":{"0":"post-6107","1":"product","2":"type-product","3":"status-publish","4":"has-post-thumbnail","6":"product_brand-bell","7":"product_cat-maquillaje","9":"first","10":"instock","11":"purchasable","12":"product-type-simple"},"_links":{"self":[{"href":"https:\/\/maabmakeup.com\/inicio-2\/wp-json\/wp\/v2\/product\/6107","targetHints":{"allow":["GET"]}}],"collection":[{"href":"https:\/\/maabmakeup.com\/inicio-2\/wp-json\/wp\/v2\/product"}],"about":[{"href":"https:\/\/maabmakeup.com\/inicio-2\/wp-json\/wp\/v2\/types\/product"}],"replies":[{"embeddable":true,"href":"https:\/\/maabmakeup.com\/inicio-2\/wp-json\/wp\/v2\/comments?post=6107"}],"wp:featuredmedia":[{"embeddable":true,"href":"https:\/\/maabmakeup.com\/inicio-2\/wp-json\/wp\/v2\/media\/6108"}],"wp:attachment":[{"href":"https:\/\/maabmakeup.com\/inicio-2\/wp-json\/wp\/v2\/media?parent=6107"}],"wp:term":[{"taxonomy":"product_brand","embeddable":true,"href":"https:\/\/maabmakeup.com\/inicio-2\/wp-json\/wp\/v2\/product_brand?post=6107"},{"taxonomy":"product_cat","embeddable":true,"href":"https:\/\/maabmakeup.com\/inicio-2\/wp-json\/wp\/v2\/product_cat?post=6107"},{"taxonomy":"product_tag","embeddable":true,"href":"https:\/\/maabmakeup.com\/inicio-2\/wp-json\/wp\/v2\/product_tag?post=6107"}],"curies":[{"name":"wp","href":"https:\/\/api.w.org\/{rel}","templated":true}]}}