{"id":6109,"date":"2025-02-27T10:53:17","date_gmt":"2025-02-27T09:53:17","guid":{"rendered":"https:\/\/maabmakeup.es\/?post_type=product&#038;p=6109"},"modified":"2025-08-08T17:31:14","modified_gmt":"2025-08-08T15:31:14","slug":"hypo-gel-modelador-de-cejas-hipoalergenico-02","status":"publish","type":"product","link":"https:\/\/maabmakeup.com\/inicio-2\/tienda\/maquillaje\/hypo-gel-modelador-de-cejas-hipoalergenico-02\/","title":{"rendered":"HYPO Gel modelador de cejas hipoalerg\u00e9nico 02"},"content":{"rendered":"<p>El Gel modelador de cejas es un producto innovador que da forma a las cejas durante horas. Corrige su forma y rellena visiblemente los claros. Hay disponibles varias combinaciones de colores que resaltan y refuerzan el color natural de las cejas. La consistencia en gel del producto y el cepillo de maquillaje especialmente adaptado permiten una aplicaci\u00f3n f\u00e1cil y precisa. Cosm\u00e9tico testado dermatol\u00f3gicamente.<\/p>\n","protected":false},"excerpt":{"rendered":"<p>El Gel modelador de cejas es un producto innovador que da forma a las cejas durante horas. Corrige su forma<\/p>\n","protected":false},"featured_media":6110,"comment_status":"open","ping_status":"closed","template":"","meta":[],"product_brand":[218],"product_cat":[179],"product_tag":[],"class_list":{"0":"post-6109","1":"product","2":"type-product","3":"status-publish","4":"has-post-thumbnail","6":"product_brand-bell","7":"product_cat-maquillaje","9":"first","10":"instock","11":"purchasable","12":"product-type-simple"},"_links":{"self":[{"href":"https:\/\/maabmakeup.com\/inicio-2\/wp-json\/wp\/v2\/product\/6109","targetHints":{"allow":["GET"]}}],"collection":[{"href":"https:\/\/maabmakeup.com\/inicio-2\/wp-json\/wp\/v2\/product"}],"about":[{"href":"https:\/\/maabmakeup.com\/inicio-2\/wp-json\/wp\/v2\/types\/product"}],"replies":[{"embeddable":true,"href":"https:\/\/maabmakeup.com\/inicio-2\/wp-json\/wp\/v2\/comments?post=6109"}],"wp:featuredmedia":[{"embeddable":true,"href":"https:\/\/maabmakeup.com\/inicio-2\/wp-json\/wp\/v2\/media\/6110"}],"wp:attachment":[{"href":"https:\/\/maabmakeup.com\/inicio-2\/wp-json\/wp\/v2\/media?parent=6109"}],"wp:term":[{"taxonomy":"product_brand","embeddable":true,"href":"https:\/\/maabmakeup.com\/inicio-2\/wp-json\/wp\/v2\/product_brand?post=6109"},{"taxonomy":"product_cat","embeddable":true,"href":"https:\/\/maabmakeup.com\/inicio-2\/wp-json\/wp\/v2\/product_cat?post=6109"},{"taxonomy":"product_tag","embeddable":true,"href":"https:\/\/maabmakeup.com\/inicio-2\/wp-json\/wp\/v2\/product_tag?post=6109"}],"curies":[{"name":"wp","href":"https:\/\/api.w.org\/{rel}","templated":true}]}}