{"id":6113,"date":"2025-02-27T10:58:00","date_gmt":"2025-02-27T09:58:00","guid":{"rendered":"https:\/\/maabmakeup.es\/?post_type=product&#038;p=6113"},"modified":"2025-08-08T17:30:44","modified_gmt":"2025-08-08T15:30:44","slug":"hypo-delineador-de-ojos-hipoalergenico-open-eyes","status":"publish","type":"product","link":"https:\/\/maabmakeup.com\/inicio-2\/tienda\/maquillaje\/hypo-delineador-de-ojos-hipoalergenico-open-eyes\/","title":{"rendered":"HYPO Delineador de ojos hipoalerg\u00e9nico Open Eyes 01"},"content":{"rendered":"<p>Un delineado negro en los ojos es la esencia de la elegancia y el maquillaje minimalista.<\/p>\n<p>Su correcta ejecuci\u00f3n depende de las habilidades de cada uno, y tambi\u00e9n del producto, por eso es tan importante buscar un cosm\u00e9tico que facilite esta tarea al m\u00e1ximo.<\/p>\n<p>El delineador Open Eyes es un eyeliner hipoalerg\u00e9nico que permite conseguir un maquillaje preciso. Su aplicador flexible facilita el trazo de l\u00edneas finas e intensamente negras. Gracias a su f\u00f3rmula waterproof el maquillaje es duradero, no se emborrona y el final de la l\u00ednea permanece n\u00edtido y no disminuye de intensidad a lo largo del d\u00eda.<\/p>\n<p>Indicado para pieles sensibles con tendencia a irritaciones.<br \/>\nTestado bajo la supervisi\u00f3n de un dermat\u00f3logo.<\/p>\n<p>Modo de empleo:<br \/>\nDelinear una l\u00ednea fina a lo largo del p\u00e1rpado. Extender hacia la sien.<\/p>\n","protected":false},"excerpt":{"rendered":"<p>Un delineado negro en los ojos es la esencia de la elegancia y el maquillaje minimalista. Su correcta ejecuci\u00f3n depende<\/p>\n","protected":false},"featured_media":6114,"comment_status":"open","ping_status":"closed","template":"","meta":[],"product_brand":[218],"product_cat":[179],"product_tag":[],"class_list":{"0":"post-6113","1":"product","2":"type-product","3":"status-publish","4":"has-post-thumbnail","6":"product_brand-bell","7":"product_cat-maquillaje","9":"first","10":"instock","11":"purchasable","12":"product-type-simple"},"_links":{"self":[{"href":"https:\/\/maabmakeup.com\/inicio-2\/wp-json\/wp\/v2\/product\/6113","targetHints":{"allow":["GET"]}}],"collection":[{"href":"https:\/\/maabmakeup.com\/inicio-2\/wp-json\/wp\/v2\/product"}],"about":[{"href":"https:\/\/maabmakeup.com\/inicio-2\/wp-json\/wp\/v2\/types\/product"}],"replies":[{"embeddable":true,"href":"https:\/\/maabmakeup.com\/inicio-2\/wp-json\/wp\/v2\/comments?post=6113"}],"wp:featuredmedia":[{"embeddable":true,"href":"https:\/\/maabmakeup.com\/inicio-2\/wp-json\/wp\/v2\/media\/6114"}],"wp:attachment":[{"href":"https:\/\/maabmakeup.com\/inicio-2\/wp-json\/wp\/v2\/media?parent=6113"}],"wp:term":[{"taxonomy":"product_brand","embeddable":true,"href":"https:\/\/maabmakeup.com\/inicio-2\/wp-json\/wp\/v2\/product_brand?post=6113"},{"taxonomy":"product_cat","embeddable":true,"href":"https:\/\/maabmakeup.com\/inicio-2\/wp-json\/wp\/v2\/product_cat?post=6113"},{"taxonomy":"product_tag","embeddable":true,"href":"https:\/\/maabmakeup.com\/inicio-2\/wp-json\/wp\/v2\/product_tag?post=6113"}],"curies":[{"name":"wp","href":"https:\/\/api.w.org\/{rel}","templated":true}]}}