{"id":6117,"date":"2025-02-27T11:04:00","date_gmt":"2025-02-27T10:04:00","guid":{"rendered":"https:\/\/maabmakeup.es\/?post_type=product&#038;p=6117"},"modified":"2025-08-08T17:30:28","modified_gmt":"2025-08-08T15:30:28","slug":"delineador-liquido-ink-eyeliner","status":"publish","type":"product","link":"https:\/\/maabmakeup.com\/inicio-2\/tienda\/maquillaje\/delineador-liquido-ink-eyeliner\/","title":{"rendered":"Delineador l\u00edquido Ink Eyeliner"},"content":{"rendered":"<p>Exclusivo delineador de ojos met\u00e1lico de color burdeos \u2013 cobre que enfatiza el color del iris y permite crear un efecto de maquillaje de ojos \u00fanico.<\/p>\n<p>F\u00f3rmula duradera e intensamente pigmentada que proporciona una cobertura uniforme despu\u00e9s de la primera pasada. El aplicador especial permite dibujar una l\u00ednea precisa y expresiva. La f\u00f3rmula contiene un 90% de ingredientes de origen natural.<\/p>\n<p>Modo de empleo: aplicar el delineador desde el \u00e1ngulo interno del ojo y finalizar en el \u00e1ngulo externo. A continuaci\u00f3n abrir el ojo y alargar la l\u00ednea suavemente hacia las sienes.<\/p>\n","protected":false},"excerpt":{"rendered":"<p>Exclusivo delineador de ojos met\u00e1lico de color burdeos \u2013 cobre que enfatiza el color del iris y permite crear un<\/p>\n","protected":false},"featured_media":6118,"comment_status":"open","ping_status":"closed","template":"","meta":[],"product_brand":[218],"product_cat":[179],"product_tag":[],"class_list":{"0":"post-6117","1":"product","2":"type-product","3":"status-publish","4":"has-post-thumbnail","6":"product_brand-bell","7":"product_cat-maquillaje","9":"first","10":"instock","11":"purchasable","12":"product-type-simple"},"_links":{"self":[{"href":"https:\/\/maabmakeup.com\/inicio-2\/wp-json\/wp\/v2\/product\/6117","targetHints":{"allow":["GET"]}}],"collection":[{"href":"https:\/\/maabmakeup.com\/inicio-2\/wp-json\/wp\/v2\/product"}],"about":[{"href":"https:\/\/maabmakeup.com\/inicio-2\/wp-json\/wp\/v2\/types\/product"}],"replies":[{"embeddable":true,"href":"https:\/\/maabmakeup.com\/inicio-2\/wp-json\/wp\/v2\/comments?post=6117"}],"wp:featuredmedia":[{"embeddable":true,"href":"https:\/\/maabmakeup.com\/inicio-2\/wp-json\/wp\/v2\/media\/6118"}],"wp:attachment":[{"href":"https:\/\/maabmakeup.com\/inicio-2\/wp-json\/wp\/v2\/media?parent=6117"}],"wp:term":[{"taxonomy":"product_brand","embeddable":true,"href":"https:\/\/maabmakeup.com\/inicio-2\/wp-json\/wp\/v2\/product_brand?post=6117"},{"taxonomy":"product_cat","embeddable":true,"href":"https:\/\/maabmakeup.com\/inicio-2\/wp-json\/wp\/v2\/product_cat?post=6117"},{"taxonomy":"product_tag","embeddable":true,"href":"https:\/\/maabmakeup.com\/inicio-2\/wp-json\/wp\/v2\/product_tag?post=6117"}],"curies":[{"name":"wp","href":"https:\/\/api.w.org\/{rel}","templated":true}]}}