{"id":6129,"date":"2025-02-27T11:29:32","date_gmt":"2025-02-27T10:29:32","guid":{"rendered":"https:\/\/maabmakeup.es\/?post_type=product&#038;p=6129"},"modified":"2025-08-08T17:38:13","modified_gmt":"2025-08-08T15:38:13","slug":"luxury-grey-1019-brocha-para-difuminar","status":"publish","type":"product","link":"https:\/\/maabmakeup.com\/inicio-2\/tienda\/maquillaje\/luxury-grey-1019-brocha-para-difuminar\/","title":{"rendered":"Luxury Grey 1019 Brocha para Difuminar"},"content":{"rendered":"<p>Descubre un mundo de posibilidades para crear maquillajes espectaculares con la Brocha para Difuminar Luxury Grey 1019 de Maiko. Esta brocha, dise\u00f1ada con forma c\u00f3nica y fibras largas y suaves, te permite lograr un acabado impecable en tu maquillaje.<\/p>\n<p>Fabricada con pelo sint\u00e9tico de alta calidad y durabilidad, esta brocha garantiza una aplicaci\u00f3n suave y uniforme de productos en polvo, como coloretes, bronceadores, iluminadores o polvos fijadores. Su versatilidad no tiene l\u00edmites, ya que es ideal tanto para la aplicaci\u00f3n de productos en \u00e1reas amplias como para el detalle del contouring. Con la brocha Luxury Grey 1019, obtendr\u00e1s un maquillaje profesional en la comodidad de tu hogar.<\/p>\n<p>Caracter\u00edsticas Principales:<\/p>\n<p>&#8211; Forma C\u00f3nica: Dise\u00f1ada para una aplicaci\u00f3n precisa y suave en \u00e1reas amplias y para definir los rasgos del rostro.<\/p>\n<p>&#8211; Fibras Largas y Suaves: Permiten una aplicaci\u00f3n uniforme y suave de productos en polvo, garantizando un acabado impecable.<\/p>\n<p>&#8211; Versatilidad: Ideal para aplicar coloretes, bronceadores, iluminadores o polvos fijadores, as\u00ed como para la t\u00e9cnica del contouring.<\/p>\n<p>&#8211; Pelo Sint\u00e9tico de Alta Calidad: Fabricada con pelo sint\u00e9tico duradero, que garantiza un acabado suave y uniforme en cada uso.<\/p>\n<p>&#8211; Maquillaje Profesional en Casa: Las brochas Maiko te ofrecen la calidad y versatilidad necesarias para lograr un maquillaje profesional desde la comodidad de tu hogar.<\/p>\n","protected":false},"excerpt":{"rendered":"<p>Descubre un mundo de posibilidades para crear maquillajes espectaculares con la Brocha para Difuminar Luxury Grey 1019 de Maiko. Esta<\/p>\n","protected":false},"featured_media":6130,"comment_status":"open","ping_status":"closed","template":"","meta":[],"product_brand":[221],"product_cat":[179],"product_tag":[],"class_list":{"0":"post-6129","1":"product","2":"type-product","3":"status-publish","4":"has-post-thumbnail","6":"product_brand-maiko","7":"product_cat-maquillaje","9":"first","10":"instock","11":"shipping-taxable","12":"purchasable","13":"product-type-simple"},"_links":{"self":[{"href":"https:\/\/maabmakeup.com\/inicio-2\/wp-json\/wp\/v2\/product\/6129","targetHints":{"allow":["GET"]}}],"collection":[{"href":"https:\/\/maabmakeup.com\/inicio-2\/wp-json\/wp\/v2\/product"}],"about":[{"href":"https:\/\/maabmakeup.com\/inicio-2\/wp-json\/wp\/v2\/types\/product"}],"replies":[{"embeddable":true,"href":"https:\/\/maabmakeup.com\/inicio-2\/wp-json\/wp\/v2\/comments?post=6129"}],"wp:featuredmedia":[{"embeddable":true,"href":"https:\/\/maabmakeup.com\/inicio-2\/wp-json\/wp\/v2\/media\/6130"}],"wp:attachment":[{"href":"https:\/\/maabmakeup.com\/inicio-2\/wp-json\/wp\/v2\/media?parent=6129"}],"wp:term":[{"taxonomy":"product_brand","embeddable":true,"href":"https:\/\/maabmakeup.com\/inicio-2\/wp-json\/wp\/v2\/product_brand?post=6129"},{"taxonomy":"product_cat","embeddable":true,"href":"https:\/\/maabmakeup.com\/inicio-2\/wp-json\/wp\/v2\/product_cat?post=6129"},{"taxonomy":"product_tag","embeddable":true,"href":"https:\/\/maabmakeup.com\/inicio-2\/wp-json\/wp\/v2\/product_tag?post=6129"}],"curies":[{"name":"wp","href":"https:\/\/api.w.org\/{rel}","templated":true}]}}