{"id":613,"date":"2022-08-30T15:56:11","date_gmt":"2022-08-30T15:56:11","guid":{"rendered":"https:\/\/maabmakeup.es\/?post_type=product&#038;p=613"},"modified":"2026-03-26T13:39:28","modified_gmt":"2026-03-26T12:39:28","slug":"opium-no2-7ml","status":"publish","type":"product","link":"https:\/\/maabmakeup.com\/inicio-2\/tienda\/esmaltes\/opium\/opium-no2-7ml\/","title":{"rendered":"OPIUM N\u00ba2-7ML"},"content":{"rendered":"<p>Gel lack semipermanente de f\u00e1cil aplicaci\u00f3n y gran cobertura. <span style=\"font-size: 16px;\">Liquido. <\/span><span style=\"font-size: 16px;\">Autonivelante. <\/span><span style=\"font-size: 16px;\">Aplicaci\u00f3n con una capa. <\/span>Contiene capa adhesiva. <span style=\"font-size: 16px;\">Para una cobertura completa. <\/span><span style=\"font-size: 16px;\">Aseg\u00farate de usar una imprimaci\u00f3n.<\/span><\/p>\n","protected":false},"excerpt":{"rendered":"<p>Gel lack semipermanente de f\u00e1cil aplicaci\u00f3n y gran cobertura. Liquido. Autonivelante. Aplicaci\u00f3n con una capa. Contiene capa adhesiva. Para una<\/p>\n","protected":false},"featured_media":560,"comment_status":"open","ping_status":"closed","template":"","meta":[],"product_brand":[208],"product_cat":[123,176,69],"product_tag":[],"class_list":{"0":"post-613","1":"product","2":"type-product","3":"status-publish","4":"has-post-thumbnail","6":"product_brand-nika-nagel","7":"product_cat-esmaltes","8":"product_cat-ofertas","9":"product_cat-opium","11":"first","12":"instock","13":"sale","14":"purchasable","15":"product-type-simple"},"_links":{"self":[{"href":"https:\/\/maabmakeup.com\/inicio-2\/wp-json\/wp\/v2\/product\/613","targetHints":{"allow":["GET"]}}],"collection":[{"href":"https:\/\/maabmakeup.com\/inicio-2\/wp-json\/wp\/v2\/product"}],"about":[{"href":"https:\/\/maabmakeup.com\/inicio-2\/wp-json\/wp\/v2\/types\/product"}],"replies":[{"embeddable":true,"href":"https:\/\/maabmakeup.com\/inicio-2\/wp-json\/wp\/v2\/comments?post=613"}],"wp:featuredmedia":[{"embeddable":true,"href":"https:\/\/maabmakeup.com\/inicio-2\/wp-json\/wp\/v2\/media\/560"}],"wp:attachment":[{"href":"https:\/\/maabmakeup.com\/inicio-2\/wp-json\/wp\/v2\/media?parent=613"}],"wp:term":[{"taxonomy":"product_brand","embeddable":true,"href":"https:\/\/maabmakeup.com\/inicio-2\/wp-json\/wp\/v2\/product_brand?post=613"},{"taxonomy":"product_cat","embeddable":true,"href":"https:\/\/maabmakeup.com\/inicio-2\/wp-json\/wp\/v2\/product_cat?post=613"},{"taxonomy":"product_tag","embeddable":true,"href":"https:\/\/maabmakeup.com\/inicio-2\/wp-json\/wp\/v2\/product_tag?post=613"}],"curies":[{"name":"wp","href":"https:\/\/api.w.org\/{rel}","templated":true}]}}