{"id":6137,"date":"2025-02-27T11:53:37","date_gmt":"2025-02-27T10:53:37","guid":{"rendered":"https:\/\/maabmakeup.es\/?post_type=product&#038;p=6137"},"modified":"2025-08-08T17:37:03","modified_gmt":"2025-08-08T15:37:03","slug":"lifting-solution-crema-facial-de-noche-antiarrugas","status":"publish","type":"product","link":"https:\/\/maabmakeup.com\/inicio-2\/tienda\/facial\/lifting-solution-crema-facial-de-noche-antiarrugas\/","title":{"rendered":"LIFTING SOLUTION Crema facial de noche antiarrugas"},"content":{"rendered":"<p>Crema de noche efecto lifting reductora de arrugas para pieles maduras 40+. Crema indicada para piel seca, madura, con manchas de pigmentaci\u00f3n y con falta de elasticidad.<\/p>\n<p>Reconstruye la estructura interna de la piel.<\/p>\n<p>Reducci\u00f3n de arrugas profundas, m\u00edmicas y superficiales.<\/p>\n<p>Efecto \u00f3ptimo de lifiting.<\/p>\n<p>Ingredientes activos: vitamina E, provitamina B5 (d-panthenol), \u00e1cido urs\u00f3lico.<br \/>\nApta para veganos.<\/p>\n<p>Modo de empleo: Aplicar la crema sobre la piel limpia y seca, con suaves toquecitos.<br \/>\nDe d\u00eda se recomienda aplicar para mejor complementaci\u00f3n la Crema facial de d\u00eda Lifting Solution.<\/p>\n","protected":false},"excerpt":{"rendered":"<p>Crema de noche efecto lifting reductora de arrugas para pieles maduras 40+. Crema indicada para piel seca, madura, con manchas<\/p>\n","protected":false},"featured_media":6138,"comment_status":"open","ping_status":"closed","template":"","meta":[],"product_brand":[217],"product_cat":[184],"product_tag":[],"class_list":{"0":"post-6137","1":"product","2":"type-product","3":"status-publish","4":"has-post-thumbnail","6":"product_brand-ziaja","7":"product_cat-facial","9":"first","10":"outofstock","11":"purchasable","12":"product-type-simple"},"_links":{"self":[{"href":"https:\/\/maabmakeup.com\/inicio-2\/wp-json\/wp\/v2\/product\/6137","targetHints":{"allow":["GET"]}}],"collection":[{"href":"https:\/\/maabmakeup.com\/inicio-2\/wp-json\/wp\/v2\/product"}],"about":[{"href":"https:\/\/maabmakeup.com\/inicio-2\/wp-json\/wp\/v2\/types\/product"}],"replies":[{"embeddable":true,"href":"https:\/\/maabmakeup.com\/inicio-2\/wp-json\/wp\/v2\/comments?post=6137"}],"wp:featuredmedia":[{"embeddable":true,"href":"https:\/\/maabmakeup.com\/inicio-2\/wp-json\/wp\/v2\/media\/6138"}],"wp:attachment":[{"href":"https:\/\/maabmakeup.com\/inicio-2\/wp-json\/wp\/v2\/media?parent=6137"}],"wp:term":[{"taxonomy":"product_brand","embeddable":true,"href":"https:\/\/maabmakeup.com\/inicio-2\/wp-json\/wp\/v2\/product_brand?post=6137"},{"taxonomy":"product_cat","embeddable":true,"href":"https:\/\/maabmakeup.com\/inicio-2\/wp-json\/wp\/v2\/product_cat?post=6137"},{"taxonomy":"product_tag","embeddable":true,"href":"https:\/\/maabmakeup.com\/inicio-2\/wp-json\/wp\/v2\/product_tag?post=6137"}],"curies":[{"name":"wp","href":"https:\/\/api.w.org\/{rel}","templated":true}]}}