{"id":6139,"date":"2025-02-27T11:59:00","date_gmt":"2025-02-27T10:59:00","guid":{"rendered":"https:\/\/maabmakeup.es\/?post_type=product&#038;p=6139"},"modified":"2026-04-06T11:27:34","modified_gmt":"2026-04-06T09:27:34","slug":"aguacate-crema-facial-regenerante","status":"publish","type":"product","link":"https:\/\/maabmakeup.com\/inicio-2\/tienda\/facial\/aguacate-crema-facial-regenerante\/","title":{"rendered":"AGUACATE Crema facial regenerante"},"content":{"rendered":"<p>Crema para el rostro que nutre intensamente y alivia la piel seca y opaca.<\/p>\n<p>Calma y alivia irritaciones y reduce la sensaci\u00f3n de rugosidad.<\/p>\n<p>Hidrata profundamente y facilita que se vea una piel sana, relajada y natural.<\/p>\n<p>Reduce la p\u00e9rdida de agua transepid\u00e9rmica, aumentando la hidrataci\u00f3n de la piel en un 49%.<\/p>\n<p>Indicado a partir de los 12 a\u00f1os.<\/p>\n<p>*Sin gluten.<\/p>\n<p>Ingredientes principales: aceite de aguacate bio, vitamina E, glicerina y D-pantenol.<\/p>\n<p>Modo de empleo: Aplicar sobre la piel limpia y masajear delicadamente.<\/p>\n","protected":false},"excerpt":{"rendered":"<p>Crema para el rostro que nutre intensamente y alivia la piel seca y opaca. Calma y alivia irritaciones y reduce<\/p>\n","protected":false},"featured_media":6140,"comment_status":"open","ping_status":"closed","template":"","meta":[],"product_brand":[217],"product_cat":[184],"product_tag":[],"class_list":{"0":"post-6139","1":"product","2":"type-product","3":"status-publish","4":"has-post-thumbnail","6":"product_brand-ziaja","7":"product_cat-facial","9":"first","10":"outofstock","11":"purchasable","12":"product-type-simple"},"_links":{"self":[{"href":"https:\/\/maabmakeup.com\/inicio-2\/wp-json\/wp\/v2\/product\/6139","targetHints":{"allow":["GET"]}}],"collection":[{"href":"https:\/\/maabmakeup.com\/inicio-2\/wp-json\/wp\/v2\/product"}],"about":[{"href":"https:\/\/maabmakeup.com\/inicio-2\/wp-json\/wp\/v2\/types\/product"}],"replies":[{"embeddable":true,"href":"https:\/\/maabmakeup.com\/inicio-2\/wp-json\/wp\/v2\/comments?post=6139"}],"wp:featuredmedia":[{"embeddable":true,"href":"https:\/\/maabmakeup.com\/inicio-2\/wp-json\/wp\/v2\/media\/6140"}],"wp:attachment":[{"href":"https:\/\/maabmakeup.com\/inicio-2\/wp-json\/wp\/v2\/media?parent=6139"}],"wp:term":[{"taxonomy":"product_brand","embeddable":true,"href":"https:\/\/maabmakeup.com\/inicio-2\/wp-json\/wp\/v2\/product_brand?post=6139"},{"taxonomy":"product_cat","embeddable":true,"href":"https:\/\/maabmakeup.com\/inicio-2\/wp-json\/wp\/v2\/product_cat?post=6139"},{"taxonomy":"product_tag","embeddable":true,"href":"https:\/\/maabmakeup.com\/inicio-2\/wp-json\/wp\/v2\/product_tag?post=6139"}],"curies":[{"name":"wp","href":"https:\/\/api.w.org\/{rel}","templated":true}]}}