{"id":6179,"date":"2025-02-28T11:35:26","date_gmt":"2025-02-28T10:35:26","guid":{"rendered":"https:\/\/maabmakeup.es\/?post_type=product&#038;p=6179"},"modified":"2025-07-01T17:44:04","modified_gmt":"2025-07-01T15:44:04","slug":"joia-vegan-esmalte-semipermanente-052-6ml","status":"publish","type":"product","link":"https:\/\/maabmakeup.com\/inicio-2\/tienda\/esmaltes\/joia-vegan-esmalte-semipermanente-052-6ml\/","title":{"rendered":"JOIA vegan Esmalte semipermanente &#8211; 052 &#8211; 6ml"},"content":{"rendered":"<p>El tono 052 de JOIA vegan es un amarillo precioso, una elecci\u00f3n at\u00edpica, pero que har\u00e1 que tu manicura sea s\u00faper interesante. Este bonito color lima que llama la atenci\u00f3n por su jugosidad, saturaci\u00f3n y brillo. Ideal para los amantes del movimiento constante, las emociones y los viajes.<\/p>\n<p>Un color muy vers\u00e1til que puedes utilizar para una manicura monocrom\u00e1tica, o para aplicar junto con diversas t\u00e9cnicas de decoraci\u00f3n. Con una manicura as\u00ed, tu look no pasar\u00e1 desapercibido.<\/p>\n<p>&#8211; Esmalte semipermanente autonivelante.<br \/>\n&#8211; En su aplicaci\u00f3n, la f\u00f3rmula no forma grumos.<br \/>\n&#8211; Aplicaci\u00f3n m\u00e1s c\u00f3moda gracias a su pincel de alta calidad.<br \/>\n&#8211; El esmalte queda perfecto con una sola capa.<br \/>\n&#8211; No deja rayas al aplicar.<br \/>\n&#8211; Incre\u00edble durabilidad, densidad, brillo y saturaci\u00f3n del color<\/p>\n<p>Tiempo de curado:<br \/>\nL\u00e1mpara UV LED 48W: 60 segundos<\/p>\n<p>Producto vegano.<br \/>\n15-Free f\u00f3rmula.<\/p>\n<p>JOIA vegan es la primera marca vegana de esmaltes semipermanentes. JOIA vegan naci\u00f3 con la filosof\u00eda del veganismo y respeto por el medio ambiente, para ayudar a hacer del mundo un lugar mejor. \u00a1La combinaci\u00f3n perfecta entre innovaci\u00f3n, belleza y una filosof\u00eda eco-friendly!<\/p>\n","protected":false},"excerpt":{"rendered":"<p>El tono 052 de JOIA vegan es un amarillo precioso, una elecci\u00f3n at\u00edpica, pero que har\u00e1 que tu manicura sea<\/p>\n","protected":false},"featured_media":6180,"comment_status":"open","ping_status":"closed","template":"","meta":[],"product_brand":[207],"product_cat":[123],"product_tag":[],"class_list":{"0":"post-6179","1":"product","2":"type-product","3":"status-publish","4":"has-post-thumbnail","6":"product_brand-joia","7":"product_cat-esmaltes","9":"first","10":"instock","11":"purchasable","12":"product-type-simple"},"_links":{"self":[{"href":"https:\/\/maabmakeup.com\/inicio-2\/wp-json\/wp\/v2\/product\/6179","targetHints":{"allow":["GET"]}}],"collection":[{"href":"https:\/\/maabmakeup.com\/inicio-2\/wp-json\/wp\/v2\/product"}],"about":[{"href":"https:\/\/maabmakeup.com\/inicio-2\/wp-json\/wp\/v2\/types\/product"}],"replies":[{"embeddable":true,"href":"https:\/\/maabmakeup.com\/inicio-2\/wp-json\/wp\/v2\/comments?post=6179"}],"wp:featuredmedia":[{"embeddable":true,"href":"https:\/\/maabmakeup.com\/inicio-2\/wp-json\/wp\/v2\/media\/6180"}],"wp:attachment":[{"href":"https:\/\/maabmakeup.com\/inicio-2\/wp-json\/wp\/v2\/media?parent=6179"}],"wp:term":[{"taxonomy":"product_brand","embeddable":true,"href":"https:\/\/maabmakeup.com\/inicio-2\/wp-json\/wp\/v2\/product_brand?post=6179"},{"taxonomy":"product_cat","embeddable":true,"href":"https:\/\/maabmakeup.com\/inicio-2\/wp-json\/wp\/v2\/product_cat?post=6179"},{"taxonomy":"product_tag","embeddable":true,"href":"https:\/\/maabmakeup.com\/inicio-2\/wp-json\/wp\/v2\/product_tag?post=6179"}],"curies":[{"name":"wp","href":"https:\/\/api.w.org\/{rel}","templated":true}]}}