{"id":6207,"date":"2025-02-28T12:08:31","date_gmt":"2025-02-28T11:08:31","guid":{"rendered":"https:\/\/maabmakeup.es\/?post_type=product&#038;p=6207"},"modified":"2025-09-07T00:10:52","modified_gmt":"2025-09-06T22:10:52","slug":"joia-vegan-esmalte-semipermanente-106-6ml","status":"publish","type":"product","link":"https:\/\/maabmakeup.com\/inicio-2\/tienda\/esmaltes\/joia-vegan-esmalte-semipermanente-106-6ml\/","title":{"rendered":"JOIA vegan Esmalte semipermanente &#8211; 106 &#8211; 6ml"},"content":{"rendered":"<p>Esmalte semipermanente violeta 106 de JOIA vegan. Como un asombroso cristal, refleja toda la belleza del mundo circundante y le a\u00f1ade a\u00fan m\u00e1s resplandor. Para exprimir todo el potencial de este esmalte, basta con dirigir un haz de luz artificial sobre \u00e9l. Este tono es una opci\u00f3n ideal para quienes desean resaltar su singularidad.<\/p>\n<p>&#8211; Esmalte semipermanente autonivelante de consistencia equilibrada.<br \/>\n&#8211; Contiene muchas part\u00edculas reflectantes de diferentes tama\u00f1os.<br \/>\n&#8211; Igual de fascinante que un diamante.<br \/>\n&#8211; En su aplicaci\u00f3n, la f\u00f3rmula no forma grumos.<br \/>\n&#8211; Aplicaci\u00f3n m\u00e1s c\u00f3moda gracias a su pincel de alta calidad.<br \/>\n&#8211; No deja rayas al aplicar.<br \/>\n&#8211; Incre\u00edble durabilidad, densidad, brillo y saturaci\u00f3n del color<br \/>\n&#8211; Densidad media, gracias a la cual el producto se puede aplicar sin una base de color previa.<\/p>\n<p>Tiempo de curado:<br \/>\nL\u00e1mpara UV LED 48W: 60 segundos<\/p>\n<p>Producto vegano.<br \/>\n15-Free f\u00f3rmula.<\/p>\n<p>JOIA vegan es la primera marca vegana de esmaltes semipermanentes. JOIA vegan naci\u00f3 con la filosof\u00eda del veganismo y respeto por el medio ambiente, para ayudar a hacer del mundo un lugar mejor. \u00a1La combinaci\u00f3n perfecta entre innovaci\u00f3n, belleza y una filosof\u00eda eco-friendly!<\/p>\n","protected":false},"excerpt":{"rendered":"<p>Esmalte semipermanente violeta 106 de JOIA vegan. Como un asombroso cristal, refleja toda la belleza del mundo circundante y le<\/p>\n","protected":false},"featured_media":6208,"comment_status":"open","ping_status":"closed","template":"","meta":[],"product_brand":[207],"product_cat":[123],"product_tag":[],"class_list":{"0":"post-6207","1":"product","2":"type-product","3":"status-publish","4":"has-post-thumbnail","6":"product_brand-joia","7":"product_cat-esmaltes","9":"first","10":"instock","11":"purchasable","12":"product-type-simple"},"_links":{"self":[{"href":"https:\/\/maabmakeup.com\/inicio-2\/wp-json\/wp\/v2\/product\/6207","targetHints":{"allow":["GET"]}}],"collection":[{"href":"https:\/\/maabmakeup.com\/inicio-2\/wp-json\/wp\/v2\/product"}],"about":[{"href":"https:\/\/maabmakeup.com\/inicio-2\/wp-json\/wp\/v2\/types\/product"}],"replies":[{"embeddable":true,"href":"https:\/\/maabmakeup.com\/inicio-2\/wp-json\/wp\/v2\/comments?post=6207"}],"wp:featuredmedia":[{"embeddable":true,"href":"https:\/\/maabmakeup.com\/inicio-2\/wp-json\/wp\/v2\/media\/6208"}],"wp:attachment":[{"href":"https:\/\/maabmakeup.com\/inicio-2\/wp-json\/wp\/v2\/media?parent=6207"}],"wp:term":[{"taxonomy":"product_brand","embeddable":true,"href":"https:\/\/maabmakeup.com\/inicio-2\/wp-json\/wp\/v2\/product_brand?post=6207"},{"taxonomy":"product_cat","embeddable":true,"href":"https:\/\/maabmakeup.com\/inicio-2\/wp-json\/wp\/v2\/product_cat?post=6207"},{"taxonomy":"product_tag","embeddable":true,"href":"https:\/\/maabmakeup.com\/inicio-2\/wp-json\/wp\/v2\/product_tag?post=6207"}],"curies":[{"name":"wp","href":"https:\/\/api.w.org\/{rel}","templated":true}]}}