{"id":6232,"date":"2025-03-03T09:13:27","date_gmt":"2025-03-03T08:13:27","guid":{"rendered":"https:\/\/maabmakeup.es\/?post_type=product&#038;p=6232"},"modified":"2026-03-28T13:17:55","modified_gmt":"2026-03-28T12:17:55","slug":"joia-vegan-base-coat-latex-base-8ml","status":"publish","type":"product","link":"https:\/\/maabmakeup.com\/inicio-2\/tienda\/base\/flexible\/joia-vegan-base-coat-latex-base-8ml\/","title":{"rendered":"JOIA vegan Base Coat &#8211; Latex Base &#8211; 8ml"},"content":{"rendered":"<p>La Latex Base de JOIA vegan es una base rubber que nivela perfectamente la placa de la u\u00f1a y oculta las imperfecciones.<\/p>\n<p>Es un producto el\u00e1stico y c\u00f3modo de aplicar, que se distribuye f\u00e1cilmente creando una capa uniforme. No crea exceso de volumen y previene la aparici\u00f3n prematura de roturas o delaminaciones.<\/p>\n<p>Una base ideal para u\u00f1as quebradizas.<\/p>\n<p>&#8211; Producto el\u00e1stico y con mucha plasticidad.<br \/>\n&#8211; Adherencia del producto a cualquier tipo de placa de u\u00f1as y a la siguiente capa de color con esmalte semipermanente.<br \/>\n&#8211; Polimerizaci\u00f3n r\u00e1pida.<br \/>\n&#8211; No da\u00f1a la placa de las u\u00f1as y las fortalece.<br \/>\n&#8211; Larga duraci\u00f3n sin agrietarse, romperse o laminarse.<\/p>\n<p>Otro punto a favor es el consumo econ\u00f3mico del producto, ya que gracias a su envase \u00a1un frasco te durar\u00e1 mucho tiempo!<\/p>\n<p>Tiempo de curado:<br \/>\nL\u00e1mpara UV LED 48W: 60 segundos<\/p>\n<p>Producto vegano.<br \/>\n15-Free f\u00f3rmula.<\/p>\n<p>JOIA vegan es la primera marca vegana de esmaltes semipermanentes. JOIA vegan naci\u00f3 con la filosof\u00eda del veganismo y respeto por el medio ambiente, para ayudar a hacer del mundo un lugar mejor. \u00a1La combinaci\u00f3n perfecta entre innovaci\u00f3n, belleza y una filosof\u00eda eco-friendly!<\/p>\n","protected":false},"excerpt":{"rendered":"<p>La Latex Base de JOIA vegan es una base rubber que nivela perfectamente la placa de la u\u00f1a y oculta<\/p>\n","protected":false},"featured_media":6233,"comment_status":"open","ping_status":"closed","template":"","meta":[],"product_brand":[207],"product_cat":[36,234],"product_tag":[],"class_list":{"0":"post-6232","1":"product","2":"type-product","3":"status-publish","4":"has-post-thumbnail","6":"product_brand-joia","7":"product_cat-base","8":"product_cat-flexible","10":"first","11":"instock","12":"purchasable","13":"product-type-simple"},"_links":{"self":[{"href":"https:\/\/maabmakeup.com\/inicio-2\/wp-json\/wp\/v2\/product\/6232","targetHints":{"allow":["GET"]}}],"collection":[{"href":"https:\/\/maabmakeup.com\/inicio-2\/wp-json\/wp\/v2\/product"}],"about":[{"href":"https:\/\/maabmakeup.com\/inicio-2\/wp-json\/wp\/v2\/types\/product"}],"replies":[{"embeddable":true,"href":"https:\/\/maabmakeup.com\/inicio-2\/wp-json\/wp\/v2\/comments?post=6232"}],"wp:featuredmedia":[{"embeddable":true,"href":"https:\/\/maabmakeup.com\/inicio-2\/wp-json\/wp\/v2\/media\/6233"}],"wp:attachment":[{"href":"https:\/\/maabmakeup.com\/inicio-2\/wp-json\/wp\/v2\/media?parent=6232"}],"wp:term":[{"taxonomy":"product_brand","embeddable":true,"href":"https:\/\/maabmakeup.com\/inicio-2\/wp-json\/wp\/v2\/product_brand?post=6232"},{"taxonomy":"product_cat","embeddable":true,"href":"https:\/\/maabmakeup.com\/inicio-2\/wp-json\/wp\/v2\/product_cat?post=6232"},{"taxonomy":"product_tag","embeddable":true,"href":"https:\/\/maabmakeup.com\/inicio-2\/wp-json\/wp\/v2\/product_tag?post=6232"}],"curies":[{"name":"wp","href":"https:\/\/api.w.org\/{rel}","templated":true}]}}