{"id":6238,"date":"2025-03-03T09:24:43","date_gmt":"2025-03-03T08:24:43","guid":{"rendered":"https:\/\/maabmakeup.es\/?post_type=product&#038;p=6238"},"modified":"2026-03-28T13:17:55","modified_gmt":"2026-03-28T12:17:55","slug":"joia-vegan-deshidratador-de-unas-nail-dryer-8ml","status":"publish","type":"product","link":"https:\/\/maabmakeup.com\/inicio-2\/tienda\/cuidado-de-las-unas\/deshidratador\/joia-vegan-deshidratador-de-unas-nail-dryer-8ml\/","title":{"rendered":"JOIA vegan Deshidratador de u\u00f1as Nail Dryer &#8211; 8ml"},"content":{"rendered":"<p>El deshidratador de u\u00f1as es un producto que te ayudar\u00e1 a preparar la placa de la u\u00f1a natural antes de la manicura y crear una capa perfecta. Es un producto multifunci\u00f3n: no s\u00f3lo desengrasa y limpia la placa de la u\u00f1a, sino que tambi\u00e9n elimina el exceso de humedad. Adem\u00e1s, mejora la adherencia de la base y los esmaltes semipermanentes en la placa de la u\u00f1a.<\/p>\n<p>Aplicando el deshidratador de u\u00f1as evitar\u00e1s situaciones como grietas, roturas, desprendimientos, etc. Recuerda que el deshidratador no substituye la aplicaci\u00f3n de un primer posteriormente.<\/p>\n<p>\u00bfC\u00f3mo utilizarlo? Prepara tus u\u00f1as naturales y, a continuaci\u00f3n, extiende el material uniformemente por toda la superficie de la u\u00f1a. La placa de tu u\u00f1a debe quedar mate. \u00a1Y ya est\u00e1! ya puedes pasar al siguiente paso.<\/p>\n<p>Producto vegano.<br \/>\n15-Free f\u00f3rmula.<\/p>\n<p>JOIA vegan es la primera marca vegana de esmaltes semipermanentes. JOIA vegan naci\u00f3 con la filosof\u00eda del veganismo y respeto por el medio ambiente, para ayudar a hacer del mundo un lugar mejor. \u00a1La combinaci\u00f3n perfecta entre innovaci\u00f3n, belleza y una filosof\u00eda eco-friendly!<\/p>\n","protected":false},"excerpt":{"rendered":"<p>El deshidratador de u\u00f1as es un producto que te ayudar\u00e1 a preparar la placa de la u\u00f1a natural antes de<\/p>\n","protected":false},"featured_media":6239,"comment_status":"open","ping_status":"closed","template":"","meta":[],"product_brand":[207],"product_cat":[37],"product_tag":[],"class_list":{"0":"post-6238","1":"product","2":"type-product","3":"status-publish","4":"has-post-thumbnail","6":"product_brand-joia","7":"product_cat-deshidratador","9":"first","10":"instock","11":"purchasable","12":"product-type-simple"},"_links":{"self":[{"href":"https:\/\/maabmakeup.com\/inicio-2\/wp-json\/wp\/v2\/product\/6238","targetHints":{"allow":["GET"]}}],"collection":[{"href":"https:\/\/maabmakeup.com\/inicio-2\/wp-json\/wp\/v2\/product"}],"about":[{"href":"https:\/\/maabmakeup.com\/inicio-2\/wp-json\/wp\/v2\/types\/product"}],"replies":[{"embeddable":true,"href":"https:\/\/maabmakeup.com\/inicio-2\/wp-json\/wp\/v2\/comments?post=6238"}],"wp:featuredmedia":[{"embeddable":true,"href":"https:\/\/maabmakeup.com\/inicio-2\/wp-json\/wp\/v2\/media\/6239"}],"wp:attachment":[{"href":"https:\/\/maabmakeup.com\/inicio-2\/wp-json\/wp\/v2\/media?parent=6238"}],"wp:term":[{"taxonomy":"product_brand","embeddable":true,"href":"https:\/\/maabmakeup.com\/inicio-2\/wp-json\/wp\/v2\/product_brand?post=6238"},{"taxonomy":"product_cat","embeddable":true,"href":"https:\/\/maabmakeup.com\/inicio-2\/wp-json\/wp\/v2\/product_cat?post=6238"},{"taxonomy":"product_tag","embeddable":true,"href":"https:\/\/maabmakeup.com\/inicio-2\/wp-json\/wp\/v2\/product_tag?post=6238"}],"curies":[{"name":"wp","href":"https:\/\/api.w.org\/{rel}","templated":true}]}}