{"id":6242,"date":"2025-03-03T09:48:37","date_gmt":"2025-03-03T08:48:37","guid":{"rendered":"https:\/\/maabmakeup.es\/?post_type=product&#038;p=6242"},"modified":"2025-08-08T17:42:46","modified_gmt":"2025-08-08T15:42:46","slug":"pnb-top-coat-no-wipe-porcelain-8ml","status":"publish","type":"product","link":"https:\/\/maabmakeup.com\/inicio-2\/tienda\/top-coat\/pnb-top-coat-no-wipe-porcelain-8ml\/","title":{"rendered":"PNB Top Coat No Wipe &#8211; Porcelain &#8211; 8ml"},"content":{"rendered":"<p>Top Coat con acabado porcelana.<\/p>\n<p>Es un top con tono blanquecino, sin capa de dispersi\u00f3n. Es el punto medio entre la transparencia y el blanco leche. Transl\u00facido, como una sombra difuminada.<\/p>\n<p>El top coat Porcelain dar\u00e1 profundidad al dise\u00f1o, un aspecto lujoso y cuidado a la manicura francesa. El efecto \u00abmarfil\u00bb llenar\u00e1 de un noble resplandor y ayudar\u00e1 a suavizar el degradado.<\/p>\n<p>Este top es perfecto para t\u00e9cnicas \u00abbaby boomer\u00bb.<\/p>\n<p>Ideal para cubrir el gel, crear dise\u00f1os acuarelados, cubrir la purpurina y suavizar el brillo. La soluci\u00f3n \u00f3ptima para las populares t\u00e9cnicas de degradado.<\/p>\n<p>VENTAJAS:<br \/>\n&#8211; No tiene pegajosidad residual despu\u00e9s de la polimerizaci\u00f3n<br \/>\n&#8211; No deja rayas (pigmentaci\u00f3n uniforme)<br \/>\n&#8211; No produce amarilleamiento<br \/>\n&#8211; Tiene consistencia l\u00edquida y autonivelante<br \/>\n&#8211; El\u00e1stico<br \/>\n&#8211; No se astilla en u\u00f1as blandas y problem\u00e1ticas<br \/>\n&#8211; Oculta las imperfecciones de la l\u00e1mina ungueal<br \/>\n&#8211; Disimula peque\u00f1os ara\u00f1azos despu\u00e9s de limar la superficie<br \/>\n&#8211; Ahorra tiempo<br \/>\n&#8211; Contiene s\u00f3lo materias primas seguras, es 7-free.<\/p>\n<p>Modo de empleo:<br \/>\n&#8211; Preparar la placa de la u\u00f1a.<br \/>\n&#8211; Aplicar el deshidratador de u\u00f1as y, a continuaci\u00f3n, el Primer sin \u00e1cido Bond Control.<br \/>\n&#8211; Aplicar una capa de base para esmalte semipermanente y curar.<br \/>\n&#8211; Aplicar el esmalte semipermanente de color y curar durante 60 segundos.<br \/>\n&#8211; Aplicar una capa fina del top coat Porcelain sobre el esmalte semipermanente de color (el tiempo de polimerizaci\u00f3n en l\u00e1mpara UV es de 2 minutos o en l\u00e1mpara LED es de 90 segundos).<\/p>\n","protected":false},"excerpt":{"rendered":"<p>Top Coat con acabado porcelana. Es un top con tono blanquecino, sin capa de dispersi\u00f3n. Es el punto medio entre<\/p>\n","protected":false},"featured_media":6243,"comment_status":"open","ping_status":"closed","template":"","meta":[],"product_brand":[215],"product_cat":[166],"product_tag":[],"class_list":{"0":"post-6242","1":"product","2":"type-product","3":"status-publish","4":"has-post-thumbnail","6":"product_brand-pnb","7":"product_cat-top-coat","9":"first","10":"outofstock","11":"purchasable","12":"product-type-simple"},"_links":{"self":[{"href":"https:\/\/maabmakeup.com\/inicio-2\/wp-json\/wp\/v2\/product\/6242","targetHints":{"allow":["GET"]}}],"collection":[{"href":"https:\/\/maabmakeup.com\/inicio-2\/wp-json\/wp\/v2\/product"}],"about":[{"href":"https:\/\/maabmakeup.com\/inicio-2\/wp-json\/wp\/v2\/types\/product"}],"replies":[{"embeddable":true,"href":"https:\/\/maabmakeup.com\/inicio-2\/wp-json\/wp\/v2\/comments?post=6242"}],"wp:featuredmedia":[{"embeddable":true,"href":"https:\/\/maabmakeup.com\/inicio-2\/wp-json\/wp\/v2\/media\/6243"}],"wp:attachment":[{"href":"https:\/\/maabmakeup.com\/inicio-2\/wp-json\/wp\/v2\/media?parent=6242"}],"wp:term":[{"taxonomy":"product_brand","embeddable":true,"href":"https:\/\/maabmakeup.com\/inicio-2\/wp-json\/wp\/v2\/product_brand?post=6242"},{"taxonomy":"product_cat","embeddable":true,"href":"https:\/\/maabmakeup.com\/inicio-2\/wp-json\/wp\/v2\/product_cat?post=6242"},{"taxonomy":"product_tag","embeddable":true,"href":"https:\/\/maabmakeup.com\/inicio-2\/wp-json\/wp\/v2\/product_tag?post=6242"}],"curies":[{"name":"wp","href":"https:\/\/api.w.org\/{rel}","templated":true}]}}