{"id":6244,"date":"2025-03-03T09:52:56","date_gmt":"2025-03-03T08:52:56","guid":{"rendered":"https:\/\/maabmakeup.es\/?post_type=product&#038;p=6244"},"modified":"2025-08-08T17:42:24","modified_gmt":"2025-08-08T15:42:24","slug":"pnb-top-coat-no-wipe-glow-in-night-8ml","status":"publish","type":"product","link":"https:\/\/maabmakeup.com\/inicio-2\/tienda\/top-coat\/pnb-top-coat-no-wipe-glow-in-night-8ml\/","title":{"rendered":"PNB Top Coat No Wipe &#8211; Glow in Night &#8211; 8ml"},"content":{"rendered":"<p>Es el momento de llevar la manicura a un nivel superior, y la marca PNB est\u00e1 lista para asumir nuevos retos y sorprender a sus clientes. En esta ocasi\u00f3n, te presentamos un producto que ser\u00e1 el complemento perfecto para dise\u00f1os audaces y espectaculares.<\/p>\n<p>\u00a1Es hora de brillar d\u00eda y noche con el Glow in Night Top PNB fluorescente que brilla en la oscuridad!<\/p>\n<p>Su aplicaci\u00f3n es f\u00e1cil y c\u00f3moda, y el resultado impactar\u00e1 a cualquiera con su estilo y magnetismo.<\/p>\n<p>Ventajas:<br \/>\n&#8211; Composici\u00f3n segura .<br \/>\n&#8211; Puede usarse como capa final en cualquier tipo de trabajo o para resaltar elementos espec\u00edficos del dise\u00f1o.<br \/>\n&#8211; Sin olor fuerte.<br \/>\n&#8211; Efecto \u00abwow\u00bb gracias a las part\u00edculas fluorescentes.<br \/>\n&#8211; Sin capa de dispersi\u00f3n.<br \/>\n&#8211; Incluye filtro UV, por lo que puede modificar ligeramente algunos tonos oscuros.<br \/>\n&#8211; Consistencia de viscosidad media.<br \/>\n&#8211; No probado en animales.<\/p>\n<p>Modo de empleo:<br \/>\n1. Preparar la placa de la u\u00f1a con un pulidor o una lima de grano 240, eliminando el brillo de la superficie de la u\u00f1a.<br \/>\n2. Aplicar el deshidratador de u\u00f1as y, a continuaci\u00f3n, el Primer sin \u00e1cido Bond Control.<br \/>\n3. Aplicar una capa de base para esmalte semipermanente y curar.<br \/>\n4. Aplicar 1-2 capas del esmalte semipermanente de color y curar durante 60 segundos. Dar preferencia a colores claros y brillantes de ne\u00f3n.<br \/>\n5. Aplicar el PNB Top Coat No Wipe &#8211; Glow in Night en una capa media sin nivelar y polimeriza durante 60 segundos en l\u00e1mpara UV\/LED. No tocar el revestimiento y dejar enfriar el top durante 60 segundos.<br \/>\n6. Completar la manicura aplicando el PNB Aceite.<\/p>\n","protected":false},"excerpt":{"rendered":"<p>Es el momento de llevar la manicura a un nivel superior, y la marca PNB est\u00e1 lista para asumir nuevos<\/p>\n","protected":false},"featured_media":6245,"comment_status":"open","ping_status":"closed","template":"","meta":[],"product_brand":[215],"product_cat":[166],"product_tag":[],"class_list":{"0":"post-6244","1":"product","2":"type-product","3":"status-publish","4":"has-post-thumbnail","6":"product_brand-pnb","7":"product_cat-top-coat","9":"first","10":"instock","11":"purchasable","12":"product-type-simple"},"_links":{"self":[{"href":"https:\/\/maabmakeup.com\/inicio-2\/wp-json\/wp\/v2\/product\/6244","targetHints":{"allow":["GET"]}}],"collection":[{"href":"https:\/\/maabmakeup.com\/inicio-2\/wp-json\/wp\/v2\/product"}],"about":[{"href":"https:\/\/maabmakeup.com\/inicio-2\/wp-json\/wp\/v2\/types\/product"}],"replies":[{"embeddable":true,"href":"https:\/\/maabmakeup.com\/inicio-2\/wp-json\/wp\/v2\/comments?post=6244"}],"wp:featuredmedia":[{"embeddable":true,"href":"https:\/\/maabmakeup.com\/inicio-2\/wp-json\/wp\/v2\/media\/6245"}],"wp:attachment":[{"href":"https:\/\/maabmakeup.com\/inicio-2\/wp-json\/wp\/v2\/media?parent=6244"}],"wp:term":[{"taxonomy":"product_brand","embeddable":true,"href":"https:\/\/maabmakeup.com\/inicio-2\/wp-json\/wp\/v2\/product_brand?post=6244"},{"taxonomy":"product_cat","embeddable":true,"href":"https:\/\/maabmakeup.com\/inicio-2\/wp-json\/wp\/v2\/product_cat?post=6244"},{"taxonomy":"product_tag","embeddable":true,"href":"https:\/\/maabmakeup.com\/inicio-2\/wp-json\/wp\/v2\/product_tag?post=6244"}],"curies":[{"name":"wp","href":"https:\/\/api.w.org\/{rel}","templated":true}]}}