{"id":6289,"date":"2025-03-17T09:55:44","date_gmt":"2025-03-17T08:55:44","guid":{"rendered":"https:\/\/maabmakeup.es\/?post_type=product&#038;p=6289"},"modified":"2026-02-09T17:47:53","modified_gmt":"2026-02-09T16:47:53","slug":"curso-manicura-rusa-con-torno","status":"publish","type":"product","link":"https:\/\/maabmakeup.com\/inicio-2\/tienda\/cursos\/curso-manicura-rusa-con-torno\/","title":{"rendered":"Curso Manicura Perfecta ( I Nivel)"},"content":{"rendered":"<p>&nbsp;<\/p>\n<div class=\"\">\n<div id=\":ms\" class=\"ii gt\">\n<div id=\":mr\" class=\"a3s aiL\">\n<div id=\"avWBGd-17\">\n<div dir=\"ltr\">Inicia o Perfecciona tu T\u00e9cnica de Manicura<\/p>\n<p>Este curso es ideal para quienes desean iniciarse en el mundo de la manicura o perfeccionar sus habilidades. Manicura Fusi\u00f3n I Nivel te brinda los conocimientos y t\u00e9cnicas esenciales para realizar una manicura perfecta, trabajando cut\u00edculas de manera saludable y aplicando Esmalte Semipermanente con Nivelaci\u00f3n impecable.<\/p>\n<p>\u00bfQu\u00e9 aprender\u00e1s en este curso?<br \/>\n<img decoding=\"async\" class=\"an1\" draggable=\"false\" src=\"https:\/\/fonts.gstatic.com\/s\/e\/notoemoji\/16.0\/1f31f\/32.png\" alt=\"\ud83c\udf1f\" data-emoji=\"\ud83c\udf1f\" aria-label=\"\ud83c\udf1f\" \/>\u00a0Higiene y seguridad:<br \/>\n\u2022 T\u00e9cnicas de desinfecci\u00f3n y esterilizaci\u00f3n para un trabajo seguro y profesional.<\/p>\n<p><img decoding=\"async\" class=\"an1\" draggable=\"false\" src=\"https:\/\/fonts.gstatic.com\/s\/e\/notoemoji\/16.0\/1f31f\/32.png\" alt=\"\ud83c\udf1f\" data-emoji=\"\ud83c\udf1f\" aria-label=\"\ud83c\udf1f\" \/>\u00a0Conocimientos fundamentales:<br \/>\n\u2022 Anatom\u00eda de la u\u00f1a natural y estudio de la epidermis para comprender mejor su cuidado.<\/p>\n<p><img decoding=\"async\" class=\"an1\" draggable=\"false\" src=\"https:\/\/fonts.gstatic.com\/s\/e\/notoemoji\/16.0\/1f31f\/32.png\" alt=\"\ud83c\udf1f\" data-emoji=\"\ud83c\udf1f\" aria-label=\"\ud83c\udf1f\" \/>\u00a0Herramientas imprescindibles:<br \/>\n\u2022 Uso correcto de torno, tijeras, empujadores, fresas y l\u00e1mpara.<\/p>\n<p><img decoding=\"async\" class=\"an1\" draggable=\"false\" src=\"https:\/\/fonts.gstatic.com\/s\/e\/notoemoji\/16.0\/1f31f\/32.png\" alt=\"\ud83c\udf1f\" data-emoji=\"\ud83c\udf1f\" aria-label=\"\ud83c\udf1f\" \/>\u00a0T\u00e9cnicas avanzadas de manicura:<br \/>\n\u2022 Identificaci\u00f3n de los tipos de cut\u00edculas y c\u00f3mo trabajarlas de manera saludable.<br \/>\n\u2022 Aplicaci\u00f3n de Esmalte Semipermanente con Nivelaci\u00f3n adaptado a cada tipo de u\u00f1a natural.<br \/>\n\u2022 Refuerzo para garantizar resistencia y durabilidad.<\/p>\n<p>\u00bfPor qu\u00e9 elegir este curso?<br \/>\n<img decoding=\"async\" class=\"an1\" draggable=\"false\" src=\"https:\/\/fonts.gstatic.com\/s\/e\/notoemoji\/16.0\/2714_fe0f\/32.png\" alt=\"\u2714\ufe0f\" data-emoji=\"\u2714\ufe0f\" aria-label=\"\u2714\ufe0f\" \/>\u00a0Es la base perfecta para quienes buscan iniciar o avanzar en la manicura profesional.<br \/>\n<img decoding=\"async\" class=\"an1\" draggable=\"false\" src=\"https:\/\/fonts.gstatic.com\/s\/e\/notoemoji\/16.0\/2714_fe0f\/32.png\" alt=\"\u2714\ufe0f\" data-emoji=\"\u2714\ufe0f\" aria-label=\"\u2714\ufe0f\" \/>\u00a0Obtendr\u00e1s conocimientos pr\u00e1cticos y aplicables desde el primer d\u00eda.<br \/>\n<img decoding=\"async\" class=\"an1\" draggable=\"false\" src=\"https:\/\/fonts.gstatic.com\/s\/e\/notoemoji\/16.0\/2714_fe0f\/32.png\" alt=\"\u2714\ufe0f\" data-emoji=\"\u2714\ufe0f\" aria-label=\"\u2714\ufe0f\" \/>\u00a0Elevar\u00e1s la calidad de tu trabajo con t\u00e9cnicas modernas y adaptadas al sal\u00f3n.<\/p>\n<p>Manicura Fusi\u00f3n I Nivel es el primer paso para convertirte en un profesional destacado. \u00a1Empieza hoy y lleva tu pasi\u00f3n al siguiente nivel!<\/p>\n<p>Lugar: C\/ Cabo Noval, 6 local 1. Academia MAAB Make up. MELILLA<\/p>\n<p>SOLO TIENES QUE TRAER:<br \/>\nTorno<br \/>\nPincel liner<br \/>\nY muchas ganas de aprender!<\/p>\n<p>Para reservar tu plaza podemos indicarte las condiciones y posibilidades dd pago! Una vez hecho el pago, MUY IMPORTANTE, dejarme escrito por aqu\u00ed tu nombre y apellidos para el t\u00edtulo!!!<\/p><\/div>\n<\/div>\n<\/div>\n<\/div>\n<\/div>\n","protected":false},"excerpt":{"rendered":"<p>&nbsp; Inicia o Perfecciona tu T\u00e9cnica de Manicura Este curso es ideal para quienes desean iniciarse en el mundo de<\/p>\n","protected":false},"featured_media":7890,"comment_status":"open","ping_status":"closed","template":"","meta":[],"product_brand":[],"product_cat":[138],"product_tag":[],"class_list":{"0":"post-6289","1":"product","2":"type-product","3":"status-publish","4":"has-post-thumbnail","6":"product_cat-cursos","8":"first","9":"instock","10":"purchasable","11":"product-type-simple"},"_links":{"self":[{"href":"https:\/\/maabmakeup.com\/inicio-2\/wp-json\/wp\/v2\/product\/6289","targetHints":{"allow":["GET"]}}],"collection":[{"href":"https:\/\/maabmakeup.com\/inicio-2\/wp-json\/wp\/v2\/product"}],"about":[{"href":"https:\/\/maabmakeup.com\/inicio-2\/wp-json\/wp\/v2\/types\/product"}],"replies":[{"embeddable":true,"href":"https:\/\/maabmakeup.com\/inicio-2\/wp-json\/wp\/v2\/comments?post=6289"}],"wp:featuredmedia":[{"embeddable":true,"href":"https:\/\/maabmakeup.com\/inicio-2\/wp-json\/wp\/v2\/media\/7890"}],"wp:attachment":[{"href":"https:\/\/maabmakeup.com\/inicio-2\/wp-json\/wp\/v2\/media?parent=6289"}],"wp:term":[{"taxonomy":"product_brand","embeddable":true,"href":"https:\/\/maabmakeup.com\/inicio-2\/wp-json\/wp\/v2\/product_brand?post=6289"},{"taxonomy":"product_cat","embeddable":true,"href":"https:\/\/maabmakeup.com\/inicio-2\/wp-json\/wp\/v2\/product_cat?post=6289"},{"taxonomy":"product_tag","embeddable":true,"href":"https:\/\/maabmakeup.com\/inicio-2\/wp-json\/wp\/v2\/product_tag?post=6289"}],"curies":[{"name":"wp","href":"https:\/\/api.w.org\/{rel}","templated":true}]}}