{"id":6295,"date":"2025-03-17T10:28:00","date_gmt":"2025-03-17T09:28:00","guid":{"rendered":"https:\/\/maabmakeup.es\/?post_type=product&#038;p=6295"},"modified":"2026-02-09T17:57:45","modified_gmt":"2026-02-09T16:57:45","slug":"curso-inicio-de-polygel-fs-nivel-1","status":"publish","type":"product","link":"https:\/\/maabmakeup.com\/inicio-2\/tienda\/cursos\/curso-inicio-de-polygel-fs-nivel-1\/","title":{"rendered":"Dual Mix- Sandwich"},"content":{"rendered":"<p>Este curso avanzado te ense\u00f1a a dominar desde la t\u00e9cnica b\u00e1sica del sistema Dual hasta las estructuras m\u00e1s creativas y profesionales, incluyendo la innovadora t\u00e9cnica Dual Sandwich.<\/p>\n<p>Con DualMix, aprender\u00e1s a crear u\u00f1as de sal\u00f3n perfectas, duraderas y realizadas en tiempo r\u00e9cord, combinando precisi\u00f3n t\u00e9cnica y creatividad art\u00edstica. Una formaci\u00f3n dise\u00f1ada para profesionales que buscan llevar sus habilidades a otro nivel y ofrecer resultados impecables en cada servicio.<\/p>\n<p>\u00bfQu\u00e9 aprender\u00e1s?<br \/>\n&#8211; Aplicaci\u00f3n del sistema Dual desde cero: Domina la base t\u00e9cnica para una correcta preparaci\u00f3n y colocaci\u00f3n.<br \/>\n&#8211; Construcci\u00f3n de u\u00f1as con Gel de construcci\u00f3n y sistema Dual: Desde la cut\u00edcula hasta la extensi\u00f3n.<br \/>\n&#8211; Creaci\u00f3n de estructuras de sal\u00f3n elegantes y vers\u00e1tiles.<br \/>\n&#8211; T\u00e9cnica Dual Sandwich: Aprende a encapsular dise\u00f1os o efectos entre capas para un resultado art\u00edstico y sofisticado.<br \/>\n&#8211; Control de producto y tiempos de trabajo: Maximiza la eficiencia sin perder la calidad.<\/p>\n<p>Precio: 247\u20ac<\/p>\n<div>\nLugar: C\/ Cabo Noval, 6 local 1. Academia MAAB Make up. MELILLA<\/p>\n<div>\nDebes llevar:<br \/>\n&#8211; Torno<br \/>\n&#8211; Pincel Liner y de Gel<br \/>\n&#8211; Fresas para cut\u00edcula y para retirar producto<br \/>\n&#8211; Tijeras o alicate<\/p>\n<p>Para reservar tu plaza podemos indicarte las condiciones y posibilidades dd pago! Una vez hecho el pago, MUY IMPORTANTE, dejarme escrito por aqu\u00ed tu nombre y apellidos para el t\u00edtulo!!<\/p><\/div>\n<\/div>\n","protected":false},"excerpt":{"rendered":"<p>Este curso avanzado te ense\u00f1a a dominar desde la t\u00e9cnica b\u00e1sica del sistema Dual hasta las estructuras m\u00e1s creativas y<\/p>\n","protected":false},"featured_media":7892,"comment_status":"open","ping_status":"closed","template":"","meta":[],"product_brand":[],"product_cat":[138],"product_tag":[],"class_list":{"0":"post-6295","1":"product","2":"type-product","3":"status-publish","4":"has-post-thumbnail","6":"product_cat-cursos","8":"first","9":"instock","10":"purchasable","11":"product-type-simple"},"_links":{"self":[{"href":"https:\/\/maabmakeup.com\/inicio-2\/wp-json\/wp\/v2\/product\/6295","targetHints":{"allow":["GET"]}}],"collection":[{"href":"https:\/\/maabmakeup.com\/inicio-2\/wp-json\/wp\/v2\/product"}],"about":[{"href":"https:\/\/maabmakeup.com\/inicio-2\/wp-json\/wp\/v2\/types\/product"}],"replies":[{"embeddable":true,"href":"https:\/\/maabmakeup.com\/inicio-2\/wp-json\/wp\/v2\/comments?post=6295"}],"wp:featuredmedia":[{"embeddable":true,"href":"https:\/\/maabmakeup.com\/inicio-2\/wp-json\/wp\/v2\/media\/7892"}],"wp:attachment":[{"href":"https:\/\/maabmakeup.com\/inicio-2\/wp-json\/wp\/v2\/media?parent=6295"}],"wp:term":[{"taxonomy":"product_brand","embeddable":true,"href":"https:\/\/maabmakeup.com\/inicio-2\/wp-json\/wp\/v2\/product_brand?post=6295"},{"taxonomy":"product_cat","embeddable":true,"href":"https:\/\/maabmakeup.com\/inicio-2\/wp-json\/wp\/v2\/product_cat?post=6295"},{"taxonomy":"product_tag","embeddable":true,"href":"https:\/\/maabmakeup.com\/inicio-2\/wp-json\/wp\/v2\/product_tag?post=6295"}],"curies":[{"name":"wp","href":"https:\/\/api.w.org\/{rel}","templated":true}]}}