{"id":6374,"date":"2025-04-02T12:09:59","date_gmt":"2025-04-02T10:09:59","guid":{"rendered":"https:\/\/maabmakeup.es\/?post_type=product&#038;p=6374"},"modified":"2025-04-07T11:08:13","modified_gmt":"2025-04-07T09:08:13","slug":"contenedor-de-desinfeccion-1l-microstop-cuba","status":"publish","type":"product","link":"https:\/\/maabmakeup.com\/inicio-2\/tienda\/accesorios\/contenedor-de-desinfeccion-1l-microstop-cuba\/","title":{"rendered":"Contenedor de desinfecci\u00f3n 1L Microstop (CUBA)"},"content":{"rendered":"<p>Contenedor de desinfecci\u00f3n MICROSTOP 1L.<\/p>\n<p>Desinfecta tus utensilios de manicura y pedicura.<\/p>\n<p>Para cargas peque\u00f1as. Dimensiones: 255x135x85 mm<\/p>\n<p>. De pl\u00e1stico duradero, resistente a los productos qu\u00edmicos, no t\u00f3xico.<\/p>\n<p>. No amarillea porque no se expone a luz ultravioleta<\/p>\n<p>. Equipado con una bandeja perforada para mejorar la circulaci\u00f3n de la soluci\u00f3n desinfectante.<\/p>\n<p>. Con una tapa que cierra herm\u00e9ticamente el contenedor: la soluci\u00f3n no se evapora y conserva sus propiedades durante m\u00e1s tiempo.<\/p>\n","protected":false},"excerpt":{"rendered":"<p>Contenedor de desinfecci\u00f3n MICROSTOP 1L. Desinfecta tus utensilios de manicura y pedicura. Para cargas peque\u00f1as. Dimensiones: 255x135x85 mm . De<\/p>\n","protected":false},"featured_media":6375,"comment_status":"open","ping_status":"closed","template":"","meta":[],"product_brand":[],"product_cat":[107],"product_tag":[],"class_list":{"0":"post-6374","1":"product","2":"type-product","3":"status-publish","4":"has-post-thumbnail","6":"product_cat-accesorios","8":"first","9":"outofstock","10":"purchasable","11":"product-type-simple"},"_links":{"self":[{"href":"https:\/\/maabmakeup.com\/inicio-2\/wp-json\/wp\/v2\/product\/6374","targetHints":{"allow":["GET"]}}],"collection":[{"href":"https:\/\/maabmakeup.com\/inicio-2\/wp-json\/wp\/v2\/product"}],"about":[{"href":"https:\/\/maabmakeup.com\/inicio-2\/wp-json\/wp\/v2\/types\/product"}],"replies":[{"embeddable":true,"href":"https:\/\/maabmakeup.com\/inicio-2\/wp-json\/wp\/v2\/comments?post=6374"}],"wp:featuredmedia":[{"embeddable":true,"href":"https:\/\/maabmakeup.com\/inicio-2\/wp-json\/wp\/v2\/media\/6375"}],"wp:attachment":[{"href":"https:\/\/maabmakeup.com\/inicio-2\/wp-json\/wp\/v2\/media?parent=6374"}],"wp:term":[{"taxonomy":"product_brand","embeddable":true,"href":"https:\/\/maabmakeup.com\/inicio-2\/wp-json\/wp\/v2\/product_brand?post=6374"},{"taxonomy":"product_cat","embeddable":true,"href":"https:\/\/maabmakeup.com\/inicio-2\/wp-json\/wp\/v2\/product_cat?post=6374"},{"taxonomy":"product_tag","embeddable":true,"href":"https:\/\/maabmakeup.com\/inicio-2\/wp-json\/wp\/v2\/product_tag?post=6374"}],"curies":[{"name":"wp","href":"https:\/\/api.w.org\/{rel}","templated":true}]}}