{"id":6394,"date":"2025-04-09T16:54:59","date_gmt":"2025-04-09T14:54:59","guid":{"rendered":"https:\/\/maabmakeup.es\/?post_type=product&#038;p=6394"},"modified":"2026-02-25T13:17:08","modified_gmt":"2026-02-25T12:17:08","slug":"joia-vegan-top-coat-aqua-gloss-top-50ml","status":"publish","type":"product","link":"https:\/\/maabmakeup.com\/inicio-2\/tienda\/top-coat\/joia-vegan-top-coat-aqua-gloss-top-50ml\/","title":{"rendered":"JOIA vegan Top Coat &#8211; Aqua Gloss Top &#8211; 50ml"},"content":{"rendered":"<p>El Aqua Gloss Top proteger\u00e1 tu manicura de da\u00f1os mec\u00e1nicos, al mismo tiempo que mantendr\u00e1 la intensidad de su color y el brillo durante mucho tiempo. Adem\u00e1s, con el Aqua Gloss Top de JOIA vegan podr\u00e1s crear un efecto \u00abwet gloss\u00bb.<\/p>\n<p>&#8211; El producto se distribuye de forma f\u00e1cil y uniformemente sobre la superficie de la u\u00f1a.<br \/>\n&#8211; Consistencia media, para poder aplicar de forma c\u00f3moda.<br \/>\n&#8211; Consumo m\u00ednimo de material gracias a su envase \u00a1Ahorrar\u00e1s producto!<br \/>\n&#8211; Top no wipe. No tiene capa de dispersi\u00f3n, por lo que no necesitar\u00e1s limpiar el producto despu\u00e9s de su curado en l\u00e1mpara UV LED.<br \/>\n&#8211; Producto el\u00e1stico y resistente al desgaste y a los da\u00f1os mec\u00e1nicos.<\/p>\n<p>Tiempo de curado:<br \/>\nL\u00e1mpara UV LED 48W: 60 segundos<\/p>\n<p>Producto vegano.<br \/>\n15-Free f\u00f3rmula.<\/p>\n<p>JOIA vegan es la primera marca vegana de esmaltes semipermanentes. JOIA vegan naci\u00f3 con la filosof\u00eda del veganismo y respeto por el medio ambiente, para ayudar a hacer del mundo un lugar mejor. \u00a1La combinaci\u00f3n perfecta entre innovaci\u00f3n, belleza y una filosof\u00eda eco-friendly!<\/p>\n","protected":false},"excerpt":{"rendered":"<p>El Aqua Gloss Top proteger\u00e1 tu manicura de da\u00f1os mec\u00e1nicos, al mismo tiempo que mantendr\u00e1 la intensidad de su color<\/p>\n","protected":false},"featured_media":6395,"comment_status":"open","ping_status":"closed","template":"","meta":[],"product_brand":[207],"product_cat":[166],"product_tag":[],"class_list":{"0":"post-6394","1":"product","2":"type-product","3":"status-publish","4":"has-post-thumbnail","6":"product_brand-joia","7":"product_cat-top-coat","9":"first","10":"instock","11":"purchasable","12":"product-type-simple"},"_links":{"self":[{"href":"https:\/\/maabmakeup.com\/inicio-2\/wp-json\/wp\/v2\/product\/6394","targetHints":{"allow":["GET"]}}],"collection":[{"href":"https:\/\/maabmakeup.com\/inicio-2\/wp-json\/wp\/v2\/product"}],"about":[{"href":"https:\/\/maabmakeup.com\/inicio-2\/wp-json\/wp\/v2\/types\/product"}],"replies":[{"embeddable":true,"href":"https:\/\/maabmakeup.com\/inicio-2\/wp-json\/wp\/v2\/comments?post=6394"}],"wp:featuredmedia":[{"embeddable":true,"href":"https:\/\/maabmakeup.com\/inicio-2\/wp-json\/wp\/v2\/media\/6395"}],"wp:attachment":[{"href":"https:\/\/maabmakeup.com\/inicio-2\/wp-json\/wp\/v2\/media?parent=6394"}],"wp:term":[{"taxonomy":"product_brand","embeddable":true,"href":"https:\/\/maabmakeup.com\/inicio-2\/wp-json\/wp\/v2\/product_brand?post=6394"},{"taxonomy":"product_cat","embeddable":true,"href":"https:\/\/maabmakeup.com\/inicio-2\/wp-json\/wp\/v2\/product_cat?post=6394"},{"taxonomy":"product_tag","embeddable":true,"href":"https:\/\/maabmakeup.com\/inicio-2\/wp-json\/wp\/v2\/product_tag?post=6394"}],"curies":[{"name":"wp","href":"https:\/\/api.w.org\/{rel}","templated":true}]}}