{"id":6396,"date":"2025-04-09T17:00:15","date_gmt":"2025-04-09T15:00:15","guid":{"rendered":"https:\/\/maabmakeup.es\/?post_type=product&#038;p=6396"},"modified":"2025-09-24T18:22:17","modified_gmt":"2025-09-24T16:22:17","slug":"pnb-endurecedor-de-unas-active-hardener-15ml","status":"publish","type":"product","link":"https:\/\/maabmakeup.com\/inicio-2\/tienda\/cuidado-de-las-unas\/pnb-endurecedor-de-unas-active-hardener-15ml\/","title":{"rendered":"PNB Endurecedor de u\u00f1as -Active Hardener &#8211; 15ml"},"content":{"rendered":"<p>Endurecedor y fortalecedor de u\u00f1as para u\u00f1as quebradizas y propensas a partirse.<br \/>\nLa f\u00f3rmula concentrada fortalecedora del producto est\u00e1 enriquecida con extracto de hoja de rosa de los Alpes, ralentiza el proceso de destrucci\u00f3n de la queratina y favorece la renovaci\u00f3n de las c\u00e9lulas de la placa ungueal. Da fuerza a las u\u00f1as naturales y estimula su r\u00e1pido crecimiento.<br \/>\nSu f\u00f3rmula est\u00e1 dise\u00f1ada espec\u00edficamente para placas de u\u00f1as blandas, finas y da\u00f1adas. Las hojas de rosa alpina se utilizan para aumentar la intensidad de la reparaci\u00f3n de las u\u00f1as, prevenir su fragilidad y resolver el problema de la estratificaci\u00f3n.<br \/>\nLa capa aplicada act\u00faa como protecci\u00f3n contra las influencias externas, evita la sequedad y retiene la humedad. Como resultado, la fragilidad desaparece, las u\u00f1as se vuelven fuertes y vuelven a crecer r\u00e1pidamente.<\/p>\n<p>Modo de empleo:<br \/>\nAplicar como base o como capa independiente.<br \/>\nEl endurecedor se debe aplicar cada semana durante un mes. Durante este periodo, la capa expr\u00e9s har\u00e1 que las u\u00f1as est\u00e9n sanas y fuerte<\/p>\n","protected":false},"excerpt":{"rendered":"<p>Endurecedor y fortalecedor de u\u00f1as para u\u00f1as quebradizas y propensas a partirse. La f\u00f3rmula concentrada fortalecedora del producto est\u00e1 enriquecida<\/p>\n","protected":false},"featured_media":6397,"comment_status":"open","ping_status":"closed","template":"","meta":[],"product_brand":[215],"product_cat":[127],"product_tag":[],"class_list":{"0":"post-6396","1":"product","2":"type-product","3":"status-publish","4":"has-post-thumbnail","6":"product_brand-pnb","7":"product_cat-cuidado-de-las-unas","9":"first","10":"instock","11":"purchasable","12":"product-type-simple"},"_links":{"self":[{"href":"https:\/\/maabmakeup.com\/inicio-2\/wp-json\/wp\/v2\/product\/6396","targetHints":{"allow":["GET"]}}],"collection":[{"href":"https:\/\/maabmakeup.com\/inicio-2\/wp-json\/wp\/v2\/product"}],"about":[{"href":"https:\/\/maabmakeup.com\/inicio-2\/wp-json\/wp\/v2\/types\/product"}],"replies":[{"embeddable":true,"href":"https:\/\/maabmakeup.com\/inicio-2\/wp-json\/wp\/v2\/comments?post=6396"}],"wp:featuredmedia":[{"embeddable":true,"href":"https:\/\/maabmakeup.com\/inicio-2\/wp-json\/wp\/v2\/media\/6397"}],"wp:attachment":[{"href":"https:\/\/maabmakeup.com\/inicio-2\/wp-json\/wp\/v2\/media?parent=6396"}],"wp:term":[{"taxonomy":"product_brand","embeddable":true,"href":"https:\/\/maabmakeup.com\/inicio-2\/wp-json\/wp\/v2\/product_brand?post=6396"},{"taxonomy":"product_cat","embeddable":true,"href":"https:\/\/maabmakeup.com\/inicio-2\/wp-json\/wp\/v2\/product_cat?post=6396"},{"taxonomy":"product_tag","embeddable":true,"href":"https:\/\/maabmakeup.com\/inicio-2\/wp-json\/wp\/v2\/product_tag?post=6396"}],"curies":[{"name":"wp","href":"https:\/\/api.w.org\/{rel}","templated":true}]}}