{"id":6400,"date":"2025-04-09T17:13:16","date_gmt":"2025-04-09T15:13:16","guid":{"rendered":"https:\/\/maabmakeup.es\/?post_type=product&#038;p=6400"},"modified":"2025-08-08T18:05:03","modified_gmt":"2025-08-08T16:05:03","slug":"pnb-primer-bond-control-sin-acido-15ml","status":"publish","type":"product","link":"https:\/\/maabmakeup.com\/inicio-2\/tienda\/cuidado-de-las-unas\/primer\/pnb-primer-bond-control-sin-acido-15ml\/","title":{"rendered":"PNB Primer Bond Control sin \u00e1cido &#8211; 15ml"},"content":{"rendered":"<p>El Primer Bond Control sin \u00e1cido de PNB es un producto \u00fanico sin \u00e1cido que proporciona una adhesi\u00f3n ultra fuerte de cualquier producto en gel. Evita la descamaci\u00f3n y favorece una mejor compatibilidad del recubrimiento artificial con la estructura queratinosa de la placa de la u\u00f1a.<\/p>\n<p>Apl\u00edcalo siempre antes de utilizar tu base coat.<\/p>\n","protected":false},"excerpt":{"rendered":"<p>El Primer Bond Control sin \u00e1cido de PNB es un producto \u00fanico sin \u00e1cido que proporciona una adhesi\u00f3n ultra fuerte<\/p>\n","protected":false},"featured_media":6401,"comment_status":"open","ping_status":"closed","template":"","meta":[],"product_brand":[215],"product_cat":[77],"product_tag":[],"class_list":{"0":"post-6400","1":"product","2":"type-product","3":"status-publish","4":"has-post-thumbnail","6":"product_brand-pnb","7":"product_cat-primer","9":"first","10":"outofstock","11":"purchasable","12":"product-type-simple"},"_links":{"self":[{"href":"https:\/\/maabmakeup.com\/inicio-2\/wp-json\/wp\/v2\/product\/6400","targetHints":{"allow":["GET"]}}],"collection":[{"href":"https:\/\/maabmakeup.com\/inicio-2\/wp-json\/wp\/v2\/product"}],"about":[{"href":"https:\/\/maabmakeup.com\/inicio-2\/wp-json\/wp\/v2\/types\/product"}],"replies":[{"embeddable":true,"href":"https:\/\/maabmakeup.com\/inicio-2\/wp-json\/wp\/v2\/comments?post=6400"}],"wp:featuredmedia":[{"embeddable":true,"href":"https:\/\/maabmakeup.com\/inicio-2\/wp-json\/wp\/v2\/media\/6401"}],"wp:attachment":[{"href":"https:\/\/maabmakeup.com\/inicio-2\/wp-json\/wp\/v2\/media?parent=6400"}],"wp:term":[{"taxonomy":"product_brand","embeddable":true,"href":"https:\/\/maabmakeup.com\/inicio-2\/wp-json\/wp\/v2\/product_brand?post=6400"},{"taxonomy":"product_cat","embeddable":true,"href":"https:\/\/maabmakeup.com\/inicio-2\/wp-json\/wp\/v2\/product_cat?post=6400"},{"taxonomy":"product_tag","embeddable":true,"href":"https:\/\/maabmakeup.com\/inicio-2\/wp-json\/wp\/v2\/product_tag?post=6400"}],"curies":[{"name":"wp","href":"https:\/\/api.w.org\/{rel}","templated":true}]}}