{"id":6402,"date":"2025-04-09T17:32:05","date_gmt":"2025-04-09T15:32:05","guid":{"rendered":"https:\/\/maabmakeup.es\/?post_type=product&#038;p=6402"},"modified":"2025-11-03T19:38:39","modified_gmt":"2025-11-03T18:38:39","slug":"limpiador-facial-en-espuma-para-piel-seca","status":"publish","type":"product","link":"https:\/\/maabmakeup.com\/inicio-2\/tienda\/facial\/limpiador-facial-en-espuma-para-piel-seca\/","title":{"rendered":"Limpiador facial en espuma para piel seca"},"content":{"rendered":"<p>Limpiador facial en espuma para pieles secas y sensibles.<\/p>\n<p>Limpia suave y eficazmente la piel hidrat\u00e1ndola durante el lavado. Capaz de retirar el sebo y el maquillaje.<\/p>\n<p>Piel limpia, suave y con un agradable aroma.<br \/>\nApto para usuarios de lentes de contacto para limpiar el rostro, no es un desmaquillante de ojos.<\/p>\n<p>Contiene un 90% de ingredientes de origen natural. Lavado de espuma sin aceite y con fragancia suave.<\/p>\n<p>Enriquecido con beta\u00edna, lactato de sodio, \u00e1cido l\u00e1ctico, PCA, provitamina B5.<\/p>\n<p>Son veganos y son aptos para los distintos tipos de piel.<\/p>\n","protected":false},"excerpt":{"rendered":"<p>Limpiador facial en espuma para pieles secas y sensibles. Limpia suave y eficazmente la piel hidrat\u00e1ndola durante el lavado. Capaz<\/p>\n","protected":false},"featured_media":6403,"comment_status":"open","ping_status":"closed","template":"","meta":[],"product_brand":[218],"product_cat":[184],"product_tag":[],"class_list":{"0":"post-6402","1":"product","2":"type-product","3":"status-publish","4":"has-post-thumbnail","6":"product_brand-bell","7":"product_cat-facial","9":"first","10":"instock","11":"purchasable","12":"product-type-simple"},"_links":{"self":[{"href":"https:\/\/maabmakeup.com\/inicio-2\/wp-json\/wp\/v2\/product\/6402","targetHints":{"allow":["GET"]}}],"collection":[{"href":"https:\/\/maabmakeup.com\/inicio-2\/wp-json\/wp\/v2\/product"}],"about":[{"href":"https:\/\/maabmakeup.com\/inicio-2\/wp-json\/wp\/v2\/types\/product"}],"replies":[{"embeddable":true,"href":"https:\/\/maabmakeup.com\/inicio-2\/wp-json\/wp\/v2\/comments?post=6402"}],"wp:featuredmedia":[{"embeddable":true,"href":"https:\/\/maabmakeup.com\/inicio-2\/wp-json\/wp\/v2\/media\/6403"}],"wp:attachment":[{"href":"https:\/\/maabmakeup.com\/inicio-2\/wp-json\/wp\/v2\/media?parent=6402"}],"wp:term":[{"taxonomy":"product_brand","embeddable":true,"href":"https:\/\/maabmakeup.com\/inicio-2\/wp-json\/wp\/v2\/product_brand?post=6402"},{"taxonomy":"product_cat","embeddable":true,"href":"https:\/\/maabmakeup.com\/inicio-2\/wp-json\/wp\/v2\/product_cat?post=6402"},{"taxonomy":"product_tag","embeddable":true,"href":"https:\/\/maabmakeup.com\/inicio-2\/wp-json\/wp\/v2\/product_tag?post=6402"}],"curies":[{"name":"wp","href":"https:\/\/api.w.org\/{rel}","templated":true}]}}