{"id":6412,"date":"2025-04-10T10:14:44","date_gmt":"2025-04-10T08:14:44","guid":{"rendered":"https:\/\/maabmakeup.es\/?post_type=product&#038;p=6412"},"modified":"2025-08-08T18:04:06","modified_gmt":"2025-08-08T16:04:06","slug":"gel-de-higiene-intima-cremoso-protector-con-acido-lactico-500ml","status":"publish","type":"product","link":"https:\/\/maabmakeup.com\/inicio-2\/tienda\/facial\/gel-de-higiene-intima-cremoso-protector-con-acido-lactico-500ml\/","title":{"rendered":"Gel de higiene \u00edntima cremoso protector con \u00e1cido l\u00e1ctico 500ml"},"content":{"rendered":"<p>Gel cremoso para el lavado diario del \u00e1rea \u00edntima propensa a irritaciones.<\/p>\n<p>Limpia suavemente y proporciona una sensaci\u00f3n de frescor duradera.<br \/>\nRestablece y mantiene el equilibrio fisiol\u00f3gico del pH natural.<br \/>\nEl \u00e1cido l\u00e1ctico es un agente antibacteriano natural.<\/p>\n<p>Ingredientes activos: \u00e1cido l\u00e1ctico<br \/>\nApto para veganos.<br \/>\nApto a partir de 12 a\u00f1os.<\/p>\n","protected":false},"excerpt":{"rendered":"<p>Gel cremoso para el lavado diario del \u00e1rea \u00edntima propensa a irritaciones. Limpia suavemente y proporciona una sensaci\u00f3n de frescor<\/p>\n","protected":false},"featured_media":6413,"comment_status":"open","ping_status":"closed","template":"","meta":[],"product_brand":[218],"product_cat":[184],"product_tag":[],"class_list":{"0":"post-6412","1":"product","2":"type-product","3":"status-publish","4":"has-post-thumbnail","6":"product_brand-bell","7":"product_cat-facial","9":"first","10":"instock","11":"purchasable","12":"product-type-simple"},"_links":{"self":[{"href":"https:\/\/maabmakeup.com\/inicio-2\/wp-json\/wp\/v2\/product\/6412","targetHints":{"allow":["GET"]}}],"collection":[{"href":"https:\/\/maabmakeup.com\/inicio-2\/wp-json\/wp\/v2\/product"}],"about":[{"href":"https:\/\/maabmakeup.com\/inicio-2\/wp-json\/wp\/v2\/types\/product"}],"replies":[{"embeddable":true,"href":"https:\/\/maabmakeup.com\/inicio-2\/wp-json\/wp\/v2\/comments?post=6412"}],"wp:featuredmedia":[{"embeddable":true,"href":"https:\/\/maabmakeup.com\/inicio-2\/wp-json\/wp\/v2\/media\/6413"}],"wp:attachment":[{"href":"https:\/\/maabmakeup.com\/inicio-2\/wp-json\/wp\/v2\/media?parent=6412"}],"wp:term":[{"taxonomy":"product_brand","embeddable":true,"href":"https:\/\/maabmakeup.com\/inicio-2\/wp-json\/wp\/v2\/product_brand?post=6412"},{"taxonomy":"product_cat","embeddable":true,"href":"https:\/\/maabmakeup.com\/inicio-2\/wp-json\/wp\/v2\/product_cat?post=6412"},{"taxonomy":"product_tag","embeddable":true,"href":"https:\/\/maabmakeup.com\/inicio-2\/wp-json\/wp\/v2\/product_tag?post=6412"}],"curies":[{"name":"wp","href":"https:\/\/api.w.org\/{rel}","templated":true}]}}