{"id":6419,"date":"2025-04-10T11:15:20","date_gmt":"2025-04-10T09:15:20","guid":{"rendered":"https:\/\/maabmakeup.es\/?post_type=product&#038;p=6419"},"modified":"2025-08-08T18:03:00","modified_gmt":"2025-08-08T16:03:00","slug":"hypo-corrector-para-ojos-y-rostro-hipoalergenico-cover-eyeskin-40","status":"publish","type":"product","link":"https:\/\/maabmakeup.com\/inicio-2\/tienda\/maquillaje\/hypo-corrector-para-ojos-y-rostro-hipoalergenico-cover-eyeskin-40\/","title":{"rendered":"HYPO Corrector para ojos y rostro hipoalerg\u00e9nico Cover Eye&amp;Skin 40"},"content":{"rendered":"<p>El corrector Cover Eye&amp;Skin hipoalerg\u00e9nico oculta las imperfecciones de la piel sin problemas. Con una f\u00f3rmula especial, puede ser utilizado tambi\u00e9n en el contorno de ojos para cubrir las ojeras y suavizar \u00f3pticamente la piel alrededor de los ojos. Asegura una cobertura duradera y es muy c\u00f3modo de utilizar.<\/p>\n<p>Tiene una consistencia ligera y no reseca la piel. No cambia el color de la piel y no se acumula en sus pliegues. Ideal para combinar con otros cosm\u00e9ticos. El aplicador hace posible un uso preciso. Una gama de cuatro tonos diferentes facilita encontrar el m\u00e1s apropiado para cada tipo de piel.<\/p>\n<p>No contiene fragancia.<\/p>\n<p>Investigado y testado por dermat\u00f3logos y oftalm\u00f3logos.<\/p>\n<p>Perfecto para personas con piel sensible y\/o al\u00e9rgica.<\/p>\n","protected":false},"excerpt":{"rendered":"<p>El corrector Cover Eye&amp;Skin hipoalerg\u00e9nico oculta las imperfecciones de la piel sin problemas. Con una f\u00f3rmula especial, puede ser utilizado<\/p>\n","protected":false},"featured_media":6415,"comment_status":"open","ping_status":"closed","template":"","meta":[],"product_brand":[218],"product_cat":[179],"product_tag":[],"class_list":{"0":"post-6419","1":"product","2":"type-product","3":"status-publish","4":"has-post-thumbnail","6":"product_brand-bell","7":"product_cat-maquillaje","9":"first","10":"instock","11":"purchasable","12":"product-type-simple"},"_links":{"self":[{"href":"https:\/\/maabmakeup.com\/inicio-2\/wp-json\/wp\/v2\/product\/6419","targetHints":{"allow":["GET"]}}],"collection":[{"href":"https:\/\/maabmakeup.com\/inicio-2\/wp-json\/wp\/v2\/product"}],"about":[{"href":"https:\/\/maabmakeup.com\/inicio-2\/wp-json\/wp\/v2\/types\/product"}],"replies":[{"embeddable":true,"href":"https:\/\/maabmakeup.com\/inicio-2\/wp-json\/wp\/v2\/comments?post=6419"}],"wp:featuredmedia":[{"embeddable":true,"href":"https:\/\/maabmakeup.com\/inicio-2\/wp-json\/wp\/v2\/media\/6415"}],"wp:attachment":[{"href":"https:\/\/maabmakeup.com\/inicio-2\/wp-json\/wp\/v2\/media?parent=6419"}],"wp:term":[{"taxonomy":"product_brand","embeddable":true,"href":"https:\/\/maabmakeup.com\/inicio-2\/wp-json\/wp\/v2\/product_brand?post=6419"},{"taxonomy":"product_cat","embeddable":true,"href":"https:\/\/maabmakeup.com\/inicio-2\/wp-json\/wp\/v2\/product_cat?post=6419"},{"taxonomy":"product_tag","embeddable":true,"href":"https:\/\/maabmakeup.com\/inicio-2\/wp-json\/wp\/v2\/product_tag?post=6419"}],"curies":[{"name":"wp","href":"https:\/\/api.w.org\/{rel}","templated":true}]}}