{"id":6420,"date":"2025-04-10T11:24:43","date_gmt":"2025-04-10T09:24:43","guid":{"rendered":"https:\/\/maabmakeup.es\/?post_type=product&#038;p=6420"},"modified":"2025-11-11T19:44:54","modified_gmt":"2025-11-11T18:44:54","slug":"corrector-5-en-1-perfect-concealer","status":"publish","type":"product","link":"https:\/\/maabmakeup.com\/inicio-2\/tienda\/maquillaje\/corrector-5-en-1-perfect-concealer\/","title":{"rendered":"Corrector 5 en 1 Perfect Concealer"},"content":{"rendered":"<p>Set de correctores que se adapta a cualquier tipo de piel, independientemente de sus necesidades. Oculta todo tipo de imperfecciones, elimina los signos de fatiga y proporciona un acabado perfecto a la piel.<\/p>\n<p>Su f\u00f3rmula ligera permite una aplicaci\u00f3n f\u00e1cil y c\u00f3moda, integr\u00e1ndose f\u00e1cilmente con la piel y proporcionando un acabado natural.<\/p>\n<p>Cada uno de los tonos tiene una funci\u00f3n distinta:<\/p>\n<p>Verde \u2013 corrige las rojeces y las irritaciones. Aplicar en zonas propensas a las irritaciones y rojeces antes de la base de maquillaje.<\/p>\n<p>Rosa \u2013 ilumina, suaviza y proporciona un efecto de ojos relajados y descansados. Aplicar en zonas donde la piel luzca cansada y gris. Si tienes la tez clara, aplicar en las ojeras para corregirlas. Aplicar antes de la base de maquillaje.<\/p>\n<p>Tonos Beige \u2013 corrigen imperfecciones de la piel. Se pueden aplicar antes y despu\u00e9s de la base de maquillaje seg\u00fan la cobertura que busques. Combinar tonos para encontrar el m\u00e1s adecuado a tu piel.<\/p>\n<p>Amarillo &#8211; ilumina intensamente y corrige las ojeras. Aplicar una fina capa antes de aplicar el corrector de ojos.<\/p>\n","protected":false},"excerpt":{"rendered":"<p>Set de correctores que se adapta a cualquier tipo de piel, independientemente de sus necesidades. Oculta todo tipo de imperfecciones,<\/p>\n","protected":false},"featured_media":6421,"comment_status":"open","ping_status":"closed","template":"","meta":[],"product_brand":[218],"product_cat":[179],"product_tag":[],"class_list":{"0":"post-6420","1":"product","2":"type-product","3":"status-publish","4":"has-post-thumbnail","6":"product_brand-bell","7":"product_cat-maquillaje","9":"first","10":"instock","11":"purchasable","12":"product-type-simple"},"_links":{"self":[{"href":"https:\/\/maabmakeup.com\/inicio-2\/wp-json\/wp\/v2\/product\/6420","targetHints":{"allow":["GET"]}}],"collection":[{"href":"https:\/\/maabmakeup.com\/inicio-2\/wp-json\/wp\/v2\/product"}],"about":[{"href":"https:\/\/maabmakeup.com\/inicio-2\/wp-json\/wp\/v2\/types\/product"}],"replies":[{"embeddable":true,"href":"https:\/\/maabmakeup.com\/inicio-2\/wp-json\/wp\/v2\/comments?post=6420"}],"wp:featuredmedia":[{"embeddable":true,"href":"https:\/\/maabmakeup.com\/inicio-2\/wp-json\/wp\/v2\/media\/6421"}],"wp:attachment":[{"href":"https:\/\/maabmakeup.com\/inicio-2\/wp-json\/wp\/v2\/media?parent=6420"}],"wp:term":[{"taxonomy":"product_brand","embeddable":true,"href":"https:\/\/maabmakeup.com\/inicio-2\/wp-json\/wp\/v2\/product_brand?post=6420"},{"taxonomy":"product_cat","embeddable":true,"href":"https:\/\/maabmakeup.com\/inicio-2\/wp-json\/wp\/v2\/product_cat?post=6420"},{"taxonomy":"product_tag","embeddable":true,"href":"https:\/\/maabmakeup.com\/inicio-2\/wp-json\/wp\/v2\/product_tag?post=6420"}],"curies":[{"name":"wp","href":"https:\/\/api.w.org\/{rel}","templated":true}]}}