{"id":6422,"date":"2025-04-10T11:33:52","date_gmt":"2025-04-10T09:33:52","guid":{"rendered":"https:\/\/maabmakeup.es\/?post_type=product&#038;p=6422"},"modified":"2025-12-30T13:11:24","modified_gmt":"2025-12-30T12:11:24","slug":"hypo-polvos-sueltos-fijadores-hipoalergenicos-ideal-skin","status":"publish","type":"product","link":"https:\/\/maabmakeup.com\/inicio-2\/tienda\/maquillaje\/hypo-polvos-sueltos-fijadores-hipoalergenicos-ideal-skin\/","title":{"rendered":"HYPO Polvos sueltos fijadores hipoalerg\u00e9nicos Ideal Skin"},"content":{"rendered":"<p>Los polvos sueltos ultraligeros fijan perfectamente el maquillaje y proporcionan un acabado mate de aspecto natural.<\/p>\n<p>Su f\u00f3rmula hipoalerg\u00e9nica finamente molida no agrede la piel y la deja respirar.<\/p>\n<p>Deja un efecto de enfoque suave que alisa \u00f3pticamente las l\u00edneas de expresi\u00f3n y las imperfecciones.<\/p>\n<p>Perfecto para fotos sin dejar efecto flash.<\/p>\n<p>Su f\u00f3rmula vegana contiene s\u00edlice y almid\u00f3n de tapioca para que la tez resulte aterciopelada al tacto, mientras que los pigmentos especiales recubiertos de \u00e9steres de jojoba hidratan a\u00fan m\u00e1s la tez.<br \/>\nDisponible en 1 color: TRANSLUCENT.<\/p>\n<p>Apto para veganos.<br \/>\nCertificado por PETA.<br \/>\nContiene un 98% de ingredientes de origen natural.<\/p>\n<p>Adecuado para personas con piel sensible propensa a la irritaci\u00f3n.<br \/>\nTestado dermatol\u00f3gicamente.<\/p>\n<p>Modo de empleo: aplicar los polvos con una brocha suave o una borla.<\/p>\n<p>Tip de maquillador: aplicar un poco de producto en una brocha y sacudir el exceso. Empolvar todo el rostro empezando por el centro.<\/p>\n<p>NATURE REFLECTION<\/p>\n<p>El cuidado de la naturaleza es una tendencia cada vez m\u00e1s notoria tanto en los pa\u00edses europeos como a nivel mundial. Cuidar de la Madre Tierra nunca pasar\u00e1 de moda. Por eso respondemos a este reto creando una l\u00ednea inspirada en la Naturaleza.<\/p>\n<p>Se trata de una colecci\u00f3n atrevida, llena de estructuras diferentes, texturas inusuales y perlas brillantes, basada en f\u00f3rmulas que contienen ingredientes de origen natural. Algunos de los envases est\u00e1n hechos de materiales reciclados (Post Consumer Recycled) o sobrantes (Post Industrial Recycled), lo que permite utilizar menos pl\u00e1stico innecesario y reducir considerablemente los residuos.<\/p>\n","protected":false},"excerpt":{"rendered":"<p>Los polvos sueltos ultraligeros fijan perfectamente el maquillaje y proporcionan un acabado mate de aspecto natural. Su f\u00f3rmula hipoalerg\u00e9nica finamente<\/p>\n","protected":false},"featured_media":6423,"comment_status":"open","ping_status":"closed","template":"","meta":[],"product_brand":[218],"product_cat":[179],"product_tag":[],"class_list":{"0":"post-6422","1":"product","2":"type-product","3":"status-publish","4":"has-post-thumbnail","6":"product_brand-bell","7":"product_cat-maquillaje","9":"first","10":"outofstock","11":"purchasable","12":"product-type-simple"},"_links":{"self":[{"href":"https:\/\/maabmakeup.com\/inicio-2\/wp-json\/wp\/v2\/product\/6422","targetHints":{"allow":["GET"]}}],"collection":[{"href":"https:\/\/maabmakeup.com\/inicio-2\/wp-json\/wp\/v2\/product"}],"about":[{"href":"https:\/\/maabmakeup.com\/inicio-2\/wp-json\/wp\/v2\/types\/product"}],"replies":[{"embeddable":true,"href":"https:\/\/maabmakeup.com\/inicio-2\/wp-json\/wp\/v2\/comments?post=6422"}],"wp:featuredmedia":[{"embeddable":true,"href":"https:\/\/maabmakeup.com\/inicio-2\/wp-json\/wp\/v2\/media\/6423"}],"wp:attachment":[{"href":"https:\/\/maabmakeup.com\/inicio-2\/wp-json\/wp\/v2\/media?parent=6422"}],"wp:term":[{"taxonomy":"product_brand","embeddable":true,"href":"https:\/\/maabmakeup.com\/inicio-2\/wp-json\/wp\/v2\/product_brand?post=6422"},{"taxonomy":"product_cat","embeddable":true,"href":"https:\/\/maabmakeup.com\/inicio-2\/wp-json\/wp\/v2\/product_cat?post=6422"},{"taxonomy":"product_tag","embeddable":true,"href":"https:\/\/maabmakeup.com\/inicio-2\/wp-json\/wp\/v2\/product_tag?post=6422"}],"curies":[{"name":"wp","href":"https:\/\/api.w.org\/{rel}","templated":true}]}}