{"id":6424,"date":"2025-04-10T11:39:25","date_gmt":"2025-04-10T09:39:25","guid":{"rendered":"https:\/\/maabmakeup.es\/?post_type=product&#038;p=6424"},"modified":"2025-08-08T18:02:18","modified_gmt":"2025-08-08T16:02:18","slug":"hypo-mascara-para-cejas-hipoalergenica-brow-tinted-02","status":"publish","type":"product","link":"https:\/\/maabmakeup.com\/inicio-2\/tienda\/maquillaje\/hypo-mascara-para-cejas-hipoalergenica-brow-tinted-02\/","title":{"rendered":"HYPO M\u00e1scara para cejas hipoalerg\u00e9nica Brow Tinted 02"},"content":{"rendered":"<p>M\u00e1scara para cejas hipoalerg\u00e9nica Brow Tinted que permite moldear la forma deseada a tus cejas y rellenarlas de color, causando un efecto sutil y expresivo a tu mirada.<\/p>\n<p>Su cepillo permite una aplicaci\u00f3n precisa y no apelmaza las cejas, adem\u00e1s el producto cuenta con una larga durabilidad.<\/p>\n<p>Producto vegano.<\/p>\n<p>Sin alcohol ni fragancias.<\/p>\n<p>Aconsejado para personas con la piel sensible y propensa a irritaciones.<\/p>\n<p>Testado dermatol\u00f3gicamente.<\/p>\n<p>MODO DE EMPLEO: Aplicar la m\u00e1scara de cejas con suavidad y pinceladas precisas. Despu\u00e9s peinar las cejas desde el interior hacia la parte exterior de la ceja para conseguir un efecto natural.<\/p>\n<p>Contiene un 97% de ingredientes de origen natural y est\u00e1 disponible en tres tonos.<\/p>\n","protected":false},"excerpt":{"rendered":"<p>M\u00e1scara para cejas hipoalerg\u00e9nica Brow Tinted que permite moldear la forma deseada a tus cejas y rellenarlas de color, causando<\/p>\n","protected":false},"featured_media":6425,"comment_status":"open","ping_status":"closed","template":"","meta":[],"product_brand":[218],"product_cat":[179],"product_tag":[],"class_list":{"0":"post-6424","1":"product","2":"type-product","3":"status-publish","4":"has-post-thumbnail","6":"product_brand-bell","7":"product_cat-maquillaje","9":"first","10":"instock","11":"purchasable","12":"product-type-simple"},"_links":{"self":[{"href":"https:\/\/maabmakeup.com\/inicio-2\/wp-json\/wp\/v2\/product\/6424","targetHints":{"allow":["GET"]}}],"collection":[{"href":"https:\/\/maabmakeup.com\/inicio-2\/wp-json\/wp\/v2\/product"}],"about":[{"href":"https:\/\/maabmakeup.com\/inicio-2\/wp-json\/wp\/v2\/types\/product"}],"replies":[{"embeddable":true,"href":"https:\/\/maabmakeup.com\/inicio-2\/wp-json\/wp\/v2\/comments?post=6424"}],"wp:featuredmedia":[{"embeddable":true,"href":"https:\/\/maabmakeup.com\/inicio-2\/wp-json\/wp\/v2\/media\/6425"}],"wp:attachment":[{"href":"https:\/\/maabmakeup.com\/inicio-2\/wp-json\/wp\/v2\/media?parent=6424"}],"wp:term":[{"taxonomy":"product_brand","embeddable":true,"href":"https:\/\/maabmakeup.com\/inicio-2\/wp-json\/wp\/v2\/product_brand?post=6424"},{"taxonomy":"product_cat","embeddable":true,"href":"https:\/\/maabmakeup.com\/inicio-2\/wp-json\/wp\/v2\/product_cat?post=6424"},{"taxonomy":"product_tag","embeddable":true,"href":"https:\/\/maabmakeup.com\/inicio-2\/wp-json\/wp\/v2\/product_tag?post=6424"}],"curies":[{"name":"wp","href":"https:\/\/api.w.org\/{rel}","templated":true}]}}