{"id":6432,"date":"2025-04-10T17:11:33","date_gmt":"2025-04-10T15:11:33","guid":{"rendered":"https:\/\/maabmakeup.es\/?post_type=product&#038;p=6432"},"modified":"2025-08-12T13:00:04","modified_gmt":"2025-08-12T11:00:04","slug":"hypo-colorete-liquido-hipoalergenico-liquid-blush","status":"publish","type":"product","link":"https:\/\/maabmakeup.com\/inicio-2\/tienda\/maquillaje\/hypo-colorete-liquido-hipoalergenico-liquid-blush\/","title":{"rendered":"HYPO Colorete l\u00edquido hipoalerg\u00e9nico Liquid Blush"},"content":{"rendered":"<p>El colorete l\u00edquido ligero proporciona un efecto de rubor natural y sutil, mientras que su tono fresco proporciona a la piel un aspecto radiante.<\/p>\n<p>Los pigmentos especiales de su f\u00f3rmula dejan un bonito brillo satinado en la piel.<\/p>\n<p>Su f\u00f3rmula hipoalerg\u00e9nica y esponjosa se extiende y difumina uniformemente y permite graduar el efecto a\u00f1adiendo capas de producto.<\/p>\n<p>Este colorete vegano de larga duraci\u00f3n contiene aceite nutritivo de semilla de albaricoque, que hidrata, suaviza y mejora la elasticidad de la piel y evita la p\u00e9rdida excesiva de agua de la epidermis. La vitamina E presente en la f\u00f3rmula tiene propiedades antioxidantes y protege contra los factores externos nocivos.<\/p>\n<p>Disponible en 1 color ROSE PETAL.<\/p>\n<p>Apto para veganos.<br \/>\nCertificado por PETA.<br \/>\nContiene un 97% de ingredientes de origen natural.<\/p>\n<p>Adecuado para personas con piel sensible propensa a la irritaci\u00f3n.<br \/>\nTestado dermatol\u00f3gicamente.<\/p>\n<p>Modo de empleo: aplicar 1-2 puntos en cada mejilla y difuminar el producto con el dedo, una esponja o un pincel suave. Para intensificar el efecto, a\u00f1adir colorete y difuminar uniformemente. Aplicar sobre una base de maquillaje sin polvos.<\/p>\n<p>Tip de maquillador: contornear el rostro con colorete l\u00edquido hipoalerg\u00e9nico y brillo l\u00edquido hipoalerg\u00e9nico para conseguir un efecto de maquillaje moderno y natural. Resalta la parte superior de los p\u00f3mulos, el arco de las cejas, el arco de cupido y el escote con el iluminador l\u00edquido y, a continuaci\u00f3n, a\u00f1ade color fresco a tus mejillas aplicando el colorete l\u00edquido.<\/p>\n<p>NATURE REFLECTION<\/p>\n<p>El cuidado de la naturaleza es una tendencia cada vez m\u00e1s notoria tanto en los pa\u00edses europeos como a nivel mundial. Cuidar de la Madre Tierra nunca pasar\u00e1 de moda. Por eso respondemos a este reto creando una l\u00ednea inspirada en la Naturaleza.<\/p>\n<p>Se trata de una colecci\u00f3n atrevida, llena de estructuras diferentes, texturas inusuales y perlas brillantes, basada en f\u00f3rmulas que contienen ingredientes de origen natural. Algunos de los envases est\u00e1n hechos de materiales reciclados (Post Consumer Recycled) o sobrantes (Post Industrial Recycled), lo que permite utilizar menos pl\u00e1stico innecesario y reducir considerablemente los residuos.<\/p>\n","protected":false},"excerpt":{"rendered":"<p>El colorete l\u00edquido ligero proporciona un efecto de rubor natural y sutil, mientras que su tono fresco proporciona a la<\/p>\n","protected":false},"featured_media":6433,"comment_status":"open","ping_status":"closed","template":"","meta":[],"product_brand":[218],"product_cat":[179],"product_tag":[],"class_list":{"0":"post-6432","1":"product","2":"type-product","3":"status-publish","4":"has-post-thumbnail","6":"product_brand-bell","7":"product_cat-maquillaje","9":"first","10":"instock","11":"purchasable","12":"product-type-simple"},"_links":{"self":[{"href":"https:\/\/maabmakeup.com\/inicio-2\/wp-json\/wp\/v2\/product\/6432","targetHints":{"allow":["GET"]}}],"collection":[{"href":"https:\/\/maabmakeup.com\/inicio-2\/wp-json\/wp\/v2\/product"}],"about":[{"href":"https:\/\/maabmakeup.com\/inicio-2\/wp-json\/wp\/v2\/types\/product"}],"replies":[{"embeddable":true,"href":"https:\/\/maabmakeup.com\/inicio-2\/wp-json\/wp\/v2\/comments?post=6432"}],"wp:featuredmedia":[{"embeddable":true,"href":"https:\/\/maabmakeup.com\/inicio-2\/wp-json\/wp\/v2\/media\/6433"}],"wp:attachment":[{"href":"https:\/\/maabmakeup.com\/inicio-2\/wp-json\/wp\/v2\/media?parent=6432"}],"wp:term":[{"taxonomy":"product_brand","embeddable":true,"href":"https:\/\/maabmakeup.com\/inicio-2\/wp-json\/wp\/v2\/product_brand?post=6432"},{"taxonomy":"product_cat","embeddable":true,"href":"https:\/\/maabmakeup.com\/inicio-2\/wp-json\/wp\/v2\/product_cat?post=6432"},{"taxonomy":"product_tag","embeddable":true,"href":"https:\/\/maabmakeup.com\/inicio-2\/wp-json\/wp\/v2\/product_tag?post=6432"}],"curies":[{"name":"wp","href":"https:\/\/api.w.org\/{rel}","templated":true}]}}