{"id":6434,"date":"2025-04-10T17:16:04","date_gmt":"2025-04-10T15:16:04","guid":{"rendered":"https:\/\/maabmakeup.es\/?post_type=product&#038;p=6434"},"modified":"2025-08-08T18:01:07","modified_gmt":"2025-08-08T16:01:07","slug":"hypo-bronceador-liquido-hipoalergenico-liquid-bronze","status":"publish","type":"product","link":"https:\/\/maabmakeup.com\/inicio-2\/tienda\/maquillaje\/hypo-bronceador-liquido-hipoalergenico-liquid-bronze\/","title":{"rendered":"HYPO Bronceador l\u00edquido hipoalerg\u00e9nico Liquid Bronze"},"content":{"rendered":"<p>Bronceador l\u00edquido hipoalerg\u00e9nico<\/p>\n<p>Si sue\u00f1as con resaltar el contorno de tu rostro, entonces el Bronceador l\u00edquido hipoalerg\u00e9nico es la soluci\u00f3n perfecta.<\/p>\n<p>Este cosm\u00e9tico te proporcionar\u00e1 un acabado sutil y radiante y aportar\u00e1 a su piel un brillo saludable y un aspecto fresco.<\/p>\n<p>Su f\u00f3rmula ultraligera, esponjosa y mousse, opaca y difuminable, es f\u00e1cil de aplicar y se extiende uniformemente sobre la piel y, una vez fijada, proporciona un maquillaje de larga duraci\u00f3n que perdura durante horas.<\/p>\n<p>El bronceador est\u00e1 perfectamente pigmentado y su color equilibrado y neutro es ideal para cualquier tipo de belleza. El producto contiene derivado de \u00e1cido hialur\u00f3nico hidratante, que evita la p\u00e9rdida de agua de la epidermis, mientras que el extracto de granada suaviza la piel y mejora su elasticidad.<\/p>\n<p>Disponible en color: 01 SWEET CHOCO.<\/p>\n<p>Apto para veganos.<\/p>\n<p>Certificado por PETA.<\/p>\n<p>Sin perfume.<\/p>\n<p>Contiene un 75% de ingredientes de origen natural.<\/p>\n<p>Adecuado para personas con piel sensible propensa a la irritaci\u00f3n.<br \/>\nTestado bajo supervisi\u00f3n de un dermat\u00f3logo.<\/p>\n<p>Modo de empleo: aplicar el bronceador en las zonas del rostro que se desee contornear.<\/p>\n<p>Truco de maquillador: aplicar el bronceador sobre las zonas que se desea contornear \u00f3pticamente. Las zonas estrat\u00e9gicas son la nariz, los p\u00f3mulos, la mand\u00edbula y la frente. Con el bronceador tambi\u00e9n puedes agrandar \u00f3pticamente los labios. Aplica el contorno justo encima del arco de cupido siguiendo la l\u00ednea de los labios y debajo del labio inferior. Difumina bien.<\/p>\n","protected":false},"excerpt":{"rendered":"<p>Bronceador l\u00edquido hipoalerg\u00e9nico Si sue\u00f1as con resaltar el contorno de tu rostro, entonces el Bronceador l\u00edquido hipoalerg\u00e9nico es la soluci\u00f3n<\/p>\n","protected":false},"featured_media":6435,"comment_status":"open","ping_status":"closed","template":"","meta":[],"product_brand":[218],"product_cat":[179],"product_tag":[],"class_list":{"0":"post-6434","1":"product","2":"type-product","3":"status-publish","4":"has-post-thumbnail","6":"product_brand-bell","7":"product_cat-maquillaje","9":"first","10":"instock","11":"purchasable","12":"product-type-simple"},"_links":{"self":[{"href":"https:\/\/maabmakeup.com\/inicio-2\/wp-json\/wp\/v2\/product\/6434","targetHints":{"allow":["GET"]}}],"collection":[{"href":"https:\/\/maabmakeup.com\/inicio-2\/wp-json\/wp\/v2\/product"}],"about":[{"href":"https:\/\/maabmakeup.com\/inicio-2\/wp-json\/wp\/v2\/types\/product"}],"replies":[{"embeddable":true,"href":"https:\/\/maabmakeup.com\/inicio-2\/wp-json\/wp\/v2\/comments?post=6434"}],"wp:featuredmedia":[{"embeddable":true,"href":"https:\/\/maabmakeup.com\/inicio-2\/wp-json\/wp\/v2\/media\/6435"}],"wp:attachment":[{"href":"https:\/\/maabmakeup.com\/inicio-2\/wp-json\/wp\/v2\/media?parent=6434"}],"wp:term":[{"taxonomy":"product_brand","embeddable":true,"href":"https:\/\/maabmakeup.com\/inicio-2\/wp-json\/wp\/v2\/product_brand?post=6434"},{"taxonomy":"product_cat","embeddable":true,"href":"https:\/\/maabmakeup.com\/inicio-2\/wp-json\/wp\/v2\/product_cat?post=6434"},{"taxonomy":"product_tag","embeddable":true,"href":"https:\/\/maabmakeup.com\/inicio-2\/wp-json\/wp\/v2\/product_tag?post=6434"}],"curies":[{"name":"wp","href":"https:\/\/api.w.org\/{rel}","templated":true}]}}