{"id":6445,"date":"2025-04-10T17:30:55","date_gmt":"2025-04-10T15:30:55","guid":{"rendered":"https:\/\/maabmakeup.es\/?post_type=product&#038;p=6445"},"modified":"2025-08-11T10:21:38","modified_gmt":"2025-08-11T08:21:38","slug":"esponja-de-maquillaje-jelly","status":"publish","type":"product","link":"https:\/\/maabmakeup.com\/inicio-2\/tienda\/maquillaje\/esponja-de-maquillaje-jelly\/","title":{"rendered":"Esponja de maquillaje Jelly"},"content":{"rendered":"<p>La mejor manera de aplicar el maquillaje l\u00edquido o fluido. No absorbe producto.<\/p>\n<p>Esponja m\u00e1s higi\u00e9nica y m\u00e1s profesional para todo tipo de producto.<\/p>\n","protected":false},"excerpt":{"rendered":"<p>La mejor manera de aplicar el maquillaje l\u00edquido o fluido. No absorbe producto. Esponja m\u00e1s higi\u00e9nica y m\u00e1s profesional para<\/p>\n","protected":false},"featured_media":6446,"comment_status":"open","ping_status":"closed","template":"","meta":[],"product_brand":[223],"product_cat":[179],"product_tag":[],"class_list":{"0":"post-6445","1":"product","2":"type-product","3":"status-publish","4":"has-post-thumbnail","6":"product_brand-the-brush-tool","7":"product_cat-maquillaje","9":"first","10":"instock","11":"purchasable","12":"product-type-simple"},"_links":{"self":[{"href":"https:\/\/maabmakeup.com\/inicio-2\/wp-json\/wp\/v2\/product\/6445","targetHints":{"allow":["GET"]}}],"collection":[{"href":"https:\/\/maabmakeup.com\/inicio-2\/wp-json\/wp\/v2\/product"}],"about":[{"href":"https:\/\/maabmakeup.com\/inicio-2\/wp-json\/wp\/v2\/types\/product"}],"replies":[{"embeddable":true,"href":"https:\/\/maabmakeup.com\/inicio-2\/wp-json\/wp\/v2\/comments?post=6445"}],"wp:featuredmedia":[{"embeddable":true,"href":"https:\/\/maabmakeup.com\/inicio-2\/wp-json\/wp\/v2\/media\/6446"}],"wp:attachment":[{"href":"https:\/\/maabmakeup.com\/inicio-2\/wp-json\/wp\/v2\/media?parent=6445"}],"wp:term":[{"taxonomy":"product_brand","embeddable":true,"href":"https:\/\/maabmakeup.com\/inicio-2\/wp-json\/wp\/v2\/product_brand?post=6445"},{"taxonomy":"product_cat","embeddable":true,"href":"https:\/\/maabmakeup.com\/inicio-2\/wp-json\/wp\/v2\/product_cat?post=6445"},{"taxonomy":"product_tag","embeddable":true,"href":"https:\/\/maabmakeup.com\/inicio-2\/wp-json\/wp\/v2\/product_tag?post=6445"}],"curies":[{"name":"wp","href":"https:\/\/api.w.org\/{rel}","templated":true}]}}