{"id":6449,"date":"2025-04-10T17:47:10","date_gmt":"2025-04-10T15:47:10","guid":{"rendered":"https:\/\/maabmakeup.es\/?post_type=product&#038;p=6449"},"modified":"2025-08-11T10:21:04","modified_gmt":"2025-08-11T08:21:04","slug":"limpiador-de-brochas-maiko","status":"publish","type":"product","link":"https:\/\/maabmakeup.com\/inicio-2\/tienda\/maquillaje\/limpiador-de-brochas-maiko\/","title":{"rendered":"Limpiador de brochas Maiko"},"content":{"rendered":"<p>Limpieza en spray, f\u00e1cil y segura, apta para todo tipo de brochas y pinceles de maquillaje.<\/p>\n<p>Retira el maquillaje de las fi bras de la brocha y las desinfecta, prolongando su vida \u00fatil y obteniendo un rendimiento adecuado. Tus herramientas de maquillaje estar\u00e1n listas para su uso.<\/p>\n<p>Modo de empleo: Para limpiar las brochas despu\u00e9s de su uso, pulverizar sobre la brocha una peque\u00f1a cantidad y limpiar suavemente con una toalla o pa\u00f1uelo seco, o aplicar el producto sobre un pa\u00f1uelo seco y limpiar la brocha frotando suavemente sobre el papel. Repetir si es necesario. Dejar secar completamente la brocha.<\/p>\n","protected":false},"excerpt":{"rendered":"<p>Limpieza en spray, f\u00e1cil y segura, apta para todo tipo de brochas y pinceles de maquillaje. Retira el maquillaje de<\/p>\n","protected":false},"featured_media":6450,"comment_status":"open","ping_status":"closed","template":"","meta":[],"product_brand":[221],"product_cat":[179],"product_tag":[],"class_list":{"0":"post-6449","1":"product","2":"type-product","3":"status-publish","4":"has-post-thumbnail","6":"product_brand-maiko","7":"product_cat-maquillaje","9":"first","10":"instock","11":"purchasable","12":"product-type-simple"},"_links":{"self":[{"href":"https:\/\/maabmakeup.com\/inicio-2\/wp-json\/wp\/v2\/product\/6449","targetHints":{"allow":["GET"]}}],"collection":[{"href":"https:\/\/maabmakeup.com\/inicio-2\/wp-json\/wp\/v2\/product"}],"about":[{"href":"https:\/\/maabmakeup.com\/inicio-2\/wp-json\/wp\/v2\/types\/product"}],"replies":[{"embeddable":true,"href":"https:\/\/maabmakeup.com\/inicio-2\/wp-json\/wp\/v2\/comments?post=6449"}],"wp:featuredmedia":[{"embeddable":true,"href":"https:\/\/maabmakeup.com\/inicio-2\/wp-json\/wp\/v2\/media\/6450"}],"wp:attachment":[{"href":"https:\/\/maabmakeup.com\/inicio-2\/wp-json\/wp\/v2\/media?parent=6449"}],"wp:term":[{"taxonomy":"product_brand","embeddable":true,"href":"https:\/\/maabmakeup.com\/inicio-2\/wp-json\/wp\/v2\/product_brand?post=6449"},{"taxonomy":"product_cat","embeddable":true,"href":"https:\/\/maabmakeup.com\/inicio-2\/wp-json\/wp\/v2\/product_cat?post=6449"},{"taxonomy":"product_tag","embeddable":true,"href":"https:\/\/maabmakeup.com\/inicio-2\/wp-json\/wp\/v2\/product_tag?post=6449"}],"curies":[{"name":"wp","href":"https:\/\/api.w.org\/{rel}","templated":true}]}}