{"id":6455,"date":"2025-04-11T09:53:53","date_gmt":"2025-04-11T07:53:53","guid":{"rendered":"https:\/\/maabmakeup.es\/?post_type=product&#038;p=6455"},"modified":"2025-10-23T09:55:03","modified_gmt":"2025-10-23T07:55:03","slug":"baltic-home-spa-fit-serum-corporal-hidratante","status":"publish","type":"product","link":"https:\/\/maabmakeup.com\/inicio-2\/tienda\/facial\/baltic-home-spa-fit-serum-corporal-hidratante\/","title":{"rendered":"BALTIC HOME SPA FIT S\u00e9rum corporal hidratante"},"content":{"rendered":"<p>S\u00e9rum corporal hidratante reafirmante y anticelul\u00edtico.<\/p>\n<p>Su f\u00f3rmula concentrada hidrata intensamente, reafirma y proporciona elasticidad a la piel. Enriquecido con s\u00edlice y \u00e1cido alg\u00ednico, suaviza la piel notablemente. Tiene un agradable aroma a mango. Perfecto para un momento de spa en casa.<\/p>\n<p>Contiene un 95% de ingredientes de origen natural.<\/p>\n<p>MODO DE EMPLEO: Masajear suavemente sobre la piel y dejar actuar hasta su total absorci\u00f3n. Apto para uso diario.<\/p>\n<p>\u00a1Vegan friendly!<\/p>\n","protected":false},"excerpt":{"rendered":"<p>S\u00e9rum corporal hidratante reafirmante y anticelul\u00edtico. Su f\u00f3rmula concentrada hidrata intensamente, reafirma y proporciona elasticidad a la piel. Enriquecido con<\/p>\n","protected":false},"featured_media":6456,"comment_status":"open","ping_status":"closed","template":"","meta":[],"product_brand":[217],"product_cat":[184],"product_tag":[],"class_list":{"0":"post-6455","1":"product","2":"type-product","3":"status-publish","4":"has-post-thumbnail","6":"product_brand-ziaja","7":"product_cat-facial","9":"first","10":"instock","11":"purchasable","12":"product-type-simple"},"_links":{"self":[{"href":"https:\/\/maabmakeup.com\/inicio-2\/wp-json\/wp\/v2\/product\/6455","targetHints":{"allow":["GET"]}}],"collection":[{"href":"https:\/\/maabmakeup.com\/inicio-2\/wp-json\/wp\/v2\/product"}],"about":[{"href":"https:\/\/maabmakeup.com\/inicio-2\/wp-json\/wp\/v2\/types\/product"}],"replies":[{"embeddable":true,"href":"https:\/\/maabmakeup.com\/inicio-2\/wp-json\/wp\/v2\/comments?post=6455"}],"wp:featuredmedia":[{"embeddable":true,"href":"https:\/\/maabmakeup.com\/inicio-2\/wp-json\/wp\/v2\/media\/6456"}],"wp:attachment":[{"href":"https:\/\/maabmakeup.com\/inicio-2\/wp-json\/wp\/v2\/media?parent=6455"}],"wp:term":[{"taxonomy":"product_brand","embeddable":true,"href":"https:\/\/maabmakeup.com\/inicio-2\/wp-json\/wp\/v2\/product_brand?post=6455"},{"taxonomy":"product_cat","embeddable":true,"href":"https:\/\/maabmakeup.com\/inicio-2\/wp-json\/wp\/v2\/product_cat?post=6455"},{"taxonomy":"product_tag","embeddable":true,"href":"https:\/\/maabmakeup.com\/inicio-2\/wp-json\/wp\/v2\/product_tag?post=6455"}],"curies":[{"name":"wp","href":"https:\/\/api.w.org\/{rel}","templated":true}]}}