{"id":6457,"date":"2025-04-11T09:56:47","date_gmt":"2025-04-11T07:56:47","guid":{"rendered":"https:\/\/maabmakeup.es\/?post_type=product&#038;p=6457"},"modified":"2026-02-16T18:14:55","modified_gmt":"2026-02-16T17:14:55","slug":"vitamina-c-b3-niacinamida-serum-facial-activo","status":"publish","type":"product","link":"https:\/\/maabmakeup.com\/inicio-2\/tienda\/facial\/vitamina-c-b3-niacinamida-serum-facial-activo\/","title":{"rendered":"VITAMINA C.B3 NIACINAMIDA S\u00e9rum facial activo"},"content":{"rendered":"<p>S\u00e9rum facial activo de textura ligera. Este producto combina la potencia de la Vitamina C y la Niacinamida, cuya sinergia ilumina la piel, reduce la apariencia de manchas oscuras, minimiza los poros y mejora la textura general de la piel.<\/p>\n<p>&#8211; Contiene vitaminas B5, B6, E y un complejo suavizante y alisador de p\u00e9ptidos de origen natural.<br \/>\n&#8211; Regenera y fortalece activamente la piel.<br \/>\n&#8211; Suaviza las peque\u00f1as arrugas, aumenta la elasticidad de la piel y la protege.<br \/>\n&#8211; Aclara la epidermis y unifica el tono de la piel.<br \/>\n&#8211; Dosis concentrada de vitaminas.<br \/>\n&#8211; Efecto piel descansada.<\/p>\n<p>Ingredientes principales: complejo concentrado de vitamina C y niacinamida, vitaminas B5, B6, E, glicerina, prote\u00ednas de arroz hidrolizadas, aceite de camelia japonesa, \u00e1cido hialur\u00f3nico.<br \/>\nApto a partir de 20 a\u00f1os.<\/p>\n<p>MODO DE EMPLEO:<br \/>\nAplicar suavemente sobre la piel limpia del rostro. Evitar el contorno de ojos.<br \/>\nPuede combinarse con la crema de d\u00eda o la crema de noche.<\/p>\n<p>L\u00ednea Vitamina C.B3 Niacinamida: Una selecci\u00f3n de 8 cosm\u00e9ticos veganos para el cuidado del rostro y el cuerpo dise\u00f1ados con la tendencia flash effect, es decir, una revitalizaci\u00f3n intensiva de la piel basada en rituales cortos y sin m\u00faltiples etapas que pueden realizarse por la ma\u00f1ana despu\u00e9s de despertarse y antes de acostarse como parte de la regeneraci\u00f3n nocturna de la piel.<\/p>\n","protected":false},"excerpt":{"rendered":"<p>S\u00e9rum facial activo de textura ligera. Este producto combina la potencia de la Vitamina C y la Niacinamida, cuya sinergia<\/p>\n","protected":false},"featured_media":6458,"comment_status":"open","ping_status":"closed","template":"","meta":[],"product_brand":[217],"product_cat":[184],"product_tag":[],"class_list":{"0":"post-6457","1":"product","2":"type-product","3":"status-publish","4":"has-post-thumbnail","6":"product_brand-ziaja","7":"product_cat-facial","9":"first","10":"instock","11":"purchasable","12":"product-type-simple"},"_links":{"self":[{"href":"https:\/\/maabmakeup.com\/inicio-2\/wp-json\/wp\/v2\/product\/6457","targetHints":{"allow":["GET"]}}],"collection":[{"href":"https:\/\/maabmakeup.com\/inicio-2\/wp-json\/wp\/v2\/product"}],"about":[{"href":"https:\/\/maabmakeup.com\/inicio-2\/wp-json\/wp\/v2\/types\/product"}],"replies":[{"embeddable":true,"href":"https:\/\/maabmakeup.com\/inicio-2\/wp-json\/wp\/v2\/comments?post=6457"}],"wp:featuredmedia":[{"embeddable":true,"href":"https:\/\/maabmakeup.com\/inicio-2\/wp-json\/wp\/v2\/media\/6458"}],"wp:attachment":[{"href":"https:\/\/maabmakeup.com\/inicio-2\/wp-json\/wp\/v2\/media?parent=6457"}],"wp:term":[{"taxonomy":"product_brand","embeddable":true,"href":"https:\/\/maabmakeup.com\/inicio-2\/wp-json\/wp\/v2\/product_brand?post=6457"},{"taxonomy":"product_cat","embeddable":true,"href":"https:\/\/maabmakeup.com\/inicio-2\/wp-json\/wp\/v2\/product_cat?post=6457"},{"taxonomy":"product_tag","embeddable":true,"href":"https:\/\/maabmakeup.com\/inicio-2\/wp-json\/wp\/v2\/product_tag?post=6457"}],"curies":[{"name":"wp","href":"https:\/\/api.w.org\/{rel}","templated":true}]}}