{"id":6461,"date":"2025-04-11T10:02:37","date_gmt":"2025-04-11T08:02:37","guid":{"rendered":"https:\/\/maabmakeup.es\/?post_type=product&#038;p=6461"},"modified":"2025-08-11T10:14:13","modified_gmt":"2025-08-11T08:14:13","slug":"vitamina-c-b3-niacinamida-tonico-facial-en-spray","status":"publish","type":"product","link":"https:\/\/maabmakeup.com\/inicio-2\/tienda\/facial\/vitamina-c-b3-niacinamida-tonico-facial-en-spray\/","title":{"rendered":"VITAMINA C.B3 NIACINAMIDA T\u00f3nico facial en spray"},"content":{"rendered":"<p>T\u00f3nico facial multivitam\u00ednico en spray para antes y despu\u00e9s del maquillaje. Recomendado para todo tipo de pieles.<\/p>\n<p>Este producto combina la potencia de la Vitamina C y la Niacinamida, cuya sinergia ilumina la piel, reduce la apariencia de manchas oscuras, minimiza los poros y mejora la textura general de la piel.<\/p>\n<p>&#8211; Tonifica y limpia la epidermis.<br \/>\n&#8211; Hidrata la piel y mantiene su equilibrio natural.<br \/>\n&#8211; Revitaliza, proporciona energ\u00eda y restaura la piel.<br \/>\n&#8211; Proporciona una agradable sensaci\u00f3n de frescor y tiene un energizante aroma.<br \/>\n&#8211; Se puede usar antes y despu\u00e9s del maquillaje.<\/p>\n<p>Ingredientes principales: niacinamida, vitamina C, prote\u00ednas de arroz hidrolizadas, aceite de camelia japonesa, vitamina B5, B6.<br \/>\nApto a partir de 20 a\u00f1os.<\/p>\n<p>MODO DE EMPLEO:<br \/>\nAplicar sobre un disco de algod\u00f3n y limpiar la piel. Evitar el contorno de ojos. Recomendado para uso diario, antes y despu\u00e9s del maquillaje.<\/p>\n<p>L\u00ednea Vitamina C.B3 Niacinamida: Una selecci\u00f3n de 8 cosm\u00e9ticos veganos para el cuidado del rostro y el cuerpo dise\u00f1ados con la tendencia flash effect, es decir, una revitalizaci\u00f3n intensiva de la piel basada en rituales cortos y sin m\u00faltiples etapas que pueden realizarse por la ma\u00f1ana despu\u00e9s de despertarse y antes de acostarse como parte de la regeneraci\u00f3n nocturna de la piel.<\/p>\n","protected":false},"excerpt":{"rendered":"<p>T\u00f3nico facial multivitam\u00ednico en spray para antes y despu\u00e9s del maquillaje. Recomendado para todo tipo de pieles. Este producto combina<\/p>\n","protected":false},"featured_media":6462,"comment_status":"open","ping_status":"closed","template":"","meta":[],"product_brand":[217],"product_cat":[184],"product_tag":[],"class_list":{"0":"post-6461","1":"product","2":"type-product","3":"status-publish","4":"has-post-thumbnail","6":"product_brand-ziaja","7":"product_cat-facial","9":"first","10":"outofstock","11":"purchasable","12":"product-type-simple"},"_links":{"self":[{"href":"https:\/\/maabmakeup.com\/inicio-2\/wp-json\/wp\/v2\/product\/6461","targetHints":{"allow":["GET"]}}],"collection":[{"href":"https:\/\/maabmakeup.com\/inicio-2\/wp-json\/wp\/v2\/product"}],"about":[{"href":"https:\/\/maabmakeup.com\/inicio-2\/wp-json\/wp\/v2\/types\/product"}],"replies":[{"embeddable":true,"href":"https:\/\/maabmakeup.com\/inicio-2\/wp-json\/wp\/v2\/comments?post=6461"}],"wp:featuredmedia":[{"embeddable":true,"href":"https:\/\/maabmakeup.com\/inicio-2\/wp-json\/wp\/v2\/media\/6462"}],"wp:attachment":[{"href":"https:\/\/maabmakeup.com\/inicio-2\/wp-json\/wp\/v2\/media?parent=6461"}],"wp:term":[{"taxonomy":"product_brand","embeddable":true,"href":"https:\/\/maabmakeup.com\/inicio-2\/wp-json\/wp\/v2\/product_brand?post=6461"},{"taxonomy":"product_cat","embeddable":true,"href":"https:\/\/maabmakeup.com\/inicio-2\/wp-json\/wp\/v2\/product_cat?post=6461"},{"taxonomy":"product_tag","embeddable":true,"href":"https:\/\/maabmakeup.com\/inicio-2\/wp-json\/wp\/v2\/product_tag?post=6461"}],"curies":[{"name":"wp","href":"https:\/\/api.w.org\/{rel}","templated":true}]}}