{"id":6463,"date":"2025-04-11T10:14:38","date_gmt":"2025-04-11T08:14:38","guid":{"rendered":"https:\/\/maabmakeup.es\/?post_type=product&#038;p=6463"},"modified":"2025-08-12T13:05:49","modified_gmt":"2025-08-12T11:05:49","slug":"azafran-crema-de-dia-antiarrugas-con-efecto-iluminador","status":"publish","type":"product","link":"https:\/\/maabmakeup.com\/inicio-2\/tienda\/facial\/azafran-crema-de-dia-antiarrugas-con-efecto-iluminador\/","title":{"rendered":"AZAFR\u00c1N Crema de d\u00eda antiarrugas con efecto iluminador"},"content":{"rendered":"<p>Crema de d\u00eda antiarrugas con col\u00e1geno para todo tipo de pieles maduras 60+<\/p>\n<p>Contienen ingredientes activos que estimulan el proceso de regeneraci\u00f3n de la piel.<br \/>\nCon filtro UVA\/UVB previene el fotoenvejecimiento. Protecci\u00f3n solar SPF6.<\/p>\n<p>&#8211; Alisa las arrugas y l\u00edneas de expresi\u00f3n.<br \/>\n&#8211; Mejora la elasticidad y la firmeza en un 90%.<br \/>\n&#8211; Reduce la piel fl\u00e1cida.<br \/>\n&#8211; Unifica el tono de la piel reduciendo la visibilidad de capilares.<br \/>\n&#8211; Restaura el brillo natural de la piel.<\/p>\n<p>Ingredientes activos: P\u00e9ptidos de col\u00e1geno, \u00c1cido hialur\u00f3nico, Azafr\u00e1n rojo-oro.<\/p>\n<p>* P\u00e9ptidos de col\u00e1geno (an\u00e1logo de una secuencia \u00fanica de col\u00e1geno natural): proporcionan estabilidad estructural a la piel al aumentar la s\u00edntesis de col\u00e1geno y proteger las fibras de elastina.<br \/>\n* \u00c1cido hialur\u00f3nico: proporciona un aumento de la hidrodin\u00e1mica y la elasticidad de la piel.<br \/>\n* Azafr\u00e1n rojo-oro: contiene flavonoides y antioxidantes con propiedades antienvejecimiento.<\/p>\n<p>Modo de empleo: Aplicar una peque\u00f1a cantidad sobre el rostro y el cuello, en suaves movimientos circulares.<\/p>\n","protected":false},"excerpt":{"rendered":"<p>Crema de d\u00eda antiarrugas con col\u00e1geno para todo tipo de pieles maduras 60+ Contienen ingredientes activos que estimulan el proceso<\/p>\n","protected":false},"featured_media":6464,"comment_status":"open","ping_status":"closed","template":"","meta":[],"product_brand":[217],"product_cat":[184],"product_tag":[],"class_list":{"0":"post-6463","1":"product","2":"type-product","3":"status-publish","4":"has-post-thumbnail","6":"product_brand-ziaja","7":"product_cat-facial","9":"first","10":"outofstock","11":"purchasable","12":"product-type-simple"},"_links":{"self":[{"href":"https:\/\/maabmakeup.com\/inicio-2\/wp-json\/wp\/v2\/product\/6463","targetHints":{"allow":["GET"]}}],"collection":[{"href":"https:\/\/maabmakeup.com\/inicio-2\/wp-json\/wp\/v2\/product"}],"about":[{"href":"https:\/\/maabmakeup.com\/inicio-2\/wp-json\/wp\/v2\/types\/product"}],"replies":[{"embeddable":true,"href":"https:\/\/maabmakeup.com\/inicio-2\/wp-json\/wp\/v2\/comments?post=6463"}],"wp:featuredmedia":[{"embeddable":true,"href":"https:\/\/maabmakeup.com\/inicio-2\/wp-json\/wp\/v2\/media\/6464"}],"wp:attachment":[{"href":"https:\/\/maabmakeup.com\/inicio-2\/wp-json\/wp\/v2\/media?parent=6463"}],"wp:term":[{"taxonomy":"product_brand","embeddable":true,"href":"https:\/\/maabmakeup.com\/inicio-2\/wp-json\/wp\/v2\/product_brand?post=6463"},{"taxonomy":"product_cat","embeddable":true,"href":"https:\/\/maabmakeup.com\/inicio-2\/wp-json\/wp\/v2\/product_cat?post=6463"},{"taxonomy":"product_tag","embeddable":true,"href":"https:\/\/maabmakeup.com\/inicio-2\/wp-json\/wp\/v2\/product_tag?post=6463"}],"curies":[{"name":"wp","href":"https:\/\/api.w.org\/{rel}","templated":true}]}}