{"id":6465,"date":"2025-04-11T10:22:29","date_gmt":"2025-04-11T08:22:29","guid":{"rendered":"https:\/\/maabmakeup.es\/?post_type=product&#038;p=6465"},"modified":"2025-08-12T13:05:49","modified_gmt":"2025-08-12T11:05:49","slug":"azafran-lifting-gel-hialuronico-antiarrugas-con-efecto-iluminador","status":"publish","type":"product","link":"https:\/\/maabmakeup.com\/inicio-2\/tienda\/facial\/azafran-lifting-gel-hialuronico-antiarrugas-con-efecto-iluminador\/","title":{"rendered":"AZAFR\u00c1N Lifting Gel hialur\u00f3nico antiarrugas con efecto iluminador"},"content":{"rendered":"<p>F\u00f3rmula exclusiva con un alto concentrado de \u00e1cido hialur\u00f3nico para todo tipo de pieles maduras 60+.<\/p>\n<p>Contiene ingredientes activos que estimulan el proceso de regeneraci\u00f3n de la piel.<\/p>\n<p>Recomendada para pieles secas, deshidratadas, con manchas de pigmentaci\u00f3n, maduras o propensas a las arrugas.<\/p>\n<p>&#8211; Proporciona un efecto lifting inmediato.<br \/>\n&#8211; Reduce las imperfecciones de la piel cansada.<br \/>\n&#8211; Suaviza de forma efectiva las arrugas (20%)*<br \/>\n&#8211; Hidrata de forma intensa y prolongada la epidermis (40%)*<\/p>\n<p>*despu\u00e9s de 28 d\u00edas de tratamiento con el gel de \u00e1cido hialur\u00f3nico conjuntamente con la crema de noche y la crema de d\u00eda de azafr\u00e1n.<\/p>\n<p>Ingredientes activos: P\u00e9ptidos de col\u00e1geno, \u00c1cido hialur\u00f3nico, Azafran rojo-oro, Prote\u00ednas de almendra dulce.<\/p>\n<p>* P\u00e9ptidos de col\u00e1geno (an\u00e1logo de una secuencia \u00fanica de col\u00e1geno natural): proporcionan estabilidad estructural a la piel al aumentar la s\u00edntesis de col\u00e1geno y proteger las fibras de elastina.<br \/>\n* \u00c1cido hialur\u00f3nico: proporciona un aumento de la hidrodin\u00e1mica y la elasticidad de la piel.<br \/>\n* Azafr\u00e1n rojo-oro: contiene flavonoides y antioxidantes con propiedades antienvejecimiento.<br \/>\n* Almendra dulce: Sus prote\u00ednas mejoran la firmeza, la tensi\u00f3n y la elasticidad de la piel.<\/p>\n<p>Modo de empleo: Aplicar una peque\u00f1a cantidad de gel en la piel propensa a las arrugas. Usar debajo de la crema de d\u00eda o de noche.<br \/>\nRecomendado usarlo como prebase de maquillaje en la zona de las ojeras.<br \/>\nEl exceso de producto puede aparecer en forma de bio-gel seco.<\/p>\n","protected":false},"excerpt":{"rendered":"<p>F\u00f3rmula exclusiva con un alto concentrado de \u00e1cido hialur\u00f3nico para todo tipo de pieles maduras 60+. Contiene ingredientes activos que<\/p>\n","protected":false},"featured_media":6466,"comment_status":"open","ping_status":"closed","template":"","meta":[],"product_brand":[217],"product_cat":[184],"product_tag":[],"class_list":{"0":"post-6465","1":"product","2":"type-product","3":"status-publish","4":"has-post-thumbnail","6":"product_brand-ziaja","7":"product_cat-facial","9":"first","10":"outofstock","11":"purchasable","12":"product-type-simple"},"_links":{"self":[{"href":"https:\/\/maabmakeup.com\/inicio-2\/wp-json\/wp\/v2\/product\/6465","targetHints":{"allow":["GET"]}}],"collection":[{"href":"https:\/\/maabmakeup.com\/inicio-2\/wp-json\/wp\/v2\/product"}],"about":[{"href":"https:\/\/maabmakeup.com\/inicio-2\/wp-json\/wp\/v2\/types\/product"}],"replies":[{"embeddable":true,"href":"https:\/\/maabmakeup.com\/inicio-2\/wp-json\/wp\/v2\/comments?post=6465"}],"wp:featuredmedia":[{"embeddable":true,"href":"https:\/\/maabmakeup.com\/inicio-2\/wp-json\/wp\/v2\/media\/6466"}],"wp:attachment":[{"href":"https:\/\/maabmakeup.com\/inicio-2\/wp-json\/wp\/v2\/media?parent=6465"}],"wp:term":[{"taxonomy":"product_brand","embeddable":true,"href":"https:\/\/maabmakeup.com\/inicio-2\/wp-json\/wp\/v2\/product_brand?post=6465"},{"taxonomy":"product_cat","embeddable":true,"href":"https:\/\/maabmakeup.com\/inicio-2\/wp-json\/wp\/v2\/product_cat?post=6465"},{"taxonomy":"product_tag","embeddable":true,"href":"https:\/\/maabmakeup.com\/inicio-2\/wp-json\/wp\/v2\/product_tag?post=6465"}],"curies":[{"name":"wp","href":"https:\/\/api.w.org\/{rel}","templated":true}]}}