{"id":6467,"date":"2025-04-11T11:03:19","date_gmt":"2025-04-11T09:03:19","guid":{"rendered":"https:\/\/maabmakeup.es\/?post_type=product&#038;p=6467"},"modified":"2025-08-11T10:12:23","modified_gmt":"2025-08-11T08:12:23","slug":"argan-serum-capilar-suavizante-potenciador-de-brillo-y-proteccion-termica","status":"publish","type":"product","link":"https:\/\/maabmakeup.com\/inicio-2\/tienda\/cabello\/argan-serum-capilar-suavizante-potenciador-de-brillo-y-proteccion-termica\/","title":{"rendered":"ARG\u00c1N S\u00e9rum capilar suavizante &#8211; Potenciador de Brillo y Protecci\u00f3n T\u00e9rmica"},"content":{"rendered":"<p>S\u00e9rum antiencrespamiento, suavizante, potenciador del brillo y protector t\u00e9rmico para cabello da\u00f1ado, fr\u00e1gil, te\u00f1ido, seco o de porosidad alta.<br \/>\nTambi\u00e9n apto para despu\u00e9s de tratamientos de peluquer\u00eda.<\/p>\n<p>Producto capilar enriquecido con los nutritivos aceites de arg\u00e1n y tsubaki, que revitalizan y fortalecen el cabello, proporcionando brillo, suavidad y vitalidad.<\/p>\n<p>Efectos:<br \/>\n&#8211; Alisa el cabello dej\u00e1ndolo suave y brillante.<br \/>\n&#8211; Facilita el peinado del cabello h\u00famedo y en seco.<br \/>\n&#8211; Ayuda a eliminar el encrespamiento o el frizz.<br \/>\n&#8211; Protege de la rotura de las puntas del cabello.<br \/>\n&#8211; Protege el cabello de las altas temperaturas o factores da\u00f1inos como el secador o el alisado en plancha.<br \/>\n&#8211; Realza el brillo del pelo.<\/p>\n<p>Resultados notables despu\u00e9s de la primera aplicaci\u00f3n.<\/p>\n<p>Contiene emolientes o l\u00edpidos con propiedades nutritivas que crean una capa protectora en la superficie del cabello contrarrestando los efectos negativos del calor, la radiaci\u00f3n y los da\u00f1os mec\u00e1nicos. Adem\u00e1s, protegen contra la p\u00e9rdida de humedad y ayudan a cerrar las cut\u00edculas del cabello.<\/p>\n<p>Ideal para antes del uso del secador o planchas.<\/p>\n<p>Modo de empleo: Aplicar 1-2 gotas de serum en las manos y masajear el cabello h\u00famedo o seco, especialmente las puntas, y peinar. No enjuagar.<\/p>\n","protected":false},"excerpt":{"rendered":"<p>S\u00e9rum antiencrespamiento, suavizante, potenciador del brillo y protector t\u00e9rmico para cabello da\u00f1ado, fr\u00e1gil, te\u00f1ido, seco o de porosidad alta. Tambi\u00e9n<\/p>\n","protected":false},"featured_media":6468,"comment_status":"open","ping_status":"closed","template":"","meta":[],"product_brand":[217],"product_cat":[183],"product_tag":[],"class_list":{"0":"post-6467","1":"product","2":"type-product","3":"status-publish","4":"has-post-thumbnail","6":"product_brand-ziaja","7":"product_cat-cabello","9":"first","10":"instock","11":"purchasable","12":"product-type-simple"},"_links":{"self":[{"href":"https:\/\/maabmakeup.com\/inicio-2\/wp-json\/wp\/v2\/product\/6467","targetHints":{"allow":["GET"]}}],"collection":[{"href":"https:\/\/maabmakeup.com\/inicio-2\/wp-json\/wp\/v2\/product"}],"about":[{"href":"https:\/\/maabmakeup.com\/inicio-2\/wp-json\/wp\/v2\/types\/product"}],"replies":[{"embeddable":true,"href":"https:\/\/maabmakeup.com\/inicio-2\/wp-json\/wp\/v2\/comments?post=6467"}],"wp:featuredmedia":[{"embeddable":true,"href":"https:\/\/maabmakeup.com\/inicio-2\/wp-json\/wp\/v2\/media\/6468"}],"wp:attachment":[{"href":"https:\/\/maabmakeup.com\/inicio-2\/wp-json\/wp\/v2\/media?parent=6467"}],"wp:term":[{"taxonomy":"product_brand","embeddable":true,"href":"https:\/\/maabmakeup.com\/inicio-2\/wp-json\/wp\/v2\/product_brand?post=6467"},{"taxonomy":"product_cat","embeddable":true,"href":"https:\/\/maabmakeup.com\/inicio-2\/wp-json\/wp\/v2\/product_cat?post=6467"},{"taxonomy":"product_tag","embeddable":true,"href":"https:\/\/maabmakeup.com\/inicio-2\/wp-json\/wp\/v2\/product_tag?post=6467"}],"curies":[{"name":"wp","href":"https:\/\/api.w.org\/{rel}","templated":true}]}}