{"id":6469,"date":"2025-04-11T11:18:31","date_gmt":"2025-04-11T09:18:31","guid":{"rendered":"https:\/\/maabmakeup.es\/?post_type=product&#038;p=6469"},"modified":"2025-08-11T10:09:55","modified_gmt":"2025-08-11T08:09:55","slug":"natural-care-crema-facial-de-noche-regeneradora","status":"publish","type":"product","link":"https:\/\/maabmakeup.com\/inicio-2\/tienda\/facial\/natural-care-crema-facial-de-noche-regeneradora\/","title":{"rendered":"NATURAL CARE Crema facial de noche regeneradora"},"content":{"rendered":"<p>La crema facial de noche elaborada con un 99% de ingredientes de origen natural, es rica en nutrientes y su textura no es grasa.<br \/>\nEst\u00e1 recomendada para todo tipo de pieles, principalmente para piel seca, deshidratada, sensible, irritada o madura, a partir de los 12 a\u00f1os.<\/p>\n<p>Nutre la epidermis, fortalece la barrera hidrolip\u00eddica, previene la p\u00e9rdida de humedad y proporciona elasticidad de la piel, mientras alisa la epidermis y reduce signos de fatiga.<br \/>\nCalma eficazmente las irritaciones.<\/p>\n<p>F\u00f3rmula de origen vegetal para un cuidado perfecto con fitoesteroles* y \u00e1cido hialur\u00f3nico.<\/p>\n<p>Modo de empleo: Aplicar la crema sobre la piel limpia y seca mediante suaves toquecitos hasta su total absorci\u00f3n. Evitar el contorno de los ojos.<br \/>\nTambi\u00e9n, se puede utilizar como mascarilla nocturna.<\/p>\n<p>Edad recomendada: +12 a\u00f1os<\/p>\n<p>Apta para veganos.<\/p>\n<p>*Fitoesteroles: obtenidos a partir de aceites vegetales naturales y glic\u00e9ridos de los cuales el aceite de oliva es m\u00e1s significativo. Contienen mol\u00e9culas de esterol activas seleccionadas de forma natural, por ejemplo, sitosterol, campesterol, brassicasterol, tocoferol.<br \/>\nCon actividad antioxidante, aceleran la regeneraci\u00f3n de la epidermis y calmn los da\u00f1os superficiales de la piel, ya que contribuyen a aumentar la bios\u00edntesis del col\u00e1geno, y reducen el funcionamiento de la elastasa (una encima que media la descomposici\u00f3n de la elastina).<\/p>\n","protected":false},"excerpt":{"rendered":"<p>La crema facial de noche elaborada con un 99% de ingredientes de origen natural, es rica en nutrientes y su<\/p>\n","protected":false},"featured_media":6470,"comment_status":"open","ping_status":"closed","template":"","meta":[],"product_brand":[218],"product_cat":[184],"product_tag":[],"class_list":{"0":"post-6469","1":"product","2":"type-product","3":"status-publish","4":"has-post-thumbnail","6":"product_brand-bell","7":"product_cat-facial","9":"first","10":"instock","11":"purchasable","12":"product-type-simple"},"_links":{"self":[{"href":"https:\/\/maabmakeup.com\/inicio-2\/wp-json\/wp\/v2\/product\/6469","targetHints":{"allow":["GET"]}}],"collection":[{"href":"https:\/\/maabmakeup.com\/inicio-2\/wp-json\/wp\/v2\/product"}],"about":[{"href":"https:\/\/maabmakeup.com\/inicio-2\/wp-json\/wp\/v2\/types\/product"}],"replies":[{"embeddable":true,"href":"https:\/\/maabmakeup.com\/inicio-2\/wp-json\/wp\/v2\/comments?post=6469"}],"wp:featuredmedia":[{"embeddable":true,"href":"https:\/\/maabmakeup.com\/inicio-2\/wp-json\/wp\/v2\/media\/6470"}],"wp:attachment":[{"href":"https:\/\/maabmakeup.com\/inicio-2\/wp-json\/wp\/v2\/media?parent=6469"}],"wp:term":[{"taxonomy":"product_brand","embeddable":true,"href":"https:\/\/maabmakeup.com\/inicio-2\/wp-json\/wp\/v2\/product_brand?post=6469"},{"taxonomy":"product_cat","embeddable":true,"href":"https:\/\/maabmakeup.com\/inicio-2\/wp-json\/wp\/v2\/product_cat?post=6469"},{"taxonomy":"product_tag","embeddable":true,"href":"https:\/\/maabmakeup.com\/inicio-2\/wp-json\/wp\/v2\/product_tag?post=6469"}],"curies":[{"name":"wp","href":"https:\/\/api.w.org\/{rel}","templated":true}]}}