{"id":6474,"date":"2025-04-11T11:37:51","date_gmt":"2025-04-11T09:37:51","guid":{"rendered":"https:\/\/maabmakeup.es\/?post_type=product&#038;p=6474"},"modified":"2025-08-11T10:08:51","modified_gmt":"2025-08-11T08:08:51","slug":"acai-serum-expres-antioxidante-y-reafirmante","status":"publish","type":"product","link":"https:\/\/maabmakeup.com\/inicio-2\/tienda\/cabello\/acai-serum-expres-antioxidante-y-reafirmante\/","title":{"rendered":"ACAI S\u00e9rum expr\u00e9s antioxidante y reafirmante"},"content":{"rendered":"<p>S\u00e9rum concentrado que suaviza e hidrata intensamente.<\/p>\n<p>&#8211; Act\u00faa contra el efecto tech neck, es decir ayuda a prevenir y tratar los signos de envejecimiento en el cuello y el escote causados por el uso frecuente de dispositivos tecnol\u00f3gicos.<br \/>\n&#8211; Fortalece la piel y act\u00faa de forma expr\u00e9s.<\/p>\n<p>La baya de a\u00e7a\u00ed nutre la piel, estimula la producci\u00f3n natural de col\u00e1geno, combate los radicales libres, y proporciona una hidrataci\u00f3n intensa. Adem\u00e1s, gracias a su contenido de cobre, esta maravillosa fruta ayuda a mantener la pigmentaci\u00f3n de la piel, logrando un tono uniforme y radiante.<\/p>\n<p>Ingredientes principales: baya de Acai, beta glucano, vitamina E, D-pantenol y \u00e1cido hialur\u00f3nico.<\/p>\n<p>Modo de empleo: Aplicar una peque\u00f1a cantidad de s\u00e9rum uniformemente sobre el rostro, cuello y escote y masajear suavemente.<br \/>\nEvitar el \u00e1rea de los ojos.<br \/>\nRecomendado como prebase de maquillaje.<\/p>\n","protected":false},"excerpt":{"rendered":"<p>S\u00e9rum concentrado que suaviza e hidrata intensamente. &#8211; Act\u00faa contra el efecto tech neck, es decir ayuda a prevenir y<\/p>\n","protected":false},"featured_media":6475,"comment_status":"open","ping_status":"closed","template":"","meta":[],"product_brand":[217],"product_cat":[183],"product_tag":[],"class_list":{"0":"post-6474","1":"product","2":"type-product","3":"status-publish","4":"has-post-thumbnail","6":"product_brand-ziaja","7":"product_cat-cabello","9":"first","10":"instock","11":"purchasable","12":"product-type-simple"},"_links":{"self":[{"href":"https:\/\/maabmakeup.com\/inicio-2\/wp-json\/wp\/v2\/product\/6474","targetHints":{"allow":["GET"]}}],"collection":[{"href":"https:\/\/maabmakeup.com\/inicio-2\/wp-json\/wp\/v2\/product"}],"about":[{"href":"https:\/\/maabmakeup.com\/inicio-2\/wp-json\/wp\/v2\/types\/product"}],"replies":[{"embeddable":true,"href":"https:\/\/maabmakeup.com\/inicio-2\/wp-json\/wp\/v2\/comments?post=6474"}],"wp:featuredmedia":[{"embeddable":true,"href":"https:\/\/maabmakeup.com\/inicio-2\/wp-json\/wp\/v2\/media\/6475"}],"wp:attachment":[{"href":"https:\/\/maabmakeup.com\/inicio-2\/wp-json\/wp\/v2\/media?parent=6474"}],"wp:term":[{"taxonomy":"product_brand","embeddable":true,"href":"https:\/\/maabmakeup.com\/inicio-2\/wp-json\/wp\/v2\/product_brand?post=6474"},{"taxonomy":"product_cat","embeddable":true,"href":"https:\/\/maabmakeup.com\/inicio-2\/wp-json\/wp\/v2\/product_cat?post=6474"},{"taxonomy":"product_tag","embeddable":true,"href":"https:\/\/maabmakeup.com\/inicio-2\/wp-json\/wp\/v2\/product_tag?post=6474"}],"curies":[{"name":"wp","href":"https:\/\/api.w.org\/{rel}","templated":true}]}}