{"id":6480,"date":"2025-04-11T11:49:09","date_gmt":"2025-04-11T09:49:09","guid":{"rendered":"https:\/\/maabmakeup.es\/?post_type=product&#038;p=6480"},"modified":"2025-08-11T10:32:34","modified_gmt":"2025-08-11T08:32:34","slug":"manteca-de-cacao-champu-suavizante-para-cabello-seco-o-danado","status":"publish","type":"product","link":"https:\/\/maabmakeup.com\/inicio-2\/tienda\/cabello\/manteca-de-cacao-champu-suavizante-para-cabello-seco-o-danado\/","title":{"rendered":"MANTECA DE CACAO Champ\u00fa suavizante para cabello seco o da\u00f1ado"},"content":{"rendered":"<p>Champ\u00fa alisador con manteca de cacao para el cabello fino, delicado, seco o cabello de porosidad media.<\/p>\n<p>Limpia con delicadeza el cabello y el cuero cabelludo, hidrata eficazmente y previene la sequedad. Adem\u00e1s, devuelve el brillo y el aspecto sano al cabello.<\/p>\n<p>Ingredientes activos:manteca de cacao, provitamina B5 (d-panthenol)<\/p>\n<p>Producto vegano.<\/p>\n<p>Modo de empleo: Aplicar el champ\u00fa sobre el cabello y masajear hasta crear espuma. Enjuagar con abundante agua. Repetir si es necesario.<\/p>\n","protected":false},"excerpt":{"rendered":"<p>Champ\u00fa alisador con manteca de cacao para el cabello fino, delicado, seco o cabello de porosidad media. Limpia con delicadeza<\/p>\n","protected":false},"featured_media":6481,"comment_status":"open","ping_status":"closed","template":"","meta":[],"product_brand":[217],"product_cat":[183],"product_tag":[],"class_list":{"0":"post-6480","1":"product","2":"type-product","3":"status-publish","4":"has-post-thumbnail","6":"product_brand-ziaja","7":"product_cat-cabello","9":"first","10":"instock","11":"purchasable","12":"product-type-simple"},"_links":{"self":[{"href":"https:\/\/maabmakeup.com\/inicio-2\/wp-json\/wp\/v2\/product\/6480","targetHints":{"allow":["GET"]}}],"collection":[{"href":"https:\/\/maabmakeup.com\/inicio-2\/wp-json\/wp\/v2\/product"}],"about":[{"href":"https:\/\/maabmakeup.com\/inicio-2\/wp-json\/wp\/v2\/types\/product"}],"replies":[{"embeddable":true,"href":"https:\/\/maabmakeup.com\/inicio-2\/wp-json\/wp\/v2\/comments?post=6480"}],"wp:featuredmedia":[{"embeddable":true,"href":"https:\/\/maabmakeup.com\/inicio-2\/wp-json\/wp\/v2\/media\/6481"}],"wp:attachment":[{"href":"https:\/\/maabmakeup.com\/inicio-2\/wp-json\/wp\/v2\/media?parent=6480"}],"wp:term":[{"taxonomy":"product_brand","embeddable":true,"href":"https:\/\/maabmakeup.com\/inicio-2\/wp-json\/wp\/v2\/product_brand?post=6480"},{"taxonomy":"product_cat","embeddable":true,"href":"https:\/\/maabmakeup.com\/inicio-2\/wp-json\/wp\/v2\/product_cat?post=6480"},{"taxonomy":"product_tag","embeddable":true,"href":"https:\/\/maabmakeup.com\/inicio-2\/wp-json\/wp\/v2\/product_tag?post=6480"}],"curies":[{"name":"wp","href":"https:\/\/api.w.org\/{rel}","templated":true}]}}