{"id":6482,"date":"2025-04-11T11:53:35","date_gmt":"2025-04-11T09:53:35","guid":{"rendered":"https:\/\/maabmakeup.es\/?post_type=product&#038;p=6482"},"modified":"2025-08-11T10:32:23","modified_gmt":"2025-08-11T08:32:23","slug":"argan-mascarilla-capilar-concentrada-suavizante-regeneracion-activa-y-proteccion-termica","status":"publish","type":"product","link":"https:\/\/maabmakeup.com\/inicio-2\/tienda\/cabello\/argan-mascarilla-capilar-concentrada-suavizante-regeneracion-activa-y-proteccion-termica\/","title":{"rendered":"ARG\u00c1N Mascarilla capilar concentrada suavizante &#8211; Regeneraci\u00f3n Activa y Protecci\u00f3n T\u00e9rmica"},"content":{"rendered":"<p>Mascarilla capilar para cabello da\u00f1ado, fr\u00e1gil, te\u00f1ido, seco o de porosidad alta.<br \/>\nRegeneraci\u00f3n activa del cabello y protecci\u00f3n t\u00e9rmica.<br \/>\nTambi\u00e9n apta para despu\u00e9s de tratamientos de peluquer\u00eda.<\/p>\n<p>&#8211; Regenera activamente el cabello da\u00f1ado.<br \/>\n&#8211; Protege el cabello contra la sequedad y restaura su aspecto saludable y su suavidad.<br \/>\n&#8211; Resultados notables despu\u00e9s de la primera aplicaci\u00f3n.<\/p>\n<p>Contiene emolientes o l\u00edpidos con propiedades nutritivas que crean una capa protectora en la superficie del cabello contrarrestando los efectos negativos del calor, la radiaci\u00f3n y los da\u00f1os mec\u00e1nicos. Adem\u00e1s, protegen contra la p\u00e9rdida de humedad y ayudan a cerrar las cut\u00edculas del cabello.<\/p>\n<p>Producto capilar enriquecido con los nutritivos aceites de arg\u00e1n y tsubaki, que revitalizan y fortalecen el cabello, proporcionando brillo, suavidad y vitalidad.<\/p>\n","protected":false},"excerpt":{"rendered":"<p>Mascarilla capilar para cabello da\u00f1ado, fr\u00e1gil, te\u00f1ido, seco o de porosidad alta. Regeneraci\u00f3n activa del cabello y protecci\u00f3n t\u00e9rmica. Tambi\u00e9n<\/p>\n","protected":false},"featured_media":6483,"comment_status":"open","ping_status":"closed","template":"","meta":[],"product_brand":[217],"product_cat":[183],"product_tag":[],"class_list":{"0":"post-6482","1":"product","2":"type-product","3":"status-publish","4":"has-post-thumbnail","6":"product_brand-ziaja","7":"product_cat-cabello","9":"first","10":"outofstock","11":"purchasable","12":"product-type-simple"},"_links":{"self":[{"href":"https:\/\/maabmakeup.com\/inicio-2\/wp-json\/wp\/v2\/product\/6482","targetHints":{"allow":["GET"]}}],"collection":[{"href":"https:\/\/maabmakeup.com\/inicio-2\/wp-json\/wp\/v2\/product"}],"about":[{"href":"https:\/\/maabmakeup.com\/inicio-2\/wp-json\/wp\/v2\/types\/product"}],"replies":[{"embeddable":true,"href":"https:\/\/maabmakeup.com\/inicio-2\/wp-json\/wp\/v2\/comments?post=6482"}],"wp:featuredmedia":[{"embeddable":true,"href":"https:\/\/maabmakeup.com\/inicio-2\/wp-json\/wp\/v2\/media\/6483"}],"wp:attachment":[{"href":"https:\/\/maabmakeup.com\/inicio-2\/wp-json\/wp\/v2\/media?parent=6482"}],"wp:term":[{"taxonomy":"product_brand","embeddable":true,"href":"https:\/\/maabmakeup.com\/inicio-2\/wp-json\/wp\/v2\/product_brand?post=6482"},{"taxonomy":"product_cat","embeddable":true,"href":"https:\/\/maabmakeup.com\/inicio-2\/wp-json\/wp\/v2\/product_cat?post=6482"},{"taxonomy":"product_tag","embeddable":true,"href":"https:\/\/maabmakeup.com\/inicio-2\/wp-json\/wp\/v2\/product_tag?post=6482"}],"curies":[{"name":"wp","href":"https:\/\/api.w.org\/{rel}","templated":true}]}}