{"id":6484,"date":"2025-04-11T11:56:42","date_gmt":"2025-04-11T09:56:42","guid":{"rendered":"https:\/\/maabmakeup.es\/?post_type=product&#038;p=6484"},"modified":"2025-08-11T10:32:16","modified_gmt":"2025-08-11T08:32:16","slug":"argan-champu-suavizante-regeneracion-activa-y-proteccion-termica","status":"publish","type":"product","link":"https:\/\/maabmakeup.com\/inicio-2\/tienda\/cabello\/argan-champu-suavizante-regeneracion-activa-y-proteccion-termica\/","title":{"rendered":"ARG\u00c1N Champ\u00fa suavizante &#8211; Regeneraci\u00f3n Activa y Protecci\u00f3n T\u00e9rmica"},"content":{"rendered":"<p>Champ\u00fa suavizante para cabello da\u00f1ado, fr\u00e1gil, te\u00f1ido, seco o de porosidad alta.<br \/>\nRegeneraci\u00f3n activa del cabello y protecci\u00f3n t\u00e9rmica.<br \/>\nTambi\u00e9n apto para despu\u00e9s de tratamientos de peluquer\u00eda.<\/p>\n<p>&#8211; Limpia suavemente el cabello y el cuero cabelludo.<br \/>\n&#8211; Proporciona volumen natural al cabello y facilita el peinado.<br \/>\n&#8211; Resultado suave y liso.<\/p>\n<p>Producto capilar enriquecido con los nutritivos aceites de arg\u00e1n y tsubaki, que revitalizan y fortalecen el cabello, proporcionando brillo, suavidad y vitalidad.<\/p>\n","protected":false},"excerpt":{"rendered":"<p>Champ\u00fa suavizante para cabello da\u00f1ado, fr\u00e1gil, te\u00f1ido, seco o de porosidad alta. Regeneraci\u00f3n activa del cabello y protecci\u00f3n t\u00e9rmica. Tambi\u00e9n<\/p>\n","protected":false},"featured_media":6485,"comment_status":"open","ping_status":"closed","template":"","meta":[],"product_brand":[217],"product_cat":[183],"product_tag":[],"class_list":{"0":"post-6484","1":"product","2":"type-product","3":"status-publish","4":"has-post-thumbnail","6":"product_brand-ziaja","7":"product_cat-cabello","9":"first","10":"outofstock","11":"purchasable","12":"product-type-simple"},"_links":{"self":[{"href":"https:\/\/maabmakeup.com\/inicio-2\/wp-json\/wp\/v2\/product\/6484","targetHints":{"allow":["GET"]}}],"collection":[{"href":"https:\/\/maabmakeup.com\/inicio-2\/wp-json\/wp\/v2\/product"}],"about":[{"href":"https:\/\/maabmakeup.com\/inicio-2\/wp-json\/wp\/v2\/types\/product"}],"replies":[{"embeddable":true,"href":"https:\/\/maabmakeup.com\/inicio-2\/wp-json\/wp\/v2\/comments?post=6484"}],"wp:featuredmedia":[{"embeddable":true,"href":"https:\/\/maabmakeup.com\/inicio-2\/wp-json\/wp\/v2\/media\/6485"}],"wp:attachment":[{"href":"https:\/\/maabmakeup.com\/inicio-2\/wp-json\/wp\/v2\/media?parent=6484"}],"wp:term":[{"taxonomy":"product_brand","embeddable":true,"href":"https:\/\/maabmakeup.com\/inicio-2\/wp-json\/wp\/v2\/product_brand?post=6484"},{"taxonomy":"product_cat","embeddable":true,"href":"https:\/\/maabmakeup.com\/inicio-2\/wp-json\/wp\/v2\/product_cat?post=6484"},{"taxonomy":"product_tag","embeddable":true,"href":"https:\/\/maabmakeup.com\/inicio-2\/wp-json\/wp\/v2\/product_tag?post=6484"}],"curies":[{"name":"wp","href":"https:\/\/api.w.org\/{rel}","templated":true}]}}