{"id":6486,"date":"2025-04-11T11:59:00","date_gmt":"2025-04-11T09:59:00","guid":{"rendered":"https:\/\/maabmakeup.es\/?post_type=product&#038;p=6486"},"modified":"2025-08-11T10:31:56","modified_gmt":"2025-08-11T08:31:56","slug":"argan-acondicionador-bifasico-suavizante-en-spray-regeneracion-activa-y-proteccion-termica","status":"publish","type":"product","link":"https:\/\/maabmakeup.com\/inicio-2\/tienda\/cabello\/argan-acondicionador-bifasico-suavizante-en-spray-regeneracion-activa-y-proteccion-termica\/","title":{"rendered":"ARG\u00c1N Acondicionador bif\u00e1sico suavizante en spray &#8211; Regeneraci\u00f3n Activa y Protecci\u00f3n T\u00e9rmica"},"content":{"rendered":"<p>Spray que hidrata, suaviza y protege el cabello da\u00f1ado, fr\u00e1gil, te\u00f1ido, seco o de porosidad alta.<br \/>\nSus ingredientes activos permiten la regeneraci\u00f3n del cabello y proporcionan protecci\u00f3n t\u00e9rmica.<\/p>\n<p>Efectos:<br \/>\n&#8211; Regenera profundamente, fortalece y protege la estructura del cabello.<br \/>\n&#8211; Proporciona suavidad, brillo y volumen.<br \/>\n&#8211; Facilita el peinado sin apelmazarlo.<\/p>\n<p>F\u00e1cil de aplicar.<\/p>\n<p>Contiene propiedades humectantes e hidratantes que absorben el agua del ambiente, mantienen la humedad deseada del cabello y son muy recomendables cuando hace calor o en d\u00edas secos.<\/p>\n<p>Ingredientes activos:<\/p>\n<p>* Aceite de Arg\u00e1n: aceite dorado, conocido como el \u00abOro de Marruecos\u00bb, extra\u00eddo de las semillas del \u00e1rbol de arg\u00e1n. Sus propiedades \u00f3ptimas permiten hidratar, reconstruir y estimular la estructura del cabello, ya que contienen un 80% de \u00e1cidos grasos insaturados y vitamina E.<\/p>\n<p>* Aceite de Camelia (aceite de Tsubaki): aceite ligero, extra\u00eddo de las semillas de camelia. Contiene \u00e1cido linoleico y oleico. Nutre, proporciona brillo y protege el cabello. Contiene propiedades acondicionadoras.<\/p>\n","protected":false},"excerpt":{"rendered":"<p>Spray que hidrata, suaviza y protege el cabello da\u00f1ado, fr\u00e1gil, te\u00f1ido, seco o de porosidad alta. Sus ingredientes activos permiten<\/p>\n","protected":false},"featured_media":6487,"comment_status":"open","ping_status":"closed","template":"","meta":[],"product_brand":[217],"product_cat":[183],"product_tag":[],"class_list":{"0":"post-6486","1":"product","2":"type-product","3":"status-publish","4":"has-post-thumbnail","6":"product_brand-ziaja","7":"product_cat-cabello","9":"first","10":"instock","11":"purchasable","12":"product-type-simple"},"_links":{"self":[{"href":"https:\/\/maabmakeup.com\/inicio-2\/wp-json\/wp\/v2\/product\/6486","targetHints":{"allow":["GET"]}}],"collection":[{"href":"https:\/\/maabmakeup.com\/inicio-2\/wp-json\/wp\/v2\/product"}],"about":[{"href":"https:\/\/maabmakeup.com\/inicio-2\/wp-json\/wp\/v2\/types\/product"}],"replies":[{"embeddable":true,"href":"https:\/\/maabmakeup.com\/inicio-2\/wp-json\/wp\/v2\/comments?post=6486"}],"wp:featuredmedia":[{"embeddable":true,"href":"https:\/\/maabmakeup.com\/inicio-2\/wp-json\/wp\/v2\/media\/6487"}],"wp:attachment":[{"href":"https:\/\/maabmakeup.com\/inicio-2\/wp-json\/wp\/v2\/media?parent=6486"}],"wp:term":[{"taxonomy":"product_brand","embeddable":true,"href":"https:\/\/maabmakeup.com\/inicio-2\/wp-json\/wp\/v2\/product_brand?post=6486"},{"taxonomy":"product_cat","embeddable":true,"href":"https:\/\/maabmakeup.com\/inicio-2\/wp-json\/wp\/v2\/product_cat?post=6486"},{"taxonomy":"product_tag","embeddable":true,"href":"https:\/\/maabmakeup.com\/inicio-2\/wp-json\/wp\/v2\/product_tag?post=6486"}],"curies":[{"name":"wp","href":"https:\/\/api.w.org\/{rel}","templated":true}]}}